{"id":16,"date":"2016-01-29T21:33:01","date_gmt":"2016-01-29T20:33:01","guid":{"rendered":"http:\/\/habiprot.org.rs\/?page_id=16"},"modified":"2026-02-11T17:26:29","modified_gmt":"2026-02-11T16:26:29","slug":"about","status":"publish","type":"page","link":"https:\/\/habiprot.org.rs\/en\/about\/","title":{"rendered":"On us"},"content":{"rendered":"<p><\/p>\n<p class=\"style14\"><img loading=\"lazy\" class=\"size-full wp-image-400 alignright\" src=\"http:\/\/habiprot.org.rs\/wp-content\/uploads\/2016\/01\/BCE_logo.gif\" alt=\"BCE_logo\" width=\"200\" height=\"104\" \/>HabiProt has been founded in 2005 as association of citizens with goodwill, people who love nature and nature habitats, are willing and determined to work in common interest to preserve nature and natural beauty of Serbia.<\/p>\n<h2 class=\"style14\">The goals of the Association are as follows:<\/h2>\n<ul>\n<li><span class=\"style14\">efforts towards protection and sustainable use of biodiversity of Serbia and Balkan peninsula<\/span><\/li>\n<li><span class=\"style14\">listing of species and habitats in Serbia and Balkan peninsula<\/span><\/li>\n<li><span class=\"style14\">raising awareness of Serbia citizens, especially youngsters, on the need for natural habitats protection as a tool for sustainable development of the society<\/span><\/li>\n<li><span class=\"style14\">efforts towards affirmation and implementation of European and national legislature in the domain of the environment protection<\/span><\/li>\n<\/ul>\n<h2 class=\"style11\">Membership<\/h2>\n<p class=\"style11\"><span class=\"style14\">HabiProt is open to new members.<br \/>\nMembers of the organization can become all the people with goodwill who sincerely accept charter and goals of the NGO and pay annual fee.<br \/>\nAll organization members are equal and has a right to vote and be voted into organization boards.<br \/>\nAnnual fee is 800 dinars.<\/span><\/p>\n<h2 class=\"style11\">Executive Board<\/h2>\n<p class=\"style11\"><span class=\"style14\">Members of the present Executive Board are:<br \/>\nBojana Nada\u017edin (chairman), Milan Djuri\u0107 (deputy), Bo\u017eenka Hric, Ivan Tot and Filip Vukajlovi\u0107.<\/span><\/p>\n<h2 class=\"style11\">Public relations consultant<\/h2>\n<p class=\"style11\"><span class=\"style14\">Srdjan Ga\u017eevi\u0107<\/span><\/p>\n<h2 class=\"style11\">Honorary members &#8211; donors<\/h2>\n<p class=\"style11\"><span class=\"style14\">Elisabeth Portheine [NL]<br \/>\nDejan Vujovi\u0107<\/span><\/p>\n<h2 class=\"style11\">Founders<\/h2>\n<p class=\"style11\"><span class=\"style14\">The organization has been founded on September 15, 2005 in Belgrade by:<br \/>\nProf. Dr. Predrag Jak\u0161i\u0107<br \/>\nProf. Dr. Milka Glavendeki\u0107<br \/>\nSmiljka \u0160kundri\u0107, dipl. mat.<br \/>\nProf. Dr. Milan Jocki\u0107 \u2020<br \/>\nPuni\u0161a Todorovi\u0107, prof. mat.<br \/>\nVojislav \u0160kundri\u0107, dipl. ing.<br \/>\nDu\u0161an Glu\u0161ac, designer<br \/>\nMilan Djuri\u0107, dipl. ing.<br \/>\nDoc Dr. Aleksandar \u0106etkovi\u0107<br \/>\nDr. Branka Miki\u0107<br \/>\nProf. Dr. Dragana Vujanovi\u0107<\/span><\/p>\n<p><\/p>","protected":false},"excerpt":{"rendered":"<p>HabiProt has been founded in 2005 as association of citizens with goodwill, people who love nature and nature habitats, are willing and determined to work in common interest to preserve nature and natural beauty of Serbia. The goals of the&hellip; <\/p>\n","protected":false},"author":4,"featured_media":1804,"parent":0,"menu_order":0,"comment_status":"closed","ping_status":"closed","template":"","meta":[],"yoast_head":"<!-- This site is optimized with the Yoast SEO plugin v15.4 - https:\/\/yoast.com\/wordpress\/plugins\/seo\/ -->\n<title>On us - HabiProt<\/title>\n<meta name=\"description\" content=\"HabiProt je osnovan 2005 godine kao udru\u017eenje gra\u0111ana dobre volje, ljubitelja prirode i prirodnih stani\u0161ta. Zala\u017ee se za o\u010duvanje prirode i prirodnih lepota Srbije.\" \/>\n<meta name=\"robots\" content=\"index, follow, max-snippet:-1, max-image-preview:large, max-video-preview:-1\" \/>\n<link rel=\"canonical\" href=\"https:\/\/habiprot.org.rs\/about\/\" \/>\n<meta property=\"og:locale\" content=\"en_US\" \/>\n<meta property=\"og:type\" content=\"article\" \/>\n<meta property=\"og:title\" content=\"[:rl]O nama[:sr]\u041e \u043d\u0430\u043c\u0430[:en]On us[:] - HabiProt\" \/>\n<meta property=\"og:description\" content=\"HabiProt je osnovan 2005 godine kao udru\u017eenje gra\u0111ana dobre volje, ljubitelja prirode i prirodnih stani\u0161ta. Zala\u017ee se za o\u010duvanje prirode i prirodnih lepota Srbije.\" \/>\n<meta property=\"og:url\" content=\"https:\/\/habiprot.org.rs\/about\/\" \/>\n<meta property=\"og:site_name\" content=\"HabiProt\" \/>\n<meta property=\"article:modified_time\" content=\"2026-02-11T16:26:29+00:00\" \/>\n<meta property=\"og:image\" content=\"https:\/\/habiprot.org.rs\/wp-content\/uploads\/2020\/01\/Webp.net-resizeimage-2-scaled.jpg\" \/>\n\t<meta property=\"og:image:width\" content=\"2560\" \/>\n\t<meta property=\"og:image:height\" content=\"1920\" \/>\n<meta name=\"twitter:card\" content=\"summary\" \/>\n<meta name=\"twitter:label1\" content=\"Written by\">\n\t<meta name=\"twitter:data1\" content=\"\u041c\u0438\u043b\u0430\u043d \u0402\u0443\u0440\u0438\u045b\">\n\t<meta name=\"twitter:label2\" content=\"Est. reading time\">\n\t<meta name=\"twitter:data2\" content=\"2 minutes\">\n<script type=\"application\/ld+json\" class=\"yoast-schema-graph\">{\"@context\":\"https:\/\/schema.org\",\"@graph\":[{\"@type\":\"WebSite\",\"@id\":\"https:\/\/habiprot.org.rs\/#website\",\"url\":\"https:\/\/habiprot.org.rs\/\",\"name\":\"HabiProt\",\"description\":\"NGO for sustainable development and habitat protection in Serbia\",\"potentialAction\":[{\"@type\":\"SearchAction\",\"target\":\"https:\/\/habiprot.org.rs\/?s={search_term_string}\",\"query-input\":\"required name=search_term_string\"}],\"inLanguage\":\"en-US\"},{\"@type\":\"ImageObject\",\"@id\":\"https:\/\/habiprot.org.rs\/about\/#primaryimage\",\"inLanguage\":\"en-US\",\"url\":\"https:\/\/habiprot.org.rs\/wp-content\/uploads\/2020\/01\/Webp.net-resizeimage-2-scaled.jpg\",\"width\":2560,\"height\":1920},{\"@type\":\"WebPage\",\"@id\":\"https:\/\/habiprot.org.rs\/about\/#webpage\",\"url\":\"https:\/\/habiprot.org.rs\/about\/\",\"name\":\"[:rl]O nama[:sr]\\u041e \\u043d\\u0430\\u043c\\u0430[:en]On us[:] - HabiProt\",\"isPartOf\":{\"@id\":\"https:\/\/habiprot.org.rs\/#website\"},\"primaryImageOfPage\":{\"@id\":\"https:\/\/habiprot.org.rs\/about\/#primaryimage\"},\"datePublished\":\"2016-01-29T20:33:01+00:00\",\"dateModified\":\"2026-02-11T16:26:29+00:00\",\"description\":\"HabiProt je osnovan 2005 godine kao udru\\u017eenje gra\\u0111ana dobre volje, ljubitelja prirode i prirodnih stani\\u0161ta. Zala\\u017ee se za o\\u010duvanje prirode i prirodnih lepota Srbije.\",\"inLanguage\":\"en-US\",\"potentialAction\":[{\"@type\":\"ReadAction\",\"target\":[\"https:\/\/habiprot.org.rs\/about\/\"]}]}]}<\/script>\n<!-- \/ Yoast SEO plugin. -->","_links":{"self":[{"href":"https:\/\/habiprot.org.rs\/en\/wp-json\/wp\/v2\/pages\/16"}],"collection":[{"href":"https:\/\/habiprot.org.rs\/en\/wp-json\/wp\/v2\/pages"}],"about":[{"href":"https:\/\/habiprot.org.rs\/en\/wp-json\/wp\/v2\/types\/page"}],"author":[{"embeddable":true,"href":"https:\/\/habiprot.org.rs\/en\/wp-json\/wp\/v2\/users\/4"}],"replies":[{"embeddable":true,"href":"https:\/\/habiprot.org.rs\/en\/wp-json\/wp\/v2\/comments?post=16"}],"version-history":[{"count":55,"href":"https:\/\/habiprot.org.rs\/en\/wp-json\/wp\/v2\/pages\/16\/revisions"}],"predecessor-version":[{"id":3479,"href":"https:\/\/habiprot.org.rs\/en\/wp-json\/wp\/v2\/pages\/16\/revisions\/3479"}],"wp:featuredmedia":[{"embeddable":true,"href":"https:\/\/habiprot.org.rs\/en\/wp-json\/wp\/v2\/media\/1804"}],"wp:attachment":[{"href":"https:\/\/habiprot.org.rs\/en\/wp-json\/wp\/v2\/media?parent=16"}],"curies":[{"name":"wp","href":"https:\/\/api.w.org\/{rel}","templated":true}]}}