{"id":2533,"date":"2022-01-04T07:49:10","date_gmt":"2022-01-04T06:49:10","guid":{"rendered":"https:\/\/habiprot.org.rs\/?page_id=2533"},"modified":"2022-01-18T16:44:18","modified_gmt":"2022-01-18T15:44:18","slug":"dvajgand","status":"publish","type":"page","link":"https:\/\/habiprot.org.rs\/en\/dvajgand\/","title":{"rendered":"DVajgand"},"content":{"rendered":"<p style=\"background-color: #0d6c3c; color: #fff;\"><img src=\"https:\/\/habiprot.org.rs\/wp-content\/uploads\/2022\/01\/DVajgand.jpg\" alt=\"Dragan Vajgand\" class=\"avatar avatar-thumbnail wp-user-avatar wp-user-avatar-thumbnail alignleft photo\" \/><br \/>\n<b><i>Dr Dragan Vajgand<\/i><\/b><\/p>\n<p><em>\u2013 \u0160teto\u010dine u poljoprivredi<\/em><\/p>\n<p>e-adresa: <a href=\"mailto:vajgandd@sbb.rs\">vajgandd@sbb.rs, <\/a><a href=\"https:\/\/www.researchgate.net\/profile\/Dragan_Vajgand\" target=\"_blank\" rel=\"noopener noreferrer\">ResearchGate profil<\/a><\/p>\n<ol>\n<li>Vajgand E., <strong>Vajgand D.<\/strong> 1986: Lepidoptera in Sombor and its surroundings, proceedings Zagreb, p. 153-156 [in Serbian]<\/li>\n<li><strong>Vajgand D.<\/strong> 1988: Owlet moth family (Noctuidae) in the region of Sombor with reference to flight time and environmental factor, proceedings Zagreb, p. 98-100 [in Serbian]<\/li>\n<li><strong>Vajgand D.<\/strong> 1991: Moths of Petnica, Petnicke sveske 30-34 [in Serbian]<\/li>\n<li>Sekuli\u0107 R., Kere\u0161i T., <strong>Vajgand D.<\/strong> 1995: Mass occurence of cotton moth (Helicoverpa armigera) in Vojvodina, <em>Biljni lekar<\/em> XXVI(4), p. 392-396 [in Serbian]<\/li>\n<li><strong>Vajgand D.<\/strong> 1995: Contribution to the study of the Lepidoptera fauna of Serbia, unregistered moth species in the Fauna of Serbia, <em>Matica srpska<\/em> 89, p. 29-36 [in Serbian]<\/li>\n<li><strong>Vajgand D.<\/strong> 1995: Condition exploration of moth fauna of the Sombor surroundings, proceedings Palic, pp. 11 [in Serbian]<\/li>\n<li><strong>Vajgand D.<\/strong> 1995: New species in fauna of Lepidoptera of Serbia, proceedings Novi Sad, pp. 16 [in Serbian]<\/li>\n<li><strong>Vajgand D.<\/strong> 1995: Contribution to the moth fauna of Sombor surroundings \u2013 Bombyces and Sphingides, proceedings Novi Sad, pp. 17 [in Serbian]<\/li>\n<li>Indi\u0107 D., Klokocar-Smit Z., Sekuli\u0107 R., Damnjanovi\u0107 V., Kere\u0161i T., Stanojevi\u0107 D., <strong>Vajgand D.<\/strong>, Farka\u0161 F. 1995: Differences in <em>Bothinoderes punctiventris<\/em> germ sensitivity to insecticides, proceedings Vrnjacka Banja, pp. 91 [in Serbian]<\/li>\n<li>Sekuli\u0107 R., Ba\u010da F., Kere\u0161i T., Koji\u0107 Z., \u0160trbac P., Kaitovi\u0107 \u017d., <strong>Vajgand D.<\/strong> 1996: Mass occurence of European corn borer (<em>Ostrinia nubilalis<\/em>) and cotton moth (<em>Helicoverpa armigera<\/em>) and possibilities for their suppression, proceedings Novi Sad, p. 5-7 [in Serbian]<\/li>\n<li><strong>Vajgand D.<\/strong> 1996: Owlet moths (Noctuidae, Lepidoptera) during 1992-1994 period in the area of Sombor, proceedins Budva, p. 32-33 [in Serbian]<\/li>\n<li>Sekuli\u0107 R., Kere\u0161i T., Koji\u0107 Z., <strong>Vajgand D.<\/strong> 1996: The appearance of cotton moth (<em>Helicoverpa armigera<\/em>) in Vojvodina, proceedings Subotica, p. 35-39 [in Serbian]<\/li>\n<li><strong>Vajgand D.<\/strong> 1998: The appearance dynamics of <em>Helicoverpa armigera<\/em> in Sombor area 1994-1997, <em>Biljni lekar<\/em> XXVI(3), p. 220-222 [in Serbian]<\/li>\n<li><strong>Vajgand D.<\/strong> 1999: Level of knowledge on moths of Sombor until 1999 , proceedings Goc, pp. 29 [in Serbian]<\/li>\n<li><strong>Vajgand D.<\/strong> 1999: <em>Hyphantria cunea<\/em> numerousness 1980-1999, forecast for Sombor and comparison to Novi Sad, proceedings Zlatibor, pp. 101 [in Serbian]<\/li>\n<li><strong>Vajgand D.<\/strong> 2000: Effect of weather changes on <em>Helicoverpa armigera<\/em> in Sombor, proceedings Skopje, p. 51-60 [in Macedonian]<\/li>\n<li><strong>Vajgand D.<\/strong> 2000: Noctuidae of Sombor and analysis of appearance dynamics of the most common species, Master thesis, pp. 125 [in Serbian]<\/li>\n<li><strong>Vajgand D.<\/strong> 2001: Moths of Sombor 1999-2000, proceedings Goc, pp. 27 [in Serbian]<\/li>\n<li>Zecevi\u0107 M., <strong>Vajgand D.<\/strong> 2001: Dr Mihajlo Gradojevi\u0107\u2019s data on Lepidoptera of Serbia and Macedonia, <em>Matica srpska<\/em> 11, p. 34-78 [in Serbian]<\/li>\n<li><strong>Vajgand D.<\/strong> 2003: Data on moths of Sombor 2001-2002, proceedings Ivanjica, pp. 59 [in Serbian]<\/li>\n<li>Injac M., Krnjajic S., Forgic G., Radonjic K., <strong>Vajgand D.<\/strong>, Glava\u0161ki B. 2003: Current appearance of <em>Helicoverpa armigera<\/em> moths (Noctuidae, Lepidoptera) during 1992-1994 period in the area of Sombor, Chemical Agrosava, pp. 30 [in Serbian]<\/li>\n<li>Sekuli\u0107 R., Ma\u0161irevi\u0107 S., Kere\u0161i T., Forgi\u0107 G., <strong>Vajgand D.<\/strong>, Kne\u017eevi\u0107 P. 2003: Mass appearance of <em>Helicoverpa armigera<\/em> in Vojvodina in 2003, proceedings Zlatibor, p. 15-16 [in Serbian]<\/li>\n<li><strong>Vajgand D.<\/strong>, Forgi\u0107 G., To\u0161ev M. 2003: The appearance of <em>Helicoverpa armigera<\/em> in Sombor area 1994-2003, proceedings Zlatibor, pp. 54 [in Serbian]<\/li>\n<li><strong>Vajgand D.<\/strong>, Vajgand Lj., Vajgand K. 2003: <em>Iris spuria<\/em> (Iridaceae) at two new localities in the Vojvodina Province, <em>Matica srpska<\/em> 104, p. 83-89 [in Serbian]<\/li>\n<li>Farka\u0161 F., <strong>Vajgand D.<\/strong> 2004: Warning system for pests and diseases, <em>Agronomska revija<\/em> 1(1\/3), p. 30-31 [in Serbian]<\/li>\n<li>Sekuli\u0107 R., Kere\u0161i T., Ma\u0161irevi\u0107 S., <strong>Vajgand D.<\/strong>, Forgi\u0107 G., Radoj\u010dic S. 2004: Appearance and damages of <em>Helicoverpa armigera<\/em> in Vojvodina in 2003, proceedings Novi Sad, p. 189-202 [in Serbian]<\/li>\n<li><strong>Vajgand D.<\/strong>, Forgi\u0107 G., To\u0161ev M. 2004: <em>Spodoptera exigua<\/em> (Noctuidae) in Sombor area, <em>Biljni lekar<\/em> XXXII(1), p. 27-31 [in Serbian]<\/li>\n<li><strong>Vajgand D.<\/strong>, Forgi\u0107 G., To\u0161ev M. 2004: The appearance of <em>Helicoverpa armigera<\/em> in Sombor area 1994-2003, <em>Biljni lekar<\/em> XXXII(5), p. 355-358 [in Serbian]<\/li>\n<li>Injac M., <strong>Vajgand D.<\/strong>, Krnjaji\u0107 S. 2004: Biological restraining of <em>Helicoverpa armigera<\/em> on vegetables, <em>Povrtarski glasnik<\/em> III(2), p. 59-61 [in Serbian]<\/li>\n<li><strong>Vajgand D.<\/strong> 2004: <em>Helicoverpa armigera<\/em>, <em>Savremeni povrtar<\/em> III(10), p. 40-41<\/li>\n<li>Sekuli\u0107 R., Kere\u0161i T., Ma\u0161irevi\u0107 S., <strong>Vajgand D.<\/strong>, Forgi\u0107 G., Radoj\u010di\u0107 S. 2004: Damage by <em>Helicoverpa armigera<\/em> in Vojvodina in 2003, <em>Biljni lekar<\/em> XXXII(2), p. 113-124 [in Serbian]<\/li>\n<li>Kere\u0161i T., Camprag D., Sekuli\u0107 R., <strong>Vajgand D.<\/strong>, Forgi\u0107 G., Radoni\u0107 K. 2004: Causes of increase of <em>Helicoverpa armigera<\/em> in Vojvodina in 2003, proceedings Zlatibor, p. 20-23 [in Serbian]<\/li>\n<li><strong>Vajgand D.<\/strong>, Markovi\u0107 \u017d., Glava\u0161ki B. 2004: Hemigation \u2013 application of Avaunt\u00ae 15SC in irrigation, proceedings Zlatibor, p. 418-419 [in Serbian]<\/li>\n<li><strong>Vajgand D.<\/strong>, Forgi\u0107 G., To\u0161ev M., Radin \u017d. 2005: The appearance dynamics of economically important moth species in Sombor area in 2004 and forecast for 2005, <em>Biljni lekar<\/em> XXXIII(4), p. 412-418 [in Serbian]<\/li>\n<li>Stojanovi\u0107 D., <strong>Vajgand D.<\/strong> 2005: Species of genus <em>Abrostola<\/em> (Lepidoptera: Noctuidae) recorded in Serbia and Montenegro, proceedings Bajina Ba\u0161ta, pp. 58 [in Serbian]<\/li>\n<li><strong>Vajgand D.<\/strong> 2005: Tyvek wear for occupational protection, proceedings Sokobanja, p. 65-66 [in Serbian]<\/li>\n<li><strong>Vajgand D.<\/strong>, Radin \u017d., Forgi\u0107 G., To\u0161ev M. 2005: The appearance dynamics of <em>Ostrinia nubilalis<\/em> in Sombor area 1989-2005, proceedings Sokobanja, p. 149-150 [in Serbian]<\/li>\n<li><strong>Vajgand D.<\/strong>, Petrovi\u0107 N. 2006: Tyvek material in occupational protection, <em>Biljni lekar<\/em> XXXIV(1), p. 55-57 [in Serbian]<\/li>\n<li>Injac M., 39. Stojanovi\u0107 D., Poljakovi\u0107-Pajnik L., Dreki\u0107 M., <strong>Vajgand D.<\/strong> 2006: New findings of <em>Lycia zonaria<\/em> in Serbia, proceedings Kotor, p. 45-46 [in Serbian]<\/li>\n<li><strong>Vajgand D.<\/strong>, Radin \u017d., Forgi\u0107 G. 2006: The appearance dynamics of <em>Mamestra brassicae<\/em> in Sombor area 1980-2006, proceedings Zlatibor, p. 81-82 [in Serbian]<\/li>\n<li><strong>Vajgand D.<\/strong> 2007: The appearance of <em>Helicoverpa armigera<\/em> in Sombor area in 2007, proceedings Zlatibor, p. 105-106 [in Serbian]<\/li>\n<li><strong>Vajgand D.<\/strong> 2007: The moth appearance dynamics in Sombor area in 2007, proceedings Zlatibor, p. 106-107 [in Serbian]<\/li>\n<li><strong>Vajgand D.<\/strong>, Injac M., Forgi\u0107 G., Bursa\u0107 P. 2007: The appearance of <em>Helicoverpa armigera<\/em> in vegetables in 2007 and its control, <em>Savremeni povrtar<\/em> VI(24), p. 32-36 [in Serbian]<\/li>\n<li>Stojanovi\u0107 D., <strong>Vajgand D.<\/strong> 2007: Species of genus <em>Abrostola<\/em> (Lepidoptera: Noctuidae) recorded in Serbia and Montenegro, <em>Acta entomologica serbica<\/em> 12(1), p. 17-30<\/li>\n<li>Stojanovi\u0107 D., <strong>Vajgand D.<\/strong>, Radin \u017d., Forgi\u0107 G., To\u0161ev M. 2008: The appearance dynamics of economically important moth species in Sombor area 2005-2006, <em>Biljni lekar<\/em> XXXVI(1), p. 18-29 [in Serbian]<\/li>\n<li><strong>Vajgand D.<\/strong> 2008: The appearance dynamics of economically important moth species in Sombor area in 2007 and forecast for 2008, <em>Biljni lekar<\/em> XXXVI(2), p. 121-131 [in Serbian]<\/li>\n<li><strong>Vajgand D.<\/strong> 2008: The moth appearance dynamics in Sombor area in 2008, proceedings Zlatibor, p. 40-41 [in Serbian]<\/li>\n<li><strong>Vajgand D.<\/strong>, Petrina R., Farka\u0161 F. 2008: Suppression of <em>Cacopsylla pyri<\/em> in Backa 2007-2008, proceedings Zlatibor, pp. 129 [in Serbian]<\/li>\n<li><strong>Vajgand D.<\/strong>, Gavrilovi\u0107 Z., Jovanovi\u0107-Onc E. 2009: Mass appearance of <em>Helicoverpa armigera<\/em> in 2009 and pest control, proceedings Beograd, p. 85-91 [in Serbian]<\/li>\n<li><strong>Vajgand D.<\/strong> 2009: The appearance dynamics of economically important moth species in Sombor area in 2008 and forecast for 2009, <em>Biljni lekar<\/em> XXXVII(1), p. 10-22 [in Serbian]<\/li>\n<li><strong>Vajgand D.<\/strong> 2009: Research data on moths of Backa region 2003-2008, proceedings Sokobanja, pp. 50 [in Serbian]<\/li>\n<li><strong>Vajgand D.<\/strong> 2009: Invasive Geometrid species in Sombor, proceedings Zlatibor, p. 106 [in Serbian]<\/li>\n<li><strong>Vajgand D.<\/strong> 2009: The appearance dynamics of economically important moth species in Sombor area in 2009 and forecast for 2010, <em>Acta entomologica serbica <\/em>14(2), p. 175-184<\/li>\n<li>Stojanovi\u0107 D., <strong>Vajgand D.<\/strong>, \u00d0elmi\u0161 A. 2010: Website www.agroupozorenje.rs, a tool to optimize fungicide and insecticide usage in plant production, <em>Za\u0161tita bilja<\/em> 61: p. 53-54 [in Serbian]<\/li>\n<li><strong>Vajgand D.<\/strong> 2010: Handbook about Noctuidae in a light trap, Garden print, p. 180 [in Serbian]<\/li>\n<li><strong>Vajgand D.<\/strong> 2010: The moth appearance dynamics at light trap in Sombor 2010, proceedings Zlatibor, pp. 130 [in Serbian]<\/li>\n<li><strong>Vajgand D.<\/strong> 2010: Forecast parameters for economically important moth species in Celarevo, proceedings Zlatibor, pp. 130 [in Serbian]<\/li>\n<li><strong>Vajgand D.<\/strong> 2010: The appearance dynamics of economically important moth species in Sombor area in 2010 and forecast for 2011, <em>Acta entomologica serbica <\/em>15(2), p. 205-219<\/li>\n<li><strong>Vajgand D.<\/strong> 2010: Data on occurrence of economically significant moths for the locality Celarevo, <em>Biljni lekar<\/em> XXXVIII(6), p. 464-474 [in Serbian]<\/li>\n<li><strong>Vajgand D.<\/strong> 2011: Family Cossidae (Lepidoptera) in Sombor and forecast elements, proceedings Beograd 17(1-2), p. 149-155 [in Serbian]<\/li>\n<li>Lu\u010di\u0107 D., Kotar F., Masten Z., Lovrek Z., <strong>Vajgand D.<\/strong>, Farka\u0161 F. 2011: Towards more efficient fruit production through contemorary information technology, proceedings Ilok, p. 70-71 [in Croatian]<\/li>\n<li><strong>Vajgand D.<\/strong> 2012: The appearance of potentially economically important moth species in Ba\u010dka and Srem in 2011 and forecast for 2012, <em>Biljni lekar<\/em> XL(1), p. 6-21 [in Serbian]<\/li>\n<li><strong>Vajgand D.<\/strong> 2012: Noctuidae in Vojvodina and parameters for numerousness forecast, Ph. D. thesis, pp. 318<\/li>\n<li>Jevti\u0107 R., Ma\u0161irevi\u0107 S., <strong>Vajgand D.<\/strong> 2012: The Impact of Climate Change on Diseases and Pests of Small Grains and Sunflowers in the Vojvodina Region (Serbia), Nova Science Publishers Incorporated<\/li>\n<li><strong>Vajgand D.<\/strong> 2012:The analysis of economically important moth species at light trap in Sombor 2012, proceedings Zlatibor, p. 37-38 [in Serbian]<\/li>\n<li><strong>Vajgand D.<\/strong> 2012: The appearance dynamics of Loxostege sticticalis at light trap in Sombor 1994-2010, proceedings Zlatibor, p. 49-50 [in Serbian]<\/li>\n<li><strong>Vajgand D.<\/strong> 2012: Crop rotation as a way to solve weed problem with sugarbeet, proceedings Zlatibor, p. 172-173 [in Serbian]<\/li>\n<li><strong>Vajgand D.<\/strong> 2013: <em>Ostrinia nubilalis<\/em>, <em>Agronomska revija<\/em> 4(13), p. 22-23 [in Serbian]<\/li>\n<li><strong>Vajgand D.<\/strong>, Rai\u0107 N. 2013: Pojava \u0161tetnih no\u0107nih leptira u Somboru tokom 2013. godine i prognoza za 2014. godinu. XX Savetovanje o za\u0161titi bilja Zlatibor 25-29. novembar, Zbornik rezimea 80pp<\/li>\n<li><strong>Vajgand D.<\/strong> 2013: Pojava \u0161tetnih leptira u Ba\u010dkoj i Sremu tokom 2013. i prognoza za 2014. godinu. <em>Biljni lekar<\/em> 42(1): 23-37.<\/li>\n<li>Kere\u0161i T, <strong>Vajgand D.<\/strong>, Milovac \u017d. 2014: Va\u017enije \u0161teto\u010dine kukuruza iz reda Lepidoptera. <em>Biljni lekar<\/em> 42(2-3): 184-199.<\/li>\n<li>Injac M, Jovanovi\u0107 G, Farka\u0161 F, <strong>Vajgand D.<\/strong> 2014: Pojava i suzbijanje plamenja\u010de krompira (<em>Phytophtora infestans<\/em> (Mont) de Bary) u Srbiji 2013-2014 godine. Zbornik radova XV savetovanje &#8220;Savremena proizvodnja povr\u0107a&#8221; 6. decembar 2014. XIII(52): 28-36.<\/li>\n<li><strong>Vajgand D.<\/strong> 2014: Pojava pegavosti li\u0161\u0107a \u0161e\u0107erne repe u 2014. godini. <em>Biljni lekar<\/em> 42(5): 357-364.<\/li>\n<li><strong>Vajgand D.<\/strong>, Mici\u0107 N, Purger D. 2014: <em>Euphorbia davidii<\/em> &#8211; an invasive weed species in the fields of Serbia. <em>Matica Srpska Journal for Natural Sciences.<\/em> 127: 57-64.<\/li>\n<li>Purger D, <strong>Vajgand D.<\/strong>, Mici\u0107 N, Vajgand K. 2015: <em>Euphorbia davidii<\/em> &#8211; Subils (Euphorbiaceae), a new alien species in the flora of Serbia. <em>Botanica Serbica <\/em> 39(1): 49-52.<\/li>\n<li><strong>Vajgand D.<\/strong> 2015: Herbicidi i rezistentnost (otpornost) korova. <em>Agronomska revija<\/em> 1-2: 66-68.<\/li>\n<li><strong>Vajgand D.<\/strong> 2015: Prilog poznavanju no\u0107nih leptira (Lepidoptera) \u010celareva (Vojvodina, Srbija). X Simpozijum entomologa Srbije Kladovo. Rezimei, pp. 9.<\/li>\n<li><strong>Vajgand D.<\/strong> 2015: Pojava pegavosti \u0161e\u0107erne repe (<em>Cercospora beticola<\/em>) tokom 2015. godine u Vojvodini. XIII savetovanje o za\u0161titi bilja Zlatibor. pp 19.<\/li>\n<li>Milovac \u017d, <strong>Vajgand D<\/strong>, Franeta F. 2015: Masovna pojava <em>Heliothis peltigera<\/em> tokom 2015. godine &#8211; slu\u010dajna pojava ili potencijalna opasnost. XIII savetovanje o za\u0161titi bilja. pp 23.<\/li>\n<li>Vidovi\u0107 B, <strong>Vajgand D<\/strong>, Marinkovi\u0107 S, Petanovi\u0107 R. 2015: Masovna pojava <em>Heliothis peltigera<\/em> tokom 2015. godine &#8211; slu\u010dajna pojava ili potencijalna opasnost. XIII savetovanje o za\u0161titi bilja. pp 23.<\/li>\n<p>&#8230;<br \/>\nPotpun spisak \/ Full list available <a href=\"https:\/\/agroprotekt.leptiri.co.rs\/bibliografija.htm\" target=\"_blank\" rel=\"noopener noreferrer\">here<\/a><\/p>\n<\/ol>\n","protected":false},"excerpt":{"rendered":"<p>Dr Dragan Vajgand \u2013 \u0160teto\u010dine u poljoprivredi e-adresa: vajgandd@sbb.rs, ResearchGate profil Vajgand E., Vajgand D. 1986: Lepidoptera in Sombor and its surroundings, proceedings Zagreb, p. 153-156 [in Serbian] Vajgand D. 1988: Owlet moth family (Noctuidae) in the region of Sombor&hellip; <\/p>\n","protected":false},"author":4,"featured_media":0,"parent":0,"menu_order":0,"comment_status":"closed","ping_status":"closed","template":"","meta":[],"yoast_head":"<!-- This site is optimized with the Yoast SEO plugin v15.4 - https:\/\/yoast.com\/wordpress\/plugins\/seo\/ -->\n<title>DVajgand - HabiProt<\/title>\n<meta name=\"robots\" content=\"index, follow, max-snippet:-1, max-image-preview:large, max-video-preview:-1\" \/>\n<link rel=\"canonical\" href=\"https:\/\/habiprot.org.rs\/dvajgand\/\" \/>\n<meta property=\"og:locale\" content=\"en_US\" \/>\n<meta property=\"og:type\" content=\"article\" \/>\n<meta property=\"og:title\" content=\"DVajgand - HabiProt\" \/>\n<meta property=\"og:description\" content=\"Dr Dragan Vajgand \u2013 \u0160teto\u010dine u poljoprivredi e-adresa: vajgandd@sbb.rs, ResearchGate profil Vajgand E., Vajgand D. 1986: Lepidoptera in Sombor and its surroundings, proceedings Zagreb, p. 153-156 [in Serbian] Vajgand D. 1988: Owlet moth family (Noctuidae) in the region of Sombor&hellip;\" \/>\n<meta property=\"og:url\" content=\"https:\/\/habiprot.org.rs\/dvajgand\/\" \/>\n<meta property=\"og:site_name\" content=\"HabiProt\" \/>\n<meta property=\"article:modified_time\" content=\"2022-01-18T15:44:18+00:00\" \/>\n<meta name=\"twitter:card\" content=\"summary\" \/>\n<meta name=\"twitter:label1\" content=\"Written by\">\n\t<meta name=\"twitter:data1\" content=\"\u041c\u0438\u043b\u0430\u043d \u0402\u0443\u0440\u0438\u045b\">\n\t<meta name=\"twitter:label2\" content=\"Est. reading time\">\n\t<meta name=\"twitter:data2\" content=\"7 minutes\">\n<script type=\"application\/ld+json\" class=\"yoast-schema-graph\">{\"@context\":\"https:\/\/schema.org\",\"@graph\":[{\"@type\":\"WebSite\",\"@id\":\"https:\/\/habiprot.org.rs\/#website\",\"url\":\"https:\/\/habiprot.org.rs\/\",\"name\":\"HabiProt\",\"description\":\"NGO for sustainable development and habitat protection in Serbia\",\"potentialAction\":[{\"@type\":\"SearchAction\",\"target\":\"https:\/\/habiprot.org.rs\/?s={search_term_string}\",\"query-input\":\"required name=search_term_string\"}],\"inLanguage\":\"en-US\"},{\"@type\":\"WebPage\",\"@id\":\"https:\/\/habiprot.org.rs\/dvajgand\/#webpage\",\"url\":\"https:\/\/habiprot.org.rs\/dvajgand\/\",\"name\":\"DVajgand - HabiProt\",\"isPartOf\":{\"@id\":\"https:\/\/habiprot.org.rs\/#website\"},\"datePublished\":\"2022-01-04T06:49:10+00:00\",\"dateModified\":\"2022-01-18T15:44:18+00:00\",\"inLanguage\":\"en-US\",\"potentialAction\":[{\"@type\":\"ReadAction\",\"target\":[\"https:\/\/habiprot.org.rs\/dvajgand\/\"]}]}]}<\/script>\n<!-- \/ Yoast SEO plugin. -->","_links":{"self":[{"href":"https:\/\/habiprot.org.rs\/en\/wp-json\/wp\/v2\/pages\/2533"}],"collection":[{"href":"https:\/\/habiprot.org.rs\/en\/wp-json\/wp\/v2\/pages"}],"about":[{"href":"https:\/\/habiprot.org.rs\/en\/wp-json\/wp\/v2\/types\/page"}],"author":[{"embeddable":true,"href":"https:\/\/habiprot.org.rs\/en\/wp-json\/wp\/v2\/users\/4"}],"replies":[{"embeddable":true,"href":"https:\/\/habiprot.org.rs\/en\/wp-json\/wp\/v2\/comments?post=2533"}],"version-history":[{"count":3,"href":"https:\/\/habiprot.org.rs\/en\/wp-json\/wp\/v2\/pages\/2533\/revisions"}],"predecessor-version":[{"id":2819,"href":"https:\/\/habiprot.org.rs\/en\/wp-json\/wp\/v2\/pages\/2533\/revisions\/2819"}],"wp:attachment":[{"href":"https:\/\/habiprot.org.rs\/en\/wp-json\/wp\/v2\/media?parent=2533"}],"curies":[{"name":"wp","href":"https:\/\/api.w.org\/{rel}","templated":true}]}}