{"id":2556,"date":"2022-01-04T08:37:25","date_gmt":"2022-01-04T07:37:25","guid":{"rendered":"https:\/\/habiprot.org.rs\/?page_id=2556"},"modified":"2022-10-01T17:33:28","modified_gmt":"2022-10-01T15:33:28","slug":"fvukajlovic","status":"publish","type":"page","link":"https:\/\/habiprot.org.rs\/en\/fvukajlovic\/","title":{"rendered":"FVukajlovi\u0107"},"content":{"rendered":"<p><\/p>\n<p style=\"background-color: #0d6c3c; color: #fff;\"><img src=\"https:\/\/habiprot.org.rs\/wp-content\/uploads\/2019\/09\/Filip-150x150.jpg\" alt=\"Filip Vukajlovi\u0107\" class=\"avatar avatar-thumbnail wp-user-avatar wp-user-avatar-thumbnail alignleft photo\" \/><br \/>\n<b><i>Dr Filip Vukajlovi\u0107<\/i><\/b><\/p>\n<p><em>\u2013 Stri\u017eibube, skladi\u0161ne \u0161teto\u010dine<\/em><br \/>\ne-adresa: <a href=\"mailto:filip.vukajlovic@pmf.kg.ac.rs \">filip.vukajlovic@pmf.kg.ac.rs, <\/a><a href=\"https:\/\/www.researchgate.net\/profile\/Filip_Vukajlovic2\" target=\"_blank\" rel=\"noopener noreferrer\">ResearchGate profil<\/a><\/p>\n<ol>\n<li><b>Vukajlovi\u0107 F.<\/b>, Tot I., \u0110uri\u0107 M., Ili\u0107 N. 2019: Stri\u017eibube (Coleoptera: Cerambycidae) Predela izuzetnih odlika &#8220;Ov\u010darsko-kablarska klisura&#8221; (Zapadna Srbija). <em>Rezimei XII Simpozijuma entomologa Srbije sa me\u0111unarodnim u\u010de\u0161\u0107em<\/em>. Univerzitet u Ni\u0161u, Ni\u0161, Srbija, 25-29. septembar 2019, p. 58-59.<\/li>\n<li><b>Vukajlovi\u0107 F.<\/b>, Tot I., Ili\u0107 N. 2019: Kriti\u010dki osvrt na predlo\u017eenu listu vrsta stri\u017eibuba (Coleoptera: Cerambycidae) od zna\u010daja za za\u0161titu u Republici Srbiji. <em>Rezimei XII Simpozijuma entomologa Srbije sa me\u0111unarodnim u\u010de\u0161\u0107em<\/em>. Univerzitet u Ni\u0161u, Ni\u0161, Srbija, 25-29. septembar 2019, p. 58.<\/li>\n<li><b>Vukajlovi\u0107 F.<\/b>, Tot I., Nada\u017edin B., Ili\u0107 N. 2019: Novi nalazi stri\u017eibube <em>Deilus fugax<\/em> (Coleoptera: Cerambycidae) u Srbiji. <em>Rezimei XII Simpozijuma entomologa Srbije sa me\u0111unarodnim u\u010de\u0161\u0107em<\/em>. Univerzitet u Ni\u0161u, Ni\u0161, Srbija, 25-29. septembar 2019, p. 57.<\/li>\n<li>Peri\u0161i\u0107 V., Peri\u0161i\u0107 V., <b>Vukajlovi\u0107 F.<\/b>, Predojevi\u0107 D., Pe\u0161i\u0107 S. 2019: Efikasnost diatomejske zemlje poreklom iz Srbije u suzbijanju <em>Rhyzopertha dominica<\/em> (Fabricius 1792) (Coleoptera: Bostrichidae) na p\u0161enici. <em>Rezimei XII Simpozijuma entomologa Srbije sa me\u0111unarodnim u\u010de\u0161\u0107em<\/em>. Univerzitet u Ni\u0161u, Ni\u0161, Srbija, 25-29. septembar 2019, p. 34.<\/li>\n<li>Predojevi\u0107 D., <b>Vukajlovi\u0107 F.<\/b>, Pe\u0161i\u0107 S. 2019: Repelentni i atraktantni potencijal praha gajenog ruzmarina (Lamiaceae: <em>Rosmarinus officinalis<\/em> L.) u odnosu na <em>Rhyzopertha dominica<\/em> F. i <em>Sitophilus oryzae<\/em> L. <em>Rezimei XII Simpozijuma entomologa Srbije sa me\u0111unarodnim u\u010de\u0161\u0107em<\/em>. Univerzitet u Ni\u0161u, Ni\u0161, Srbija, 25-29. septembar 2019, p. 35-36.<\/li>\n<li><b>Vukajlovi\u0107 F.<\/b>, Tot I. 2019: Ov\u010darsko-kablarska klisura \u2013 najju\u017enija granica areala vrste <em>Oberea moravica<\/em> (Coleoptera: Cerambycidae). <em>Bele\u017enik Ov\u010darsko-kablarske klisure<\/em> 8: 17-21.<\/li>\n<li><b>Vukajlovi\u0107 F.N.<\/b>, Predojevi\u0107 D.Z., Miljkovi\u0107 K.O., Tanaskovi\u0107 S.T., Gvozdenac S.M., Peri\u0161i\u0107 V.M., Grbovi\u0107 F.J., Pe\u0161i\u0107 S.B. 2019: Life history of <em>Plodia interpunctella<\/em> (Lepidoptera: Pyralidae) on dried fruits and nuts: Effects of macronutrients and secondary metabolites on immature stages. <em>Journal of Stored Product Research<\/em> 83: 243-253.<\/li>\n<li>Milutinovi\u0107 M., \u010curovi\u0107 D., Nikodijevi\u0107 D., <b>Vukajlovi\u0107 F.<\/b>, Predojevi\u0107 D., Markovi\u0107 S., Pe\u0161i\u0107 S. 2019: The silk of <em>Plodia interpunctella<\/em> as a potential biomaterial and its cytotoxic effect on cancer cells. <em>Animal Biotechnology<\/em> 29(4): 1-8.<\/li>\n<li><b>Vukajlovi\u0107 F.<\/b>, Pe\u0161i\u0107 S., Tanaskovi\u0107 S., Predojevi\u0107 D., Gvozdenac S., Prvulovi\u0107 D., Bursi\u0107 V. 2019: Efficacy of <em>Echium<\/em> spp. water extracts as post-harvest grain protectants against <em>Plodia interpunctella<\/em>. <em>Romanian Biotechnological Letters<\/em>, (in press)<\/li>\n<li>Peri\u0161i\u0107 V., Peri\u0161i\u0107 V., Hadna\u0111ev M., \u00d0eki\u0107 V., Dap\u010devi\u0107-Hadna\u0111ev T., Vukovi\u0107 S., <b>Vukajlovi\u0107 F.<\/b> 2019: Impact of diatomaceous earth application on the rheological properties of wheat, triticale and rye flour dough. <em>Journal of Stored Product Research<\/em> 82: 91-97.<\/li>\n<li>Gvozdenac S.M., Prvulovi\u0107 D.M., Radovanovi\u0107 D.M., Ovuka J.S., Mikli\u010d V.J., A\u010danski J.M., Tanaskovi\u0107 S.T., <b>Vukajlovi\u0107 F.N.<\/b> 2018: Life history of <em>Plodia interpunctella<\/em> H\u00fcbner on sunflower seeds: Effects of seed qualitative traits and the initial seed damage. <em>Journal of Stored Product Research<\/em> 79: 89-97.<\/li>\n<li>Pe\u0161i\u0107 S., <b>Vukajlovi\u0107 F.<\/b>, Tot I. 2018: A preliminary study of the summer aspect of weevil (Coleoptera: Curculionoidea) fauna of the Ov\u010dar-Kablar Gorge (Western Serbia). <em>Acta Entomologica Serbica<\/em> 23(2): 1-14.<\/li>\n<li>Gvozdenac S., Mitrovi\u0107 B., Tanaskovi\u0107 S., Ovuka J., <b>Vukajlovi\u0107 F.<\/b>, Tati\u0107 M., Bursi\u0107 V. 2018: Suitability of different maize hybrids for development of <em>Plodia interpunctella<\/em> (H\u00fcbner). <em>Acta Agriculturae Serbica<\/em> Vol. XXIII, 45: 3-13.<\/li>\n<li>Peri\u0161i\u0107 V., Peri\u0161i\u0107 V., <b>Vukajlovi\u0107 F.<\/b>, Pe\u0161i\u0107 S., Predojevi\u0107 D., \u0110eki\u0107 V., Lukovi\u0107 K. 2018: Feeding preferences and progeny production of <em>Rhyzopertha dominica<\/em> (Fabricius 1792) (Coleoptera: Bostrichidae) in small grains. <em>Biologica Nyssiana<\/em> 9(1): 55-61<\/li>\n<li>Peri\u0161i\u0107 V., Hadna\u0111ev M., Peri\u0161i\u0107 V., <b>Vukajlovi\u0107 F.<\/b>, Dap\u010devi\u0107-Hadna\u0111ev T., Lukovi\u0107 K., \u0110eki\u0107 V. 2018: Technological quality of wheat infested with <em>Rhyzopertha dominica<\/em> F. (Coleoptera: Bostrichidae). <em>Advanced technologies<\/em> 7(1): 35-40.<\/li>\n<li><b>Vukajlovi\u0107 F.<\/b>, Predojevi\u0107 D., Tanaskovi\u0107 S., Miljkovi\u0107 K., Gvozdenac S., Peri\u0161i\u0107 V., Pe\u0161i\u0107 S. 2018: Susceptibility of dried berries to infestation by <em>Plodia interpunctella<\/em> (Lepidoptera: Pyralidae) in correlation with total sugar content. <em>Proceedings of the 12th International Working Conference on Stored Product Protection (IWCSPP)<\/em>, Vol. 1, Berlin, Germany, October 7-11, 2018, p. 189-193.<\/li>\n<li>Gvozdenac S., Milo\u0161evi\u0107 B., Dolap\u010dev A., Ovuka J., Tati\u0107 M., Tanaskovi\u0107 S., <b>Vukajlovi\u0107 F.<\/b> 2018: Suitability of Poaceae seeds for <em>Plodia interpunctella<\/em> development. <em>Proceedings of the 12th International Working Conference on Stored Product Protection (IWCSPP)<\/em>, Vol. 1, Berlin, Germany, October 7-11, 2018, p. 145-151.<\/li>\n<li>Predojevi\u0107 D., <b>Vukajlovi\u0107 F.<\/b>, Gvozdenac S., Tanaskovi\u0107 S., Pe\u0161i\u0107 S. 2018: Larvicidna efikasnost vodenih ekstrakata <em>Verbascum <\/em>spp. u suzbijanju <em>Plodia interpunctella<\/em> (H\u00fcbner, 1813) na p\u0161enici. <em>Knjiga sa\u017eetaka Drugog kongresa biologa Srbije<\/em>, Kladovo, Srbija, 25-30. septembar 2018, p. 99.<\/li>\n<li><b>Vukajlovi\u0107 F.<\/b>, Predojevi\u0107 D., Tanaskovi\u0107 S., Miljkovi\u0107 K., Gvozdenac S., Peri\u0161i\u0107 V., Pe\u0161i\u0107 S. 2018: Parametri tablica \u017eivota populacija <em>Plodia interpunctella<\/em> (Lepidoptera: Pyralidae) odgajanih na tri vrste ora\u0161astih plodova. <em>Knjiga sa\u017eetaka Drugog kongresa biologa Srbije, Kladovo<\/em>, Srbija, 25-30. septembar 2018, p. 103.<\/li>\n<li>Milutinovi\u0107 M., \u010curovi\u0107 D., Cvetkovi\u0107 D., Nikodijevi\u0107 D., <b>Vukajlovi\u0107 F.<\/b>, Predojevi\u0107 D., Jovanki\u0107 J., Pe\u0161i\u0107 S., Markovi\u0107 S. 2018: Svila moljca <em>Plodia interpunctella<\/em> kao potencijalni biomaterijal i citotoksi\u010dni agens na HCT-116 \u0107elijama karcinoma kolona. <em>Knjiga sa\u017eetaka Drugog kongresa biologa Srbije<\/em>, Kladovo, Srbija, 25-30. septembar 2018, p. 277.<\/li>\n<li><b>Vukajlovi\u0107 F.<\/b>, Tot I. 2018: Najju\u017eniji nalaz vrste <em>Oberea moravica<\/em> (Coleoptera: Cerambycidae). <em>Knjiga sa\u017eetaka Drugog kongresa biologa Srbije<\/em>, Kladovo, Srbija, 25-30. septembar 2018, p. 302.<\/li>\n<li>Peri\u0161i\u0107 V., Vukovi\u0107 S., Peri\u0161i\u0107 V., Pe\u0161i\u0107 S., <b>Vukajlovi\u0107 F.<\/b>, Andri\u0107 G., Kljaji\u0107 P. 2017: Insecticidal activity of three diatomaceous earths on lesser grain borer, <em>Rhyzopertha dominica<\/em> F., and their effects on wheat, barley, rye, oats and triticale grain properties. <em>Journal of Stored Product Research<\/em> 75: 38-46.<\/li>\n<li>Predojevi\u0107 D.Z., <b>Vukajlovi\u0107 F.N.<\/b>, Tanaskovi\u0107 S.T., Gvozdenac S.M., Pe\u0161i\u0107 S.B. 2017: Influence of maize kernel state and type on life history of <em>Plodia interpunctella<\/em> (Lepidoptera: Pyralidae). <em>Journal of Stored Product Research<\/em> 72: 121-127.<\/li>\n<li><b>Vukajlovi\u0107 F.N.<\/b>, Predojevi\u0107 D.Z., Milo\u0161evi\u0107 S.D., Radulovi\u0107 D.R, Pe\u0161i\u0107 S.B. 2017: Survival rate of <em>Plodia interpunctella<\/em> (Lepidoptera: Pyralidae) on different states of wheat and rye kernels previously infested by beetle pests. <em>Kragujevac Journal of Science<\/em> 39: 201-208.<\/li>\n<li><b>Vukajlovi\u0107 F.<\/b>, Predojevi\u0107 D., Peri\u0161i\u0107 V., Gvozdenac S., Tanaskovi\u0107 S., Pe\u0161i\u0107 S. 2017: Otpornost su\u0161enih plodova \u0161ljive, kajsije i vi\u0161nje na infestaciju <em>Plodia interpunctella<\/em> (Lepidoptera: Pyralidae). <em>Zbornik radova XXII Savetovanja o biotehnologiji sa me\u0111unarodnim u\u010de\u0161\u0107em<\/em>, Vol. 22(1), \u010ca\u010dak, Srbija, 10-11. mart 2017, p. 345-352.<\/li>\n<li>Gvozdenac S., Prvulovi\u0107 D., Tanaskovi\u0107 S., Bursi\u0107 V., Tati\u0107 M., Ovuka J., <b>Vukajlovi\u0107 F.<\/b> 2017: Plant-based preparations as potential grain protectants against <em>Sitophilus oryzae<\/em> L. <em>Fifth International conference sustainable postharvest and food technologies &#8211; INOPTEP 2017 and 29th National conference processing and energy in agriculture &#8211; PTEP 2017<\/em>, Vr\u0161ac, Serbia, April 23-28 2017, p. 131-135.<\/li>\n<li>Gvozdenac S., Prvulovi\u0107 D., Bursi\u0107 V., Tanaskovi\u0107 S., Tati\u0107 M., Ovuka J., <b>Vukajlovi\u0107 F.<\/b> 2017: Insecticidal and antifeeding activity of several botanicals against <em>Rhyzopertha dominica<\/em> Fabricius. <em>Proceedings of the 11th Conference of the IOBC\/WPRS Working Group on the &#8220;Integrated Protection of Stored Products&#8221;<\/em>, Ljubljana, Slovenia, 3-5. July 2017, 21.<\/li>\n<li><b>Vukajlovi\u0107 F.<\/b>, Predojevi\u0107 D., Peri\u0161i\u0107 V., Pe\u0161i\u0107 S. 2017: Efficacy of natural diatomaceous earth products from Serbia against the fifth larval instar of <em>Plodia interpunctella<\/em> (Lepidoptera: Pyralidae). <em>Proceedings of the 11th Conference of the IOBC\/WPRS Working Group on the &#8220;Integrated Protection of Stored Products&#8221;<\/em>, Ljubljana, Slovenia, 3-5. July 2017, 88.<\/li>\n<li>Tanaskovi\u0107 S., Gvozdenac S., Vukajlovi\u0107 F., Pe\u0161i\u0107 S., Miljkovi\u0107 K., Predojevi\u0107 D. 2017: Losses of walnut, almond and hazelnut kernels as a result of <em>Plodia interpunctella<\/em> larval feeding. Proceedings of the 11th Conference of the IOBC\/WPRS Working Group on the &#8220;Integrated Protection of Stored Products&#8221;, Ljubljana, Slovenia, 3-5. July 2017, 90.<\/li>\n<li>Gvozdenac S., Tanaskovi\u0107 S., Ovuka J., Mikli\u010d V., Tati\u0107 M., Prvulovi\u0107 D., <b>Vukajlovi\u0107 F.<\/b> 2017: <em>Plodia interpunctella<\/em> H\u00fcbner \u2013 primary or secondary pest of sunflower seeds in Serbia. <em>Proceedings of the 11th Conference of the IOBC\/WPRS Working Group on the &#8220;Integrated Protection of Stored Products&#8221;<\/em>, Ljubljana, Slovenia, 3-5. July 2017, 91.<\/li>\n<li>Tanaskovi\u0107 S., Gvozdenac S., <b>Vukajlovi\u0107 F.<\/b>, Pe\u0161i\u0107 S., Miljkovi\u0107 K., Predojevi\u0107 D. 2017: The impact of walnuts, almonds and hazelnuts as a nutrient medium on larval development of <em>Plodia interpunctella<\/em>. <em>Proceedings of the 11th Conference of the IOBC\/WPRS Working Group on the &#8220;Integrated Protection of Stored Products&#8221;<\/em>, Ljubljana, Slovenia, 3-5. July 2017, p. 121.<\/li>\n<li><b>Vukajlovi\u0107 F.<\/b>, Predojevi\u0107 D., Pe\u0161i\u0107 S. 2017: Development of Indian meal moth, <em>Plodia interpunctella<\/em> (Lepidoptera: Pyralidae) on three maize hybrids from Serbia. <em>Proceedings of the Conference of Agronomy students with international participation<\/em>, Vol. 10, \u010ca\u010dak, Serbia, August 23-25 2017, p. 119-127.<\/li>\n<li>Pe\u0161i\u0107 S., <b>Vukajlovi\u0107 F.<\/b>, Tot I. 2017: Preliminarna analiza faune surla\u0161a (Coleoptera: Curculionoidea) Ov\u010darsko-kablarske klisure. <em>Zbornik rezimea XI Simpozijuma entomologa Srbije sa me\u0111unarodnim u\u010de\u0161\u0107em<\/em>. Nastavna baza \u201eGo\u010d\u201c, Go\u010d, Srbija, 17-21. septembar 2017, p. 74-75.<\/li>\n<li><b>Vukajlovi\u0107 F.<\/b>, Predojevi\u0107 D., Cvetkovi\u0107 S., Pe\u0161i\u0107 S. 2017: Biolo\u0161ki parametri razvi\u0107a <em>Plodia interpunctella<\/em> (Lepidoptera: Pyralidae) gajene u posudama od stakla, PP- i PET plastike. <em>Zbornik rezimea XI Simpozijuma entomologa Srbije sa me\u0111unarodnim u\u010de\u0161\u0107em<\/em>. Nastavna baza \u201eGo\u010d\u201c, Go\u010d, Srbija, 17-21. septembar 2017, p. 108-109.<\/li>\n<li>Grbovi\u0107 F., Stankovi\u0107 M.S., <b>Vukajlovi\u0107 F.<\/b>, Brankovi\u0107 S., Simi\u0107 Z., Topuzovi\u0107 M. 2016: Comparative study of the accumulation of metals in the plant <em>Polygonum aviculare<\/em> L. from different sites in the city of Kragujevac. Biologia Serbica 38(1): 12-17.<\/li>\n<li>Predojevi\u0107 D., <b>Vukajlovi\u0107 F.<\/b>, \u017divanovi\u0107 D., Tanaskovi\u0107 S., Pe\u0161i\u0107 S. 2016: Zavisnost brzine razvi\u0107a <em>Plodia interpunctella<\/em> od veli\u010dine \u017eivotnog prostora i koli\u010dine dostupne hrane. <em>Zbornik radova XXI Savetovanja o biotehnologiji sa me\u0111unarodnim u\u010de\u0161\u0107em<\/em>, Vol. 21(1), \u010ca\u010dak, Srbija, 11-12. mart 2016, p. 353-358.<\/li>\n<li><b>Vukajlovi\u0107 F.<\/b>, \u017divanovi\u0107 N. 2015: The longhorn beetles (Coleoptera: Cerambycidae) of the city of Kragujevac (Central Serbia). <em>Kragujevac Journal of Science<\/em> 37: 149-160.<\/li>\n<li>Ko\u010dovi\u0107 D., Spasi\u0107 V., <b>Vukajlovi\u0107 F.<\/b>, Pe\u0161i\u0107 S. 2015: Zavisnost dinamike biolo\u0161kih funkcija bakrenastog plamenca <em>Plodia interpunctella<\/em> (H\u00fcbner, 1813) (Lepidoptera: Pyralidae) od tipa kukuruza. <em>Rezimei X Simpozijuma entomologa Srbije 2015 sa me\u0111unarodnim u\u010de\u0161\u0107em<\/em>, Kladovo, Srbija, 23-27. septembar 2015, p. 37.<\/li>\n<li><b>Vukajlovi\u0107 F.<\/b>, Vukovi\u0107 N., Vuki\u0107 M., Pe\u0161i\u0107 S. 2015: Odbrambeni sekreti vrste <em>Meloe proscarabaeus<\/em> Linnaeus, 1758 (Coleoptera, Meloidae). <em>Rezimei X Simpozijuma entomologa Srbije 2015 sa me\u0111unarodnim u\u010de\u0161\u0107em<\/em>, Kladovo, Srbija, 23-27. septembar 2015, p. 39.\/li&gt;<\/li>\n<li><b>Vukajlovi\u0107 F.<\/b>, \u017divanovi\u0107 N. 2014: The longhorn beetles (Coleoptera: Cerambycidae) of the Gledi\u0107 Mountains (Central Serbia), <em>Kragujevac Journal of Science<\/em> 36, p. 195-202.<\/li>\n<li>Vasi\u0107 S., <b>Vukajlovi\u0107 F.<\/b>, Radojevi\u0107 I., Stefanovi\u0107 O., Pe\u0161i\u0107 S., \u010comi\u0107, Lj. 2014: Antimicrobial effects of a silken web produced by the larvae of <em>Plodia interpunctella<\/em>, <em>Book of Abstracts, III International Conference on Antimicrobial Research Madrid<\/em>, p. 73.<\/li>\n<li><b>Vukajlovi\u0107 F.<\/b>, \u017divanovi\u0107 N. 2014: The longhorn beetles (Coleoptera: Cerambycidae) of the Gledi\u0107 Mountains (Central Serbia), <em>Kragujevac Journal of Science<\/em> 36, p. 195-202.<\/li>\n<li><b>Vukajlovi\u0107 F.<\/b>, Pe\u0161i\u0107 S., Tanaskovi\u0107 S. 2013: Effects of water extracts of three species of genus <em>Echium <\/em>in supression of <em>Plodia interpunctella<\/em> (H\u00fcbner 1813) on wheat, <em>Proceedings of international Entomology simposium Tara<\/em>, p. 38 [In Serbian]<\/li>\n<li>Tanaskovi\u0107 S., Madi\u0107 M., \u0110urovi\u0107 D., Kne\u017eevi\u0107 D., <b>Vukajlovi\u0107 F.<\/b> 2012: Susceptibility of cereal leaf beetle (<em>Oulema melanopa<\/em> L.) in winter wheat to various foliar insecticides in Western Serbia region, <em>Romanian Agricultural Research<\/em> 29, p. 361-366<\/li>\n<li><b>Vukajlovi\u0107 F.<\/b>, Pe\u0161i\u0107 S., \u017divanovi\u0107 D., Milo\u0161evi\u0107 S., Tanaskovi\u0107 S., Kne\u017eevi\u0107 D. 2012: Effects of <em>Daucus carota<\/em> L. and <em>Morus alba<\/em> L. extracts on <em>Plodia interpunctella<\/em> Hbn. (Lepidoptera, Pyralidae) larvae mortality, <em>Abstract Book of 6th Central European Congress on Food Novi Sad<\/em>, p. 279.<\/li>\n<li><b>Vukajlovi\u0107 F.<\/b>, Pe\u0161i\u0107 S. 2012: Contribution to the studies of the Indian meal moth <em>Plodia interpunctella<\/em> Hbn. (Lepidoptera: Pyralidae) fecundity depending on diet type, <em>Kragujevac Journal of Science<\/em> 34, p. 107-115.<\/li>\n<li><b>Vukajlovi\u0107 F.<\/b>, Pe\u0161i\u0107 S., Tanaskovi\u0107 S., Kne\u017eevi\u0107 D. 2012: Effects of <em>Echium italicum<\/em> L. extract on <em>Plodia interpunctella<\/em> Hbn. (Lepidoptera, Pyralidae) larvae mortality, <em>Book of abstracts of 47th Croatian &amp; 7th International Symposium on Agriculture<\/em>, Opatija, p. 147.<\/li>\n<li><b>Vukajlovi\u0107 F.<\/b>, Pe\u0161i\u0107 S. 2011: Biology of <em>Plodia interpunctella<\/em> (H\u00fcbner, 1813), <em>Proceedings of international conference \u010ca\u010dak<\/em>, p. 441-445<\/li>\n<li><b>Vukajlovi\u0107 F.<\/b>, Pe\u0161i\u0107 S. 2011: Preliminary results of dependence of diet type on fecundity of Indian meal moth (<em>Plodia interpunctella<\/em> Hbn.), <em>Simpozijum Entomologa Srbije 2011 sa me\u0111unarodnim u\u010de\u0161\u0107em<\/em>. Donji Milanovac, p. 55.<\/li>\n<li>Damjanovi\u0107 J<strong>.<\/strong>, Tot I., Petrovi\u0107 D., \u0110uri\u0107 M., <strong>Vukajlovi\u0107 F.<\/strong> 2019: Fauna bubamara (Coleoptera: Coccinellidae) Ov\u010darsko-kablarske klisure. <em>Bele\u017enik Ov\u010darsko-kablarske klisure<\/em> 10: 7-13.<\/li>\n<li>Tot, I., \u0110uri\u0107, M., <strong>Vukajlovi\u0107<\/strong>, F., Vuji\u0107, M. 2021: Little tiger blue, <em>Tarucus balkanicus<\/em> (Freyer, 1845) \u2013 a new butterfly species in the fauna of Serbia (Lepidoptera: Lycaenidae). <em>Acta Entomologica Serbica<\/em> 26(2): 85-88.<\/li>\n<li><b>Vukajlovi\u0107 F.<\/b>, Tot I., Vuji\u0107 M., Nada\u017edin B., Pe\u0161i\u0107 S., \u0110uri\u0107 M. 2022: Prvi nalaz vrste <em>Muzimes collaris<\/em> (Coleoptera: Meloidae) u Srbiji. <em>Rezimei XIII Simpozijuma entomologa Srbije<\/em>. Univerzitet u Ni\u0161u, Pirot, Srbija, 14-16. septembar 2022.<\/li>\n<li>Pe\u0161i\u0107 S, Tot I,<b>Vukajlovi\u0107 F.<\/b>, Vuji\u0107 M. 2022: Prvi podaci o fauni surla\u0161a (Coleoptera: Curculionidae) u Predelu izuzetnih odlika &#8220;Vlasina&#8221;. <em>Rezimei XIII Simpozijuma entomologa Srbije<\/em>. Univerzitet u Ni\u0161u, Pirot, Srbija, 14-16. septembar 2022.<\/li>\n<li>\u0110uri\u0107 M, Tot I, Vuji\u0107 M, <b>Vukajlovi\u0107 F.<\/b> 2022: Pore\u0111enje dnevnih leptira evidentiranih u dolini P\u010dinje i Pre\u0161evskoj kotlini. <em>Rezimei XIII Simpozijuma entomologa Srbije<\/em>. Univerzitet u Ni\u0161u, Pirot, Srbija, 14-16. septembar 2022.<\/li>\n<\/ol>\n<p><\/p>","protected":false},"excerpt":{"rendered":"<p>Dr Filip Vukajlovi\u0107 \u2013 Stri\u017eibube, skladi\u0161ne \u0161teto\u010dine e-adresa: filip.vukajlovic@pmf.kg.ac.rs, ResearchGate profil Vukajlovi\u0107 F., Tot I., \u0110uri\u0107 M., Ili\u0107 N. 2019: Stri\u017eibube (Coleoptera: Cerambycidae) Predela izuzetnih odlika &#8220;Ov\u010darsko-kablarska klisura&#8221; (Zapadna Srbija). Rezimei XII Simpozijuma entomologa Srbije sa me\u0111unarodnim u\u010de\u0161\u0107em. Univerzitet u&hellip; <\/p>\n","protected":false},"author":4,"featured_media":0,"parent":0,"menu_order":0,"comment_status":"closed","ping_status":"closed","template":"","meta":[],"yoast_head":"<!-- This site is optimized with the Yoast SEO plugin v15.4 - https:\/\/yoast.com\/wordpress\/plugins\/seo\/ -->\n<title>FVukajlovi\u0107 - HabiProt<\/title>\n<meta name=\"robots\" content=\"index, follow, max-snippet:-1, max-image-preview:large, max-video-preview:-1\" \/>\n<link rel=\"canonical\" href=\"https:\/\/habiprot.org.rs\/fvukajlovic\/\" \/>\n<meta property=\"og:locale\" content=\"en_US\" \/>\n<meta property=\"og:type\" content=\"article\" \/>\n<meta property=\"og:title\" content=\"[:sr]FVukajlovi\u0107[:rl]FVukajlovic[:en]FVukajlovi\u0107[:] - HabiProt\" \/>\n<meta property=\"og:description\" content=\"Dr Filip Vukajlovi\u0107 \u2013 Stri\u017eibube, skladi\u0161ne \u0161teto\u010dine e-adresa: filip.vukajlovic@pmf.kg.ac.rs, ResearchGate profil Vukajlovi\u0107 F., Tot I., \u0110uri\u0107 M., Ili\u0107 N. 2019: Stri\u017eibube (Coleoptera: Cerambycidae) Predela izuzetnih odlika &#8220;Ov\u010darsko-kablarska klisura&#8221; (Zapadna Srbija). Rezimei XII Simpozijuma entomologa Srbije sa me\u0111unarodnim u\u010de\u0161\u0107em. Univerzitet u&hellip;\" \/>\n<meta property=\"og:url\" content=\"https:\/\/habiprot.org.rs\/fvukajlovic\/\" \/>\n<meta property=\"og:site_name\" content=\"HabiProt\" \/>\n<meta property=\"article:modified_time\" content=\"2022-10-01T15:33:28+00:00\" \/>\n<meta name=\"twitter:card\" content=\"summary\" \/>\n<meta name=\"twitter:label1\" content=\"Written by\">\n\t<meta name=\"twitter:data1\" content=\"\u041c\u0438\u043b\u0430\u043d \u0402\u0443\u0440\u0438\u045b\">\n\t<meta name=\"twitter:label2\" content=\"Est. reading time\">\n\t<meta name=\"twitter:data2\" content=\"25 minutes\">\n<script type=\"application\/ld+json\" class=\"yoast-schema-graph\">{\"@context\":\"https:\/\/schema.org\",\"@graph\":[{\"@type\":\"WebSite\",\"@id\":\"https:\/\/habiprot.org.rs\/#website\",\"url\":\"https:\/\/habiprot.org.rs\/\",\"name\":\"HabiProt\",\"description\":\"NGO for sustainable development and habitat protection in Serbia\",\"potentialAction\":[{\"@type\":\"SearchAction\",\"target\":\"https:\/\/habiprot.org.rs\/?s={search_term_string}\",\"query-input\":\"required name=search_term_string\"}],\"inLanguage\":\"en-US\"},{\"@type\":\"WebPage\",\"@id\":\"https:\/\/habiprot.org.rs\/fvukajlovic\/#webpage\",\"url\":\"https:\/\/habiprot.org.rs\/fvukajlovic\/\",\"name\":\"[:sr]FVukajlovi\\u0107[:rl]FVukajlovic[:en]FVukajlovi\\u0107[:] - HabiProt\",\"isPartOf\":{\"@id\":\"https:\/\/habiprot.org.rs\/#website\"},\"datePublished\":\"2022-01-04T07:37:25+00:00\",\"dateModified\":\"2022-10-01T15:33:28+00:00\",\"inLanguage\":\"en-US\",\"potentialAction\":[{\"@type\":\"ReadAction\",\"target\":[\"https:\/\/habiprot.org.rs\/fvukajlovic\/\"]}]}]}<\/script>\n<!-- \/ Yoast SEO plugin. -->","_links":{"self":[{"href":"https:\/\/habiprot.org.rs\/en\/wp-json\/wp\/v2\/pages\/2556"}],"collection":[{"href":"https:\/\/habiprot.org.rs\/en\/wp-json\/wp\/v2\/pages"}],"about":[{"href":"https:\/\/habiprot.org.rs\/en\/wp-json\/wp\/v2\/types\/page"}],"author":[{"embeddable":true,"href":"https:\/\/habiprot.org.rs\/en\/wp-json\/wp\/v2\/users\/4"}],"replies":[{"embeddable":true,"href":"https:\/\/habiprot.org.rs\/en\/wp-json\/wp\/v2\/comments?post=2556"}],"version-history":[{"count":8,"href":"https:\/\/habiprot.org.rs\/en\/wp-json\/wp\/v2\/pages\/2556\/revisions"}],"predecessor-version":[{"id":3007,"href":"https:\/\/habiprot.org.rs\/en\/wp-json\/wp\/v2\/pages\/2556\/revisions\/3007"}],"wp:attachment":[{"href":"https:\/\/habiprot.org.rs\/en\/wp-json\/wp\/v2\/media?parent=2556"}],"curies":[{"name":"wp","href":"https:\/\/api.w.org\/{rel}","templated":true}]}}