{"id":2576,"date":"2022-01-04T09:05:45","date_gmt":"2022-01-04T08:05:45","guid":{"rendered":"https:\/\/habiprot.org.rs\/?page_id=2576"},"modified":"2025-09-28T13:11:34","modified_gmt":"2025-09-28T11:11:34","slug":"mdjuric","status":"publish","type":"page","link":"https:\/\/habiprot.org.rs\/en\/mdjuric\/","title":{"rendered":"MDjuric"},"content":{"rendered":"<p><\/p>\n<p style=\"background-color: #0d6c3c; color: #fff;\"><img src=\"https:\/\/habiprot.org.rs\/wp-content\/uploads\/2016\/02\/mala.jpg\" alt=\"\u041c\u0438\u043b\u0430\u043d \u0402\u0443\u0440\u0438\u045b\" class=\"avatar avatar-thumbnail wp-user-avatar wp-user-avatar-thumbnail alignleft photo\" \/><br \/>\n<b><i>Milan \u0110uri\u0107<\/i><\/b><\/p>\n<p><em>\u2013 Database development, butterflies<\/em><\/p>\n<p>e-adresa: <a href=\"mailto:milandju8@gmail.com\">milandju8@gmail.com, <\/a><a href=\"https:\/\/www.researchgate.net\/profile\/Milan_Duric\" target=\"_blank\" rel=\"noopener noreferrer\">ResearchGate profil<\/a><\/p>\n<ol>\n<li>van Swaay C., Jak\u0161i\u0107 P., <strong>\u00d0uri\u0107 M.<\/strong> 2007: Notes on some summer butterflies (Lepidoptera: Hesperioidea &amp; Papilionoidea) of E Serbia, <em>Acta entomologica serbica<\/em> 12(1), p. 1-10<\/li>\n<li>Jak\u0161i\u0107 P., van Swaay C., <strong>\u00d0uri\u0107 M.<\/strong> 2007: Boloria eunomia (Esper, 1799): a new species for Serbia (Nymphalidae), <em>Nota lep.<\/em> 30 (1), p. 65-70<\/li>\n<li><strong>\u00d0uri\u0107 M.<\/strong> 2007: The butterflies of mountains of the Valjevo region (Lepidoptera: Hesperioidea &amp; Papilionoidea), <em>Acta entomologica serbica<\/em> 12(2), p. 43-53<\/li>\n<li>Jak\u0161i\u0107 P., <strong>\u00d0uri\u0107 M.<\/strong> 2007: Serbian names of butterflies (Lepidoptera: Hesperioidea &amp; Papilionoidea), 9th Symposium Ni\u0161, p. 231-237 [in Serbian]<\/li>\n<li><strong>\u00d0uri\u0107 M.<\/strong> 2008: Annex in Jak\u0161i\u0107 P. (ed.) Prime Butterfly Areas in Serbia, HabiProt, pp. 223<\/li>\n<li>Cuvelier S., <strong>\u0110uri\u0107 M.<\/strong> 2010: Genus <em>Coenonympha<\/em> (H\u00fcbner, 1819) in the Western Balkans. New data on the distribution and notes on taxonomy, <em>CLB\/BLK<\/em> XXXIX\/1, p. 10-16 [in French &amp; Dutch]<\/li>\n<li>Verovnik R., Micevski B., <strong>\u0110uri\u0107 M.<\/strong>, Jak\u0161i\u0107 P., Keymeulen A., van Swaay C., Veling K. 2010: Contribution to the knowledge of the butterfly fauna of the Republic of Macedonia (Lepidoptera: Papilionoidea &amp; Hesperioidea), <em>Acta Entomologica Slovenica<\/em> vol. 18, p. 31-46<\/li>\n<li><strong>\u0110uri\u0107 M.<\/strong>, Popovi\u0107 M., Verovnik R. 2010: Jela\u0161nica gorge \u2013 a \u2018hot spot\u2019 of butterfly diversity in Serbia, <em>Phegea<\/em> 38(3), p. 111-120<\/li>\n<li>Popovi\u0107 M., <strong>\u0110uri\u0107 M.<\/strong> 2010: New findings of two rare nymphalids in Serbia (Lepidoptera: Nymphalidae), <em>NEVA<\/em> 31(3), p. 169-172<\/li>\n<li>Franeta F., <strong>\u0110uri\u0107 M.<\/strong> 2010: On the distribution of <em>Colias caucasica balcanica<\/em> Rebel, 1901, with two new records for Serbia (Lepidoptera: Pieridae), <em>NEVA<\/em> 32 (1\/2), p. 31-37<\/li>\n<li><strong>\u0110uri\u0107 M.<\/strong>, Popovi\u0107 M. 2011: A note on the status of the rare species <em>Kirinia climene<\/em> (Esper, 1783) (Lepidoptera: Nymphalidae) in Serbia, <em>Nota lep.<\/em> 34(1), p. 79-82<\/li>\n<li>Popovi\u0107 M., <strong>\u0110uri\u0107 M.<\/strong> 2011: Butterflies of Serbia \u2013 a field guide, HabiProt, pp. 198 [in Serbian]<\/li>\n<li><strong>\u0110uri\u0107 M.<\/strong>, Franeta F. 2011: First study of the butterflies (Lepidoptera: Papilionoidea) of Mt. Mucanj, <em>Acta entomologica serbica<\/em> 16(1\/2), p. 81-90<\/li>\n<li>\u0110ur\u0111evi\u0107 A., <strong>\u0110uri\u0107 M.<\/strong> 2011: <em>Blepisanis vittipennis<\/em> (Reiche 1877) (Coleoptera: Cerambycidae), a new longhorn beetle for Serbia, <em>Biologica Nyssana<\/em> 2(2), p. 49-50<\/li>\n<li>Gascoigne-Pees M., Verovnik R., Wiskin C., Luckens C., <strong>\u0110uri\u0107 M.<\/strong> 2012: Notes on lifecycle of <em>Melitaea arduinna<\/em> (Esper, 1783) (\u201eFreyer\u2019s Fritillary\u201c) (Lepidoptera: Nymphalidae) with further records from SE Serbia, <em>NEVA<\/em> 33(1), p. 9-14<\/li>\n<li>Hric B., <strong>\u0110uri\u0107 M.<\/strong>, Steur J. 2013: Moths of Serbia #1, HabiProt e-book, pp. 46<\/li>\n<li>Hric B., <strong>\u0110uri\u0107 M.<\/strong> 2013: Moths of Serbia #2, HabiProt e-book, pp. 63<\/li>\n<li>Popovi\u0107 M., <strong>\u0110uri\u0107 M.<\/strong>, Franeta F., Verovnik R. 2013: On the extremely rich butterfly fauna (Lepidoptera: Rhopalocera) of the south-eastern foothills of Stara Planina Mts in Serbia, <em>Phegea<\/em> 41(4), p. 74-81<\/li>\n<li><strong>\u0110uri\u0107 M.<\/strong>, Hric B. 2013: On distribution area of <em>Asovia maeoticaria<\/em> (Alph\u00e9raky, 1876) (Insecta: Lepidoptera: Geometridae), <em>ZooNotes<\/em> 49, p. 1-2<\/li>\n<li>Popovi\u0107 M., \u0160eat J., Ili\u0107 N., <strong>\u0110uri\u0107 M.<\/strong> 2013: New findings of <em>Theophilea subcylindricollis<\/em> (Coleoptera: Cerambycidae) in Serbia, <em>Acta entomologica serbica<\/em> 18(1\/2), p. 237-240<\/li>\n<li>Hric B., <strong>\u0110uri\u0107 M.<\/strong> 2014: Moths of Serbia #3, HabiProt e-book, pp. 77<\/li>\n<li>Hric B., <strong>\u0110uri\u0107 M.<\/strong> 2014: Moths of Serbia #4, HabiProt e-book, pp. 77<\/li>\n<li><strong>\u0110uri\u0107 M.<\/strong>, Hric B. 2013: First insight into moth fauna of Ov\u010dar-Kablar gorge, <em>Bele\u017enik Ov\u010darsko-kablarske klisure<\/em> 4(1), p. 34-39 [in Serbian]<\/li>\n<li>Popovi\u0107 M., <strong>\u0110uri\u0107 M.<\/strong>, Franeta F., van Deijk J.R., Vermeer R. 2014: First records of <em>Lycaena helle<\/em> ([Denis &amp; Schifferm\u00fcller], 1775) for the Balkan Peninsula (Lepidoptera: Lycaenidae), <em>SHILAP Revta. lepid.<\/em>, 42 (166), p. 287\u2013294<\/li>\n<li>Gascoigne-Pees M., Wiskin C., <strong>\u0110uri\u0107 M.<\/strong> &amp; Trew D. 2014: The lifecycle of <em>Nymphalis vaualbum<\/em> ([Denis &amp; Schifferm\u00fcller], 1775) in Serbia including new records and a review of its present status in Europe (Lepidoptera: Nymphalidae), <em>NEVA<\/em> 35 (1\/2), p. 77-96<\/li>\n<li>Popovi\u0107 M., Radevski \u0110., Miljevi\u0107 M., <strong>\u0110uri\u0107 M.<\/strong> 2014: First record of <em>Pyrgus cinarae<\/em> (Lepidoptera: Hesperiidae) in Serbia, <em>Acta entomologica serbica<\/em> 19(1\/2), p. 45-51<\/li>\n<li>Popovi\u0107 M., <strong>\u0110uri\u0107 M.<\/strong> 2014: Butterflies of Stara Planina, Srbija\u0161ume &amp; HabiProt, pp. 208 [Serbian\/English]<\/li>\n<li>\u0160a\u0161i\u0107 M., Popovi\u0107 M., Cuvelier S., <strong>\u0110uri\u0107 M.<\/strong>, Franeta F., Gascoigne-Pees M., Koren T., Maes D., Micevski B., Micevski N., M\u00f8lgaard M., van Swaay C., Wynhoff I., Verovnik R. 2015: Contribution to the knowledge of the butterfly fauna of Albania, <em>Nota lepi.<\/em> 38(1), p. 29-45<\/li>\n<li><strong>\u0110uri\u0107 M.<\/strong>, Hric B. 2015: The improved insight into moths of the Ov\u010dar\u2013Kablar Gorge, Bele\u017enik Ov\u010darsko-kablarske klisure 6(1), p. 59-67 [in Serbian]<\/li>\n<li>Tot I., Slacki A., <strong>\u0110uri\u0107 M.<\/strong>, Popovi\u0107 M. 2015: Butterflies of the Vlasina region in southeast Serbia (Lepidoptera: Papilionoidea), <em>Acta entomologica serbica<\/em> 20, p. 117-135<\/li>\n<li>Pavi\u0107evi\u0107, D., Ili\u0107, N., <strong>\u0110uri\u0107 M.<\/strong> 2015: Longhorn beetles of Serbia \u2013 a field guide, Institute for nature conservation of Serbia &amp; HabiProt, pp. 249 [Serbian and English version]<\/li>\n<li>Ivkovi\u0107 S., Popovi\u0107 M., Pavi\u0107evi\u0107 D., Franeta F., Horvat L., <strong>\u0110uri\u0107 M. <\/strong>2016: Distribution and Decline of <em>Bradyporus dasypus<\/em> (Illiger, 1800) (Orthoptera: Tettigoniidae) in Serbia<br \/>\nand the Republic of Macedonia, <em>Acta zoologica bulgarica<\/em> 68(4), p. 541-546<\/li>\n<li>Jovanov A., <strong>\u0110uri\u0107 M.<\/strong>, Hric B. 2016: No\u0107ni leptiri Stare planine \/Moths of Stara Planina, JP Srbija\u0161ume i HabiProt, pp. 140 [Serbian\/English]<\/li>\n<li>Drndi\u0107 E., Radevski \u0110., Miljevi\u0107 M., <strong>\u0110uri\u0107 M.<\/strong>, Popovi\u0107 M. 2017: Description of recent discovery of <em>Anthocharis damone<\/em> Boisduval, 1836 in Serbia and its distribution in Europe (Lepidoptera: Pieridae), <em>SHILAP Revta. lepid.,<\/em> 45 (177), p. 23-29<\/li>\n<li>Tot I., <strong>\u0110uri\u0107 M.<\/strong>, Popovi\u0107 M. 2017: Dnevni leptiri Vlasine\/Butterflies of Vlasina, JP Direkcija za zemlji\u0161te i puteve op\u0161tine Surdulica i HabiProt, pp. 152 [Serbian\/English]<\/li>\n<li><strong>\u0110uri\u0107 M.<\/strong>, Hric B. 2018: Tre\u0107a faza upoznavanja no\u0107nih leptira Ov\u010darsko-kablarske klisure, Bele\u017enik Ov\u010darsko-kablarske klisure 8(3), p. 22-25<\/li>\n<li>Maes D, Verovnik R, Wiemers M, Brosens D, Beshkov S, Bonelli S, Buszko J, Cant\u00fa\u2011Salazar L, Cassar L-F, Collins S, Dinc\u0103 V, <strong>Djuric M.<\/strong>, Du\u0161ej G, Elven H, Franeta F, Garcia-Pereira P, Geryak Y, Goffart P, G\u00f3r A, Hiermann U, H\u00f6ttinger H, Huemer P, Jak\u0161i\u0107 P, John E, Kalivoda H, Kati V, Kirkland P, Komac B, K\u0151r\u00f6si A, Kulak A, Kuussaari M, L\u2019Hoste L, Lelo S, Mestdagh X, Micevski N, Mihoci I, Mihut S, Monasterio\u2011Le\u00f3n Y, Morgun DV, Munguira ML, Murray T, Nielen PS, \u00d3lafsson E, \u00d5unap E, Pamperis L, Pavli\u010dko A, Pettersson L, Popov S, Popovi\u0107 M, P\u00f6yry J, Prentice M, Reyserhove L, Sinev S, Stefanescu C, \u0160vitra G, Tammaru T, Tiitsaar A, Tzirkalli E, Tzortzakaki O, van Swaay C, Viborg AL, Wynhoff I, Zografou K, Warren M. 2019: Integrating national Red Lists for prioritising conservation actions for European butterflies, Journal of Insect Conservation, pp. 330<\/li>\n<li>Hric B., <strong>\u0110uri\u0107 M.<\/strong> 2019: <em>No\u0107ni leptiri 1 \/ Moths #1<\/em>, HabiProt, pp. 128 [Serbian and English version]<\/li>\n<li>Vukajlovi\u0107 F., Tot I., <b>\u0110uri\u0107 M.<\/b>, Ili\u0107 N. 2019: Stri\u017eibube (Coleoptera: Cerambycidae) Predela izuzetnih odlika &#8220;Ov\u010darsko-kablarska klisura&#8221; (Zapadna Srbija). <em>Rezimei XII Simpozijuma entomologa Srbije sa me\u0111unarodnim u\u010de\u0161\u0107em<\/em>. Univerzitet u Ni\u0161u, Ni\u0161, Srbija, 25-29. septembar 2019, p. 58-59.<\/li>\n<li><b>\u0110uri\u0107 M.<\/b> 2019: Baza podataka Alciphron &#8211; svrha, na\u010din funkcionisanja i potencijalna unapre\u0111enja. <em>Rezimei XII Simpozijuma entomologa Srbije sa me\u0111unarodnim u\u010de\u0161\u0107em<\/em>. Univerzitet u Ni\u0161u, Ni\u0161, Srbija, 25-29. septembar 2019, p. 24.<\/li>\n<li>Tot I., <b>\u0110uri\u0107 M.<\/b>, Popovi\u0107 M. 2019: Pregled vi\u0161egodi\u0161njih istra\u017eivanja dnevnih leptira Vlasinske visoravni. <em>Rezimei XII Simpozijuma entomologa Srbije sa me\u0111unarodnim u\u010de\u0161\u0107em<\/em>. Univerzitet u Ni\u0161u, Ni\u0161, Srbija, 25-29. septembar 2019, p. 51-52.<\/li>\n<li>Damjanovi\u0107 J<strong>.<\/strong>, Tot I., Petrovi\u0107 D., <strong>\u0110uri\u0107 M.<\/strong>, Vukajlovi\u0107 F. 2019: Fauna bubamara (Coleoptera: Coccinellidae) Ov\u010darsko-kablarske klisure. <em>Bele\u017enik Ov\u010darsko-kablarske klisure<\/em> 10: 7-13.<\/li>\n<li>Vuji\u0107 M., Tot I., <strong>\u0110uri\u0107 M.<\/strong> 2020: New records and distribution of species from genus <em>Arctophila<\/em> Schiner, 1860 (Diptera: Syrphidae: Eristalinae) in Serbia. <em>Kragujevac Journal of Science<\/em> 42, p. 151-160.<\/li>\n<li>Pe\u0161i\u0107 S., <strong>\u0110uri\u0107 M.<\/strong>, Nada\u017edin B., Tot I. 2020: First record of <em>Brachycerus sinuatus<\/em> Olivier, 1807 (Coleoptera: Curculionidae) in Serbia. <em>Kragujevac Journal of Science<\/em> 42, p. 161-166.<\/li>\n<li><strong>\u0110uri\u0107 M<\/strong>., Tot I. 2020: Jela\u0161nica gorge \u2013 still a hot-spot of butterfly diversity. <em>Phegea<\/em> 48 (3): 65-70.<\/li>\n<li>Ivkovi\u0107 S, Tot I, Vuji\u0107 M, <strong>\u0110uri\u0107 M<\/strong>. 2020: First record of the Pygmy Toothed Grasshopper,<br \/>\n<em>Stenobothrus crassipes<\/em> (Charpentier, 1825) in Montenegro (Orthoptera, Acrididae), <em>Spixiana<\/em> 43(1): 48.<\/li>\n<li>Vuji\u0107 M., <strong>\u0110uri\u0107 M.<\/strong>, Tot I. 2020: New localities for rare butterflies Muschampia cribrellum and Melitaea ornata (Lepidoptera: Hesperiidae, Nymphalidae) in Serbia, <em>Acta Entomologica Slovenica<\/em> 28(2): 159-164<\/li>\n<li>Vuji\u0107 M., Ivkovi\u0107, S., Rekecki, T., Krsti\u0107, D., Stankovi\u0107, V., <strong>\u0110uri\u0107, M.<\/strong>, Tot, I. 2021: A first record of the alien mantis species <em>Hierodula tenuidentata<\/em> (Mantodea: Mantidae) in Serbia. <em>Acta Entomologica Serbica<\/em> 26(1): 1-7.<\/li>\n<li>Milojkovi\u0107, S., Vuji\u0107, M., <strong>\u0110uri\u0107, M.<\/strong>, Tot, I. 2021: Geranium bronze, <em>Cacyreus marshalli<\/em> Butler, 1897 &#8211; New butterfly species for fauna of Serbia (Papilionidea: Lycaenidae). <em>Acta Entomologica Slovenica<\/em> 29(1): 121-124.<\/li>\n<li>Vuji\u0107 M., <strong>\u0110uri\u0107, M.<\/strong>, Tot, I. 2021: Six new hoverfly species (Diptera: Syrphidae) in the fauna of Serbia. <em>Kragujevac Journal of Science<\/em> 43: 149-155.<\/li>\n<li>Tot, I., <strong>\u0110uri\u0107, M.<\/strong>, Vukajlovi\u0107, F., Vuji\u0107, M. 2021: Little tiger blue, <em>Tarucus balkanicus<\/em> (Freyer, 1845) \u2013 a new butterfly species in the fauna of Serbia (Lepidoptera: Lycaenidae). <em>Acta Entomologica Serbica<\/em> 26(2): 85-88.<\/li>\n<li>Ivkovi\u0107 S, <strong>\u0110uri\u0107 M.<\/strong>, \u0160\u0107iban M. 2021: <em>Isophya rectipennis<\/em> Brunner von Wattenwyl, 1878 \u2013 the first record for Serbia (Orthoptera, Tettigoniidae, Phaneropterinae), <em>Spixiana<\/em> 44(2): 121-122.<\/li>\n<li>Vuji\u0107 M., <strong>\u0110uri\u0107 M.<\/strong>, Tot I. 2022: The first record of the web-spinning sawfly <em>Caenolyda reticulata<\/em> (Linnaeus, 1758) (Hymenoptera: Symphyta: Pamphiliidae) from the Balkans. <em>Acta Entomologica Serbica<\/em> 27(1): 19-24.<\/li>\n<li>Nedved O, <strong>\u0110uri\u0107 M.<\/strong> 2022: Ladybirds of Europe, HabiProt, pp. 208 [in English].<\/li>\n<li>Vukajlovi\u0107 F., Tot I, Vuji\u0107 M, Nada\u017edin B, Pe\u0161i\u0107 S, <b>\u0110uri\u0107 M.<\/b> 2022: Prvi nalaz vrste <em>Muzimes collaris<\/em> (Coleoptera: Meloidae) u Srbiji. <em>Rezimei XIII Simpozijuma entomologa Srbije<\/em>. Univerzitet u Ni\u0161u, Pirot, Srbija, 14-16. septembar 2022: 8<\/li>\n<li><b>\u0110uri\u0107 M,<\/b> Tot I, Vuji\u0107 M, Vukajlovi\u0107 F. 2022: Pore\u0111enje dnevnih leptira evidentiranih u dolini P\u010dinje i Pre\u0161evskoj kotlini. <em>Rezimei XIII Simpozijuma entomologa Srbije<\/em>. Univerzitet u Ni\u0161u, Pirot, Srbija, 14-16. septembar 2022: 29<\/li>\n<li>Tot I., <b>\u0110uri\u0107 M.<\/b>, Vuji\u0107 M., Miljevi\u0107 M. 2022: Dnevni leptiri Doline P\u010dinje\/Butterflies of P\u010dinja Valley. SPC Eparhija Vranjska i HabiProt, pp. 140 [Serbian\/English]<\/li>\n<li>Stankovi\u0107 M, <b>\u0110uri\u0107 M<\/b>. 2022: Prvi pregled vrsta majaka (Meloidae) zabele\u017eenih u SRP Zasavica. <em>Rezimei nau\u010dnog skupa &#8220;Zasavica 2022&#8221;<\/em>, 25. novembar 2022: 201-214.<\/li>\n<li><strong>\u0110uri\u0107 M.<\/strong>, Tot I., Vuji\u0107 M., Vukajlovi\u0107 F. 2025: Comparison of butterfly diversity (Lepidoptera: Papilionoidea) of the P\u010dinja and Pre\u0161evo Valleys (South Serbia). <em>Kragujevac Journal of Science<\/em> 47(1), p. 97-109.<\/li>\n<li><strong>\u0110uri\u0107 M.<\/strong>, Vuji\u0107 M., Miljevi\u0107 M., Relji\u0107 K., Vukajlovi\u0107 F., Tot, I. 2025: Dnevni leptiri Srbije \u2013 priru\u010dnik, HabiProt, pp. 224.<\/li>\n<p><\/p>","protected":false},"excerpt":{"rendered":"<p>Milan \u0110uri\u0107 \u2013 Database development, butterflies e-adresa: milandju8@gmail.com, ResearchGate profil van Swaay C., Jak\u0161i\u0107 P., \u00d0uri\u0107 M. 2007: Notes on some summer butterflies (Lepidoptera: Hesperioidea &amp; Papilionoidea) of E Serbia, Acta entomologica serbica 12(1), p. 1-10 Jak\u0161i\u0107 P., van Swaay&hellip; <\/p>\n","protected":false},"author":4,"featured_media":0,"parent":0,"menu_order":0,"comment_status":"closed","ping_status":"closed","template":"","meta":[],"yoast_head":"<!-- This site is optimized with the Yoast SEO plugin v15.4 - https:\/\/yoast.com\/wordpress\/plugins\/seo\/ -->\n<title>MDjuric - HabiProt<\/title>\n<meta name=\"robots\" content=\"index, follow, max-snippet:-1, max-image-preview:large, max-video-preview:-1\" \/>\n<link rel=\"canonical\" href=\"https:\/\/habiprot.org.rs\/mdjuric\/\" \/>\n<meta property=\"og:locale\" content=\"en_US\" \/>\n<meta property=\"og:type\" content=\"article\" \/>\n<meta property=\"og:title\" content=\"MDjuric - HabiProt\" \/>\n<meta property=\"og:description\" content=\"Milan \u0110uri\u0107 \u2013 Database development, butterflies e-adresa: milandju8@gmail.com, ResearchGate profil van Swaay C., Jak\u0161i\u0107 P., \u00d0uri\u0107 M. 2007: Notes on some summer butterflies (Lepidoptera: Hesperioidea &amp; Papilionoidea) of E Serbia, Acta entomologica serbica 12(1), p. 1-10 Jak\u0161i\u0107 P., van Swaay&hellip;\" \/>\n<meta property=\"og:url\" content=\"https:\/\/habiprot.org.rs\/mdjuric\/\" \/>\n<meta property=\"og:site_name\" content=\"HabiProt\" \/>\n<meta property=\"article:modified_time\" content=\"2025-09-28T11:11:34+00:00\" \/>\n<meta name=\"twitter:card\" content=\"summary\" \/>\n<meta name=\"twitter:label1\" content=\"Written by\">\n\t<meta name=\"twitter:data1\" content=\"\u041c\u0438\u043b\u0430\u043d \u0402\u0443\u0440\u0438\u045b\">\n\t<meta name=\"twitter:label2\" content=\"Est. reading time\">\n\t<meta name=\"twitter:data2\" content=\"19 minutes\">\n<script type=\"application\/ld+json\" class=\"yoast-schema-graph\">{\"@context\":\"https:\/\/schema.org\",\"@graph\":[{\"@type\":\"WebSite\",\"@id\":\"https:\/\/habiprot.org.rs\/#website\",\"url\":\"https:\/\/habiprot.org.rs\/\",\"name\":\"HabiProt\",\"description\":\"NGO for sustainable development and habitat protection in Serbia\",\"potentialAction\":[{\"@type\":\"SearchAction\",\"target\":\"https:\/\/habiprot.org.rs\/?s={search_term_string}\",\"query-input\":\"required name=search_term_string\"}],\"inLanguage\":\"en-US\"},{\"@type\":\"WebPage\",\"@id\":\"https:\/\/habiprot.org.rs\/mdjuric\/#webpage\",\"url\":\"https:\/\/habiprot.org.rs\/mdjuric\/\",\"name\":\"MDjuric - HabiProt\",\"isPartOf\":{\"@id\":\"https:\/\/habiprot.org.rs\/#website\"},\"datePublished\":\"2022-01-04T08:05:45+00:00\",\"dateModified\":\"2025-09-28T11:11:34+00:00\",\"inLanguage\":\"en-US\",\"potentialAction\":[{\"@type\":\"ReadAction\",\"target\":[\"https:\/\/habiprot.org.rs\/mdjuric\/\"]}]}]}<\/script>\n<!-- \/ Yoast SEO plugin. -->","_links":{"self":[{"href":"https:\/\/habiprot.org.rs\/en\/wp-json\/wp\/v2\/pages\/2576"}],"collection":[{"href":"https:\/\/habiprot.org.rs\/en\/wp-json\/wp\/v2\/pages"}],"about":[{"href":"https:\/\/habiprot.org.rs\/en\/wp-json\/wp\/v2\/types\/page"}],"author":[{"embeddable":true,"href":"https:\/\/habiprot.org.rs\/en\/wp-json\/wp\/v2\/users\/4"}],"replies":[{"embeddable":true,"href":"https:\/\/habiprot.org.rs\/en\/wp-json\/wp\/v2\/comments?post=2576"}],"version-history":[{"count":29,"href":"https:\/\/habiprot.org.rs\/en\/wp-json\/wp\/v2\/pages\/2576\/revisions"}],"predecessor-version":[{"id":3425,"href":"https:\/\/habiprot.org.rs\/en\/wp-json\/wp\/v2\/pages\/2576\/revisions\/3425"}],"wp:attachment":[{"href":"https:\/\/habiprot.org.rs\/en\/wp-json\/wp\/v2\/media?parent=2576"}],"curies":[{"name":"wp","href":"https:\/\/api.w.org\/{rel}","templated":true}]}}