{"id":2580,"date":"2022-01-04T09:12:34","date_gmt":"2022-01-04T08:12:34","guid":{"rendered":"https:\/\/habiprot.org.rs\/?page_id=2580"},"modified":"2022-01-09T20:35:38","modified_gmt":"2022-01-09T19:35:38","slug":"sivkovic","status":"publish","type":"page","link":"https:\/\/habiprot.org.rs\/en\/sivkovic\/","title":{"rendered":"SIvkovic"},"content":{"rendered":"<p style=\"background-color: #0d6c3c; color: #fff;\"><img src=\"https:\/\/habiprot.org.rs\/wp-content\/uploads\/2019\/09\/Sivkovi\u0107-1-150x150.jpg\" alt=\"Slobodan Ivkovi\u0107\" class=\"avatar avatar-thumbnail wp-user-avatar wp-user-avatar-thumbnail alignleft photo\" \/><br \/>\n<b><i>Slobodan Ivkovi\u0107<\/i><\/b><\/p>\n<p><em>\u2013 Pravokrilci<\/em><\/p>\n<p>e-adresa: <a href=\"mailto:s6slivko@uni-trier.de\">s6slivko@uni-trier.de,<\/a> i <a href=\"mailto:marko.idvor@gmail.com\">marko.idvor@gmail.com,<\/a> <a href=\"https:\/\/www.researchgate.net\/profile\/Slobodan_Ivkovic\" target=\"_blank\" rel=\"noopener noreferrer\">ResearchGate profil<\/a><\/p>\n<ol>\n<li>Skejo J, Rebrina F, Buzzetti FM, <strong>Ivkovi\u0107 S<\/strong>, Ra\u0161i\u0107 A, Tvrtkovi\u0107 N. 2014: First records of Croatian and Serbian Tetrigidae (Orthoptera: Caelifera) with description of a new subspecies of <em>Tetrix transsylvanica<\/em> (Bazyluk &amp; Kis, 1960). Zootaxa 3856(3): p. 419\u2013432.<\/li>\n<li>Pavi\u0107evi\u0107 D, Zatezalo A, <strong>Ivkovi\u0107 S.<\/strong> 2014: Masovna pojava Italijanskog skakavca (<em>Calliptamus italicus<\/em>, Linnaeus, 1758) u okolini Kur\u0161umlije \/ The mass occurence of italian locust (<em>Calliptamus italicus<\/em>, Linnaeus, 1758) in the surrounding of Kur\u0161umlija. <em>Za\u0161tita prirode<\/em> 64(1): 35- 40.<\/li>\n<li>Karaman I, Pusk\u00e1s G, <strong>Ivkovi\u0107 S.<\/strong> 2014: New data on the distribution of two little known species of the genus Ovaliptila Gorochov, 2006 (Orthoptera: Gryllidae) in the Balkans. <em>Fauna Balkana<\/em> 3: 87-94.<\/li>\n<li>Pavi\u0107evi\u0107 D, <strong>Ivkovi\u0107 S.<\/strong> 2014: <em>Leptophyes asamo<\/em> n.sp. (Orthoptera, Phaneropteridae): a new species from Eastern Herzegovina. <em>Fauna Balkana<\/em> 3: 95-102.<\/li>\n<li>Pavi\u0107evi\u0107 D, <strong>Ivkovi\u0107 S.<\/strong>, Horvat L. 2014: New and rare species of orthopteroid insects among the fauna of Serbia. <em>Fauna Balkana<\/em> 3: 103-122.<\/li>\n<li>Skejo J, <strong>Ivkovi\u0107 S.<\/strong> 2015: Bornhalm\u2019s grasshopper in the heart of the Balkans. The first record of <em>Chorthippus borhnalmi<\/em> (Acrididae: Gomphocerinae) in Serbia. <em>Articulata<\/em> 30: 81-90.<\/li>\n<li>Pavi\u0107evi\u0107 D, <strong>Ivkovi\u0107 S.<\/strong> 2015: <em>Meconema meridionale<\/em> Costa, 1860 (Orthoptera: Tettigonioidea: Meconematidae) \u2013 \u043f\u0440\u0432\u0438 \u043f\u043e\u0434\u0430\u0446\u0438 \u0437\u0430 \u0444\u0430\u0443\u043d\u0443 \u0421\u0440\u0431\u0438\u0458\u0435\/ <em>Meconema meridionale<\/em> Costa, 1860 (Orthoptera: Tettigonioidea: Meconematidae) \u2013 the first records for Serbian fauna. <em>Za\u0161tita prirode<\/em> 65(1): 55-58.<\/li>\n<li>Pavi\u0107evi\u0107 D, <strong>Ivkovi\u0107 S.<\/strong> 2015: Predlog za Crvenu listu pravokrilaca (Orthoptera) Srbije\/ The Proposed Red List of Serbian Orthoptera. <em>Za\u0161tita prirode<\/em> 65(1): 59- 62.<\/li>\n<li><strong>Ivkovi\u0107 S<\/strong>, \u0110ur\u0111evi\u0107 A, Popovi\u0107 M. 2015: The first reliable data on the presence of <em>Anacridium aegyptium<\/em> (Orthoptera: Acrididae) in Serbia. <em>Acta Entomologica Serbica<\/em> 20: 163-166.<\/li>\n<li>Iorgu, I.S, Iorgu E. I, Pusk\u00e1s G, <strong>Ivkovi\u0107 S<\/strong>, Borisov S, Gavril V. D &amp; Chobanov D.P. 2016: Geographic distribution of <em>Gryllotalpa stepposa<\/em> in south-eastern Europe, with first records for Romania, Hungary and Serbia (Insecta, Orthoptera, Gryllotalpidae). <em>Zookeys<\/em> 605: 73-82.<\/li>\n<li><strong>Ivkovi\u0107 S<\/strong>, Horvat L. 2016: Contribution to the knowledge of the grasshoppers, bush crickets and crickets of southern Serbia. <em>Articulata <\/em>31: 69-76.<\/li>\n<li><strong>Ivkovi\u0107 S<\/strong>, Popovi\u0107 M, Pavi\u0107evi\u0107 D, Franeta F, Horvat L, \u0110uri\u0107 M. 2016 &#8211; Distribution and Decline of <em>Bradyporus dasypus<\/em> (Illiger, 1800) (Orthoptera: Tettigoniidae) in Serbia and the Republic of Macedonia. <em>Acta Zoologica Bulgarica<\/em> 68(4): 541- 546.<\/li>\n<li>Hochkirch A, Nieto A, Garc\u00eda Criado M, C\u00e1lix M, Braud Y, Buzzetti F.M, Chobanov D, Od\u00e9 B, Presa Asensio J.J, Willemse L, Zuna-Kratky T, Barranco Vega P, Barros F, Bushell M, Clemente M.E, Cordero Tapia P.J, Correas J.R, Dusoulier F, Ferreira S, Fontana P, Garc\u00eda M.D, Heller K-G, Iorgu I.S, <strong>Ivkovi\u0107 S<\/strong>, Kati V, Kleukers R, Kri\u0161t\u00edn A, Lemonnier-Darcemont M, Lemos P, Massa B, Monnerat C, Papapavlou K.P, Prunier F, Pushkar T, Roesti C, Rutschmann F, \u015eirin D, Skejo J, Sz\u00f6v\u00e9nyi G, Tzirkalli E, Vedenina V, Barat Domenech J, Defaut B, Fartmann T, Gomboc S, Guti\u00e9rrez-Rodr\u00edguez J, Holu\u0161a J, Illich I, Karjalainen S, Ko\u010d\u00e1rek P, Korsunovskaya O, Liana A, L\u00f3pez H, Morin D, Olmo-Vidal J.M, Pusk\u00e1s G, Savitsky V, Stalling T &amp; Tumbrinck J. 2016: European Red List of Grasshoppers, Crickets and Bush-crickets. Luxembourg: Publications Office of the European Union.<\/li>\n<li><strong>Ivkovi\u0107 S<\/strong>, Horvat L. 2017: First Record of <em>Odontopodisma montana<\/em> Kis, 1962 (Orthoptera: Acrididae: Melanoplinae) in Serbia. <em>Entomological News<\/em> 127(2): 160-164.<\/li>\n<li><strong>Ivkovi\u0107 S<\/strong>. 2017: First results of a faunistic survey on the Orthoptera of Jadovnik Mountain, southwestern Serbia, with data on the calling songs of some bush cricket species. <em>Turkish Journal of Zoology<\/em> 41: 1083-1095.<\/li>\n<li><strong>Ivkovi\u0107 S<\/strong>, Pantovi\u0107 U, Skejo J. 2018: Ov\u010dar\u2013Kablar Gorge (SW Serbia) \u2013 a new hotspot of Orthoptera diversity. <em>Annales- Societe Entomologique de France<\/em> 54(3): 257-272.<\/li>\n<li>Horvat L, <strong>Ivkovi\u0107 S<\/strong>. 2018: Die Heuschreckenfauna des Donaudamms in Nordwest &#8211; Serbien (Vojvodina). <em>Articulata<\/em> 33: 121 \u2013 129.<\/li>\n<li><strong>Ivkovi\u0107 S<\/strong>, Horvat L. 2018: New Distributional Data on the Orthoptera (Insecta) of Serbia. <em>Travaux du Mus\u00e9um National d\u2019Histoire Naturelle \u201cGrigore Antipa&#8221;<\/em> 61(2): 61-67.<\/li>\n<li><strong>Ivkovi\u0107 S<\/strong>, Xharahi E. 2018: <em>Bacillus atticus<\/em> Brunner von Wattenwyl, 1882: A New Species for the Albanian Fauna (Phasmida: Bacillidae). <em>Phasmid Studies<\/em> 20: 2-3.<\/li>\n<li>Grbi\u0107 G, H\u00e4nggi A, Gaji\u0107 I, Vaselek S, <strong>Ivkovi\u0107 S<\/strong>. 2019: Spiders (Araneae) of the Deliblato Sands (Serbia). <em>Acta entomologica serbica<\/em> 24(1): 79-9 3.<\/li>\n<li><strong>Ivkovi\u0107 S<\/strong>, Horvat L, Iorgu I. 2020: Rediscovery of Southern Barbed-wire Bush-cricket, Onconotus servillei Fischer von Waldheim (Orthoptera: Tettigoniidae: Tettigoniinae: Onconotini) in Serbia, with notes on species\u2019 calling song at the westernmost border of its distribution area. <em>Zootaxa<\/em> 4732(4): 596\u2013600.<\/li>\n<li>Kehoe L, Reis T, &#8230; <strong>Ivkovi\u0107 S.<\/strong> &amp; 606 signatories (2019): Make EU trade with Brazil sustainable, Science 634 issue 6438: 341.<\/li>\n<li><strong>Ivkovi\u0107 S<\/strong>, Horvat L, Felix R, Sz\u00f6v\u00e9nyi G, Pusk\u00e1s G. (2020): Orthoptera of Montenegro: new faunistic data with new records for the country. <i>Annales &#8211; Societe Entomologique de France<\/i>. 56(2): 153-172.<\/li>\n<li><strong>Ivkovi\u0107 S<\/strong>, Horvat L. 2020: The conservation status of keeled plump bush-cricket, <i>Isophya costata<\/i> Brunner von Wattenwyl, 1878 (Orthoptera: Tettigoniidae), in Serbia. <i>Annales &#8211; Societe Entomologique de France<\/i>. 56(2): 173-179.<\/li>\n<li><strong>Ivkovi\u0107 S<\/strong>, Tot I, Vuji\u0107 M, \u0110uri\u0107 M. 2020: First record of the Pygmy Toothed Grasshopper, <em>Stenobothrus crassipes<\/em> (Charpentier, 1825) in Montenegro (Orthoptera, Acrididae), <em>Spixiana<\/em> 43(1): 48.<\/li>\n<li>Vuji\u0107 M., <strong>Ivkovi\u0107 S.,<\/strong>, Rekecki T., Krsti\u0107 D., Stankovi\u0107 V., \u0110uri\u0107 M., Tot I. 2021: A first record of the alien mantis species <em>Hierodula tenuidentata<\/em> (Mantodea: Mantidae) in Serbia. <em>Acta Entomologica Serbica<\/em> 26(1): 1-7.<\/li>\n<li><strong>Ivkovi\u0107 S.<\/strong>, Skejo J. 2020: Who is jumping in a Serbian bog? \u2013 Orthopteran fauna of the Vlasina region. <em>Travaux du Mus\u00e9um National d\u2019Histoire Naturelle \u201cGrigore Antipa&#8221;Antipa\u201d<\/em> 63(2):141\u2013160<\/li>\n<li><strong>Ivkovi\u0107 S.<\/strong>, Horvat L. 2020: Misidentified record of <em>Tessellana orina<\/em> (Orthoptera, Tettigoniidae) in Serbia. <em>Articulata<\/em> 35: 75\u201377<\/li>\n<li>Chobanov D.P, Aneva I, Iorgu I.\u015e, <strong>Ivkovi\u0107 S<\/strong>, Borissov S.B. 2021: Distribution and habitat of <em>Onconotus servillei<\/em> (Orthoptera: Tettigoniidae) within its westernmost range (Bulgaria, Romania, Serbia): models and perspectives, <em>Macedonian Journal of Ecology and Environment<\/em> 23(1): 37\u201348.<\/li>\n<li><strong>Ivkovi\u0107 S.<\/strong>, Horvat L. 2021: First records of <em>Natula averni<\/em> (Costa,1855) and <em>Cyrtaspis scutata<\/em> (Charpentier, 1825) in Montenegro. <em>Articulata<\/em> 169-172.<\/li>\n<li><strong>Ivkovi\u0107 S<\/strong>, \u0110uri\u0107 M., \u0160\u0107iban M. 2021: <em>Isophya rectipennis<\/em> Brunner von Wattenwyl, 1878 \u2013 the first record for Serbia (Orthoptera, Tettigoniidae, Phaneropterinae), <em>Spixiana<\/em> 44(2): 121-122.<\/li>\n","protected":false},"excerpt":{"rendered":"<p>Slobodan Ivkovi\u0107 \u2013 Pravokrilci e-adresa: s6slivko@uni-trier.de, i marko.idvor@gmail.com, ResearchGate profil Skejo J, Rebrina F, Buzzetti FM, Ivkovi\u0107 S, Ra\u0161i\u0107 A, Tvrtkovi\u0107 N. 2014: First records of Croatian and Serbian Tetrigidae (Orthoptera: Caelifera) with description of a new subspecies of Tetrix&hellip; <\/p>\n","protected":false},"author":4,"featured_media":0,"parent":0,"menu_order":0,"comment_status":"closed","ping_status":"closed","template":"","meta":[],"yoast_head":"<!-- This site is optimized with the Yoast SEO plugin v15.4 - https:\/\/yoast.com\/wordpress\/plugins\/seo\/ -->\n<title>SIvkovic - HabiProt<\/title>\n<meta name=\"robots\" content=\"index, follow, max-snippet:-1, max-image-preview:large, max-video-preview:-1\" \/>\n<link rel=\"canonical\" href=\"https:\/\/habiprot.org.rs\/sivkovic\/\" \/>\n<meta property=\"og:locale\" content=\"en_US\" \/>\n<meta property=\"og:type\" content=\"article\" \/>\n<meta property=\"og:title\" content=\"SIvkovic - HabiProt\" \/>\n<meta property=\"og:description\" content=\"Slobodan Ivkovi\u0107 \u2013 Pravokrilci e-adresa: s6slivko@uni-trier.de, i marko.idvor@gmail.com, ResearchGate profil Skejo J, Rebrina F, Buzzetti FM, Ivkovi\u0107 S, Ra\u0161i\u0107 A, Tvrtkovi\u0107 N. 2014: First records of Croatian and Serbian Tetrigidae (Orthoptera: Caelifera) with description of a new subspecies of Tetrix&hellip;\" \/>\n<meta property=\"og:url\" content=\"https:\/\/habiprot.org.rs\/sivkovic\/\" \/>\n<meta property=\"og:site_name\" content=\"HabiProt\" \/>\n<meta property=\"article:modified_time\" content=\"2022-01-09T19:35:38+00:00\" \/>\n<meta name=\"twitter:card\" content=\"summary\" \/>\n<meta name=\"twitter:label1\" content=\"Written by\">\n\t<meta name=\"twitter:data1\" content=\"\u041c\u0438\u043b\u0430\u043d \u0402\u0443\u0440\u0438\u045b\">\n\t<meta name=\"twitter:label2\" content=\"Est. reading time\">\n\t<meta name=\"twitter:data2\" content=\"4 minutes\">\n<script type=\"application\/ld+json\" class=\"yoast-schema-graph\">{\"@context\":\"https:\/\/schema.org\",\"@graph\":[{\"@type\":\"WebSite\",\"@id\":\"https:\/\/habiprot.org.rs\/#website\",\"url\":\"https:\/\/habiprot.org.rs\/\",\"name\":\"HabiProt\",\"description\":\"NGO for sustainable development and habitat protection in Serbia\",\"potentialAction\":[{\"@type\":\"SearchAction\",\"target\":\"https:\/\/habiprot.org.rs\/?s={search_term_string}\",\"query-input\":\"required name=search_term_string\"}],\"inLanguage\":\"en-US\"},{\"@type\":\"WebPage\",\"@id\":\"https:\/\/habiprot.org.rs\/sivkovic\/#webpage\",\"url\":\"https:\/\/habiprot.org.rs\/sivkovic\/\",\"name\":\"SIvkovic - HabiProt\",\"isPartOf\":{\"@id\":\"https:\/\/habiprot.org.rs\/#website\"},\"datePublished\":\"2022-01-04T08:12:34+00:00\",\"dateModified\":\"2022-01-09T19:35:38+00:00\",\"inLanguage\":\"en-US\",\"potentialAction\":[{\"@type\":\"ReadAction\",\"target\":[\"https:\/\/habiprot.org.rs\/sivkovic\/\"]}]}]}<\/script>\n<!-- \/ Yoast SEO plugin. -->","_links":{"self":[{"href":"https:\/\/habiprot.org.rs\/en\/wp-json\/wp\/v2\/pages\/2580"}],"collection":[{"href":"https:\/\/habiprot.org.rs\/en\/wp-json\/wp\/v2\/pages"}],"about":[{"href":"https:\/\/habiprot.org.rs\/en\/wp-json\/wp\/v2\/types\/page"}],"author":[{"embeddable":true,"href":"https:\/\/habiprot.org.rs\/en\/wp-json\/wp\/v2\/users\/4"}],"replies":[{"embeddable":true,"href":"https:\/\/habiprot.org.rs\/en\/wp-json\/wp\/v2\/comments?post=2580"}],"version-history":[{"count":8,"href":"https:\/\/habiprot.org.rs\/en\/wp-json\/wp\/v2\/pages\/2580\/revisions"}],"predecessor-version":[{"id":2766,"href":"https:\/\/habiprot.org.rs\/en\/wp-json\/wp\/v2\/pages\/2580\/revisions\/2766"}],"wp:attachment":[{"href":"https:\/\/habiprot.org.rs\/en\/wp-json\/wp\/v2\/media?parent=2580"}],"curies":[{"name":"wp","href":"https:\/\/api.w.org\/{rel}","templated":true}]}}