{"id":26,"date":"2016-01-29T21:43:57","date_gmt":"2016-01-29T20:43:57","guid":{"rendered":"http:\/\/habiprot.org.rs\/?page_id=26"},"modified":"2026-01-11T10:20:01","modified_gmt":"2026-01-11T09:20:01","slug":"reference","status":"publish","type":"page","link":"https:\/\/habiprot.org.rs\/en\/reference\/","title":{"rendered":"References"},"content":{"rendered":"<p><\/p>\n<p style=\"background-color: #0d6c3c; color: #fff;\"><img src=\"https:\/\/habiprot.org.rs\/wp-content\/uploads\/2019\/09\/Enka-150x150.jpg\" alt=\"Bo\u017eenka Hric\" class=\"avatar avatar-thumbnail wp-user-avatar wp-user-avatar-thumbnail alignleft photo\" \/><br \/>\n<b><i>Bo\u017eenka Hric<\/i><\/b><\/p>\n<p><em>\u2013 Moths<\/em><\/p>\n<p>e-mail: <a href=\"mailto:bozenkahric@gmail.com\"> bozenkahric@gmail.com<\/a><br \/>\n<a href=\"https:\/\/www.researchgate.net\/profile\/Bozenka_Hric\" target=\"_blank\" rel=\"noopener noreferrer\">ResearchGate profil<\/a><br \/>\n<a href=\"https:\/\/habiprot.org.rs\/BHric\" target=\"_blank\" rel=\"noopener noreferrer\">List of publications<\/a><br \/>\n<\/p>\n<p style=\"background-color: #0d6c3c; color: #fff;\"><img src=\"https:\/\/habiprot.org.rs\/wp-content\/uploads\/2019\/09\/12231469-150x150.jpg\" alt=\"\u0411\u043e\u0458\u0430\u043d\u0430 \u041d\u0430\u0434\u0430\u0436\u0434\u0438\u043d\" class=\"avatar avatar-thumbnail wp-user-avatar wp-user-avatar-thumbnail alignleft photo\" \/><br \/>\n<b><i>Bojana Nada\u017edin<\/i><\/b><\/p>\n<p><em>\u2013 Faunistics of true bugs<\/em><\/p>\n<p>e-mail: <a href=\"mailto:bojananadazdin91@gmail.com\"> bojananadazdin91@gmail.com<\/a><br \/>\n<a href=\"https:\/\/www.researchgate.net\/profile\/Bojana_Nadazdin3\" target=\"_blank\" rel=\"noopener noreferrer\">ResearchGate profil<\/a><br \/>\n<a href=\"https:\/\/habiprot.org.rs\/BNadazdin\" target=\"_blank\" rel=\"noopener noreferrer\">List of publications<\/a><br \/>\n<\/p>\n<p style=\"background-color: #0d6c3c; color: #fff;\"><img src=\"https:\/\/habiprot.org.rs\/wp-content\/uploads\/2026\/01\/KostaReljic-150x150.jpg\" alt=\"Kosta Relji\u0107\" class=\"avatar avatar-thumbnail wp-user-avatar wp-user-avatar-thumbnail alignleft photo\" \/><br \/>\n<b><i>Kosta Relji\u0107<\/i><\/b><\/p>\n<p><em>\u2013 Butterflies and Asilidae<\/em><\/p>\n<p>\u0435-\u0430\u0434\u0440\u0435\u0441\u0430: <a href=\"mailto:reljickosta19@gmail.com\">reljickosta19@gmail.com<\/a><br \/>\n<a href=\"https:\/\/www.researchgate.net\/profile\/Kosta-Reljic?ev=hdr_xprf\" target=\"_blank\" rel=\"noopener noreferrer\">ResearchGate profil<\/a><br \/>\n<a href=\"https:\/\/habiprot.org.rs\/KReljic\" target=\"_blank\" rel=\"noopener noreferrer\">List of publications<\/a><br \/>\n<\/p>\n<p style=\"background-color: #0d6c3c; color: #fff;\"><img src=\"https:\/\/habiprot.org.rs\/wp-content\/uploads\/2017\/05\/IMG_1868-150x150.jpg\" alt=\"\u0408\u0435\u043b\u0435\u043d\u0430 \u0428\u0435\u0430\u0442\" class=\"avatar avatar-thumbnail wp-user-avatar wp-user-avatar-thumbnail alignleft photo\" \/><br \/>\n<b><i>Jelena \u0160eat<\/i><\/b><\/p>\n<p><em>&#8211; Faunistics and ecology of true bugs<\/em><\/p>\n<p>e-mail: <a href=\"mailto:jelena@habiprot.org.rs\">jelena@habiprot.org.rs, <\/a><br \/>\n<a href=\"https:\/\/www.researchgate.net\/profile\/Jelena_Seat\" target=\"_blank\" rel=\"noopener noreferrer\">ResearchGate profile<\/a><br \/>\n<a href=\"https:\/\/habiprot.org.rs\/JSeat\" target=\"_blank\" rel=\"noopener noreferrer\">List of publications<\/a><\/p>\n<p style=\"background-color: #0d6c3c; color: #fff;\"><img src=\"https:\/\/habiprot.org.rs\/wp-content\/uploads\/2019\/09\/FB_IMG_1569159061946-1-150x150.jpg\" alt=\"Mihailo\" class=\"avatar avatar-thumbnail wp-user-avatar wp-user-avatar-thumbnail alignleft photo\" \/><br \/>\n<b><i>Mihailo Vuji\u0107<\/i><\/b><\/p>\n<p><em>\u2013 Hoverflies<\/em><\/p>\n<p>e-mail: <a href=\"mailto:mihailovujic01@gmail.com\">mihailovujic01@gmail.com, <\/a><br \/>\n<a href=\"https:\/\/www.researchgate.net\/profile\/Mihailo_Vujic2\" target=\"_blank\" rel=\"noopener noreferrer\">ResearchGate profile<\/a><br \/>\n<a href=\"https:\/\/habiprot.org.rs\/MVujic\" target=\"_blank\" rel=\"noopener noreferrer\">List of publications<\/a><\/p>\n<p style=\"background-color: #0d6c3c; color: #fff;\"><img src=\"https:\/\/habiprot.org.rs\/wp-content\/uploads\/2026\/01\/Vidak-150x150.jpg\" alt=\"Vidak Laku\u0161i\u0107\" class=\"avatar avatar-thumbnail wp-user-avatar wp-user-avatar-thumbnail alignleft photo\" \/><br \/>\n<b><i>Vidak Laku\u0161i\u0107<\/i><\/b><\/p>\n<p><em>\u2013 Carabidae<\/em><\/p>\n<p>\u0435-\u0430\u0434\u0440\u0435\u0441\u0430: <a href=\"mailto:vica.lakusic@gmail.com\">vica.lakusic@gmail.com<\/a><br \/>\n<a href=\"https:\/\/www.researchgate.net\/profile\/Vidak-Lakusic-2?ev=hdr_xprf\" target=\"_blank\" rel=\"noopener noreferrer\">ResearchGate profil<\/a><br \/>\n<a href=\"https:\/\/habiprot.org.rs\/VLakusic\" target=\"_blank\" rel=\"noopener noreferrer\">List of publications<\/a><br \/>\n<\/p>\n<p style=\"background-color: #0d6c3c; color: #fff;\"><img src=\"https:\/\/habiprot.org.rs\/wp-content\/uploads\/2022\/11\/miska-150x150.jpg\" alt=\"Aleksandra Mi\u0161\u010devi\u0107\" class=\"avatar avatar-thumbnail wp-user-avatar wp-user-avatar-thumbnail alignleft photo\" \/><br \/>\n<b><i>Aleksandra Mi\u0161\u010devi\u0107<\/i><\/b><\/p>\n<p><em>\u2013 Elateridae<\/em><\/p>\n<p>e-mail: <a href=\"mailto:miska21121995@gmail.com\">miska21121995@gmail.com<\/a><\/p>\n<p><a href=\"https:\/\/habiprot.org.rs\/AMiscevic\" target=\"_blank\" rel=\"noopener noreferrer\">List of publications<\/a><\/p>\n<p style=\"background-color: #0d6c3c; color: #fff;\"><img src=\"https:\/\/habiprot.org.rs\/wp-content\/uploads\/2024\/11\/Sanja-B1-150x150.jpg\" alt=\"Sanja Banjanac\" class=\"avatar avatar-thumbnail wp-user-avatar wp-user-avatar-thumbnail alignleft photo\" \/><br \/>\n<b><i>Sanja Banjanac<\/i><\/b><\/p>\n<p><em>\u2013 Saprophilous insects<\/em><\/p>\n<p>e-adresa: <a href=\"mailto:sanjabanjanac3@gmail.com\">sanjabanjanac3@gmail.com<\/a><\/p>\n<p><a href=\"https:\/\/habiprot.org.rs\/SBanjanac\" target=\"_blank\" rel=\"noopener noreferrer\">List of publications<\/a><\/p>\n<p style=\"background-color: #0d6c3c; color: #fff;\"><img src=\"https:\/\/habiprot.org.rs\/wp-content\/uploads\/2019\/09\/P1540333-150x150.jpg\" alt=\"Nastas Ili\u0107\" class=\"avatar avatar-thumbnail wp-user-avatar wp-user-avatar-thumbnail alignleft photo\" \/><br \/>\n<b><i>Dr Nastas Ili\u0107<\/i><\/b><\/p>\n<p><em>\u2013 Longhorn beetles<\/em><\/p>\n<p>.<\/p>\n<p><a href=\"https:\/\/habiprot.org.rs\/NIlic\" target=\"_blank\" rel=\"noopener noreferrer\">List of publications<\/a><br \/>\n<\/p>\n<p style=\"background-color: #0d6c3c; color: #fff;\"><img src=\"https:\/\/habiprot.org.rs\/wp-content\/uploads\/2019\/09\/Sivkovi\u0107-1-150x150.jpg\" alt=\"Slobodan Ivkovi\u0107\" class=\"avatar avatar-thumbnail wp-user-avatar wp-user-avatar-thumbnail alignleft photo\" \/><br \/>\n<b><i>Slobodan Ivkovi\u0107<\/i><\/b><\/p>\n<p><em>\u2013 Orthoptera<\/em><\/p>\n<p>e-mail: <a href=\"mailto:s6slivko@uni-trier.de\">s6slivko@uni-trier.de,<\/a> &amp; <a href=\"mailto:marko.idvor@gmail.com\">marko.idvor@gmail.com,<\/a><br \/>\n<a href=\"https:\/\/www.researchgate.net\/profile\/Slobodan_Ivkovic\" target=\"_blank\" rel=\"noopener noreferrer\">ResearchGate profile<\/a><br \/>\n<a href=\"https:\/\/habiprot.org.rs\/SIvkovic\" target=\"_blank\" rel=\"noopener noreferrer\">List of publications<\/a><\/p>\n<p style=\"background-color: #0d6c3c; color: #fff;\"><img src=\"https:\/\/habiprot.org.rs\/wp-content\/uploads\/2016\/02\/mala.jpg\" alt=\"\u041c\u0438\u043b\u0430\u043d \u0402\u0443\u0440\u0438\u045b\" class=\"avatar avatar-thumbnail wp-user-avatar wp-user-avatar-thumbnail alignleft photo\" \/><br \/>\n<b><i>Milan \u0110uri\u0107<\/i><\/b><\/p>\n<p><em>\u2013 Database development<\/em><\/p>\n<p>e-mail: <a href=\"mailto:milandju8@gmail.com\">milandju8@gmail.com, <\/a><br \/>\n<a href=\"https:\/\/www.researchgate.net\/profile\/Milan_Duric\" target=\"_blank\" rel=\"noopener noreferrer\">ResearchGate profile<\/a><br \/>\n<a href=\"https:\/\/habiprot.org.rs\/MDjuric\" target=\"_blank\" rel=\"noopener noreferrer\">List of publications<\/a><\/p>\n<p style=\"background-color: #0d6c3c; color: #fff;\"><img src=\"https:\/\/habiprot.org.rs\/wp-content\/uploads\/2022\/01\/Mmiljevic.jpg\" alt=\"Miroslav Miljevi\u0107\" class=\"avatar avatar-thumbnail wp-user-avatar wp-user-avatar-thumbnail alignleft photo\" \/><br \/>\n<b><i>Miroslav Miljevi\u0107<\/i><\/b><\/p>\n<p><em>\u2013 Butterflies<\/em><\/p>\n<p>e-mail: <a href=\"mailto:miljevicmiroslav@yahoo.com\">miljevicmiroslav@yahoo.com<\/a><br \/>\n<a href=\"https:\/\/www.researchgate.net\/profile\/Miroslav_Miljevic\" target=\"_blank\" rel=\"noopener noreferrer\">ResearchGate profil<\/a><br \/>\n<a href=\"https:\/\/habiprot.org.rs\/MMiljevic\" target=\"_blank\" rel=\"noopener noreferrer\">List of publications<\/a><\/p>\n<p style=\"background-color: #0d6c3c; color: #fff;\"><img src=\"https:\/\/habiprot.org.rs\/wp-content\/uploads\/2019\/09\/Filip-150x150.jpg\" alt=\"Filip Vukajlovi\u0107\" class=\"avatar avatar-thumbnail wp-user-avatar wp-user-avatar-thumbnail alignleft photo\" \/><br \/>\n<b><i>Filip Vukajlovi\u0107<\/i><\/b><\/p>\n<p><em>\u2013 Longhorn beetles, storage pests<\/em><br \/>\ne-mail: <a href=\"mailto:filip.vukajlovic@pmf.kg.ac.rs \">filip.vukajlovic@pmf.kg.ac.rs, <\/a><br \/>\n<a href=\"https:\/\/www.researchgate.net\/profile\/Filip_Vukajlovic2\" target=\"_blank\" rel=\"noopener noreferrer\">ResearchGate profile<\/a><br \/>\n<a href=\"https:\/\/habiprot.org.rs\/FVukajlovic\" target=\"_blank\" rel=\"noopener noreferrer\">List of publications<\/a><\/p>\n<p style=\"background-color: #0d6c3c; color: #fff;\"><img src=\"https:\/\/habiprot.org.rs\/wp-content\/uploads\/2019\/09\/cv2-150x150.jpg\" alt=\"Ivan Tot\" class=\"avatar avatar-thumbnail wp-user-avatar wp-user-avatar-thumbnail alignleft photo\" \/><br \/>\n<b><i>Ivan Tot<\/i><\/b><\/p>\n<p><em>\u2013 Butterflies &amp; Longhorn beetles<\/em><\/p>\n<p>e-mail: <a href=\"mailto:ivan@habiprot.org.rs\">ivan@habiprot.org.rs, <\/a><br \/>\n<a href=\"https:\/\/www.researchgate.net\/profile\/Ivan_Tot2\" target=\"_blank\" rel=\"noopener noreferrer\">ResearchGate profile<\/a><br \/>\n<a href=\"https:\/\/habiprot.org.rs\/ITot\" target=\"_blank\" rel=\"noopener noreferrer\">List of publications<\/a><\/p>\n<p style=\"background-color: #0d6c3c; color: #fff;\"><img src=\"https:\/\/habiprot.org.rs\/wp-content\/uploads\/2022\/01\/Alexis.jpg\" alt=\"Aleksandra Jovanov\" class=\"avatar avatar-thumbnail wp-user-avatar wp-user-avatar-thumbnail alignleft photo\" \/><br \/>\n<b><i>Aleksandra Husarik<\/i><\/b><\/p>\n<p><em>\u2013 Moths<\/em><\/p>\n<p>e-mail: <a href=\"mailto:alexis.jovanov@gmail.com\">alexis.jovanov@gmail.com, <\/a><\/p>\n<p><a href=\"https:\/\/habiprot.org.rs\/AHusarik\" target=\"_blank\" rel=\"noopener noreferrer\">List of publications<\/a><\/p>\n<p style=\"background-color: #0d6c3c; color: #fff;\"><img src=\"https:\/\/habiprot.org.rs\/wp-content\/uploads\/2019\/10\/SAM_9880-150x150.jpg\" alt=\"Emanuel Veverica\" class=\"avatar avatar-thumbnail wp-user-avatar wp-user-avatar-thumbnail alignleft photo\" \/><br \/>\n<b><i>Emanuel Veverica<\/i><\/b><\/p>\n<p><em>\u2013 Odonata<\/em><\/p>\n<p>e-mail: <a href=\"mailto:emibcstamp@gmail.com\">emibcstamp@gmail.com<\/a><\/p>\n<p><a href=\"https:\/\/habiprot.org.rs\/EVeverica\" target=\"_blank\" rel=\"noopener noreferrer\">List of publications<\/a><\/p>\n<p style=\"background-color: #0d6c3c; color: #fff;\"><img src=\"https:\/\/habiprot.org.rs\/wp-content\/uploads\/2022\/01\/DVajgand.jpg\" alt=\"Dragan Vajgand\" class=\"avatar avatar-thumbnail wp-user-avatar wp-user-avatar-thumbnail alignleft photo\" \/><br \/>\n<b><i>Dr Dragan Vajgand<\/i><\/b><\/p>\n<p><em>\u2013 Agricultural pests<\/em><\/p>\n<p>e-mail: <a href=\"mailto:vajgandd@sbb.rs\">vajgandd@sbb.rs<\/a><br \/>\n<a href=\"https:\/\/www.researchgate.net\/profile\/Dragan_Vajgand\" target=\"_blank\" rel=\"noopener noreferrer\">ResearchGate profile<\/a><br \/>\n<a href=\"https:\/\/habiprot.org.rs\/DVajgand\" target=\"_blank\" rel=\"noopener noreferrer\">List of publications<\/a><br \/>\n<\/p>","protected":false},"excerpt":{"rendered":"<p>Bo\u017eenka Hric \u2013 Moths e-mail: bozenkahric@gmail.com ResearchGate profil List of publications Bojana Nada\u017edin \u2013 Faunistics of true bugs e-mail: bojananadazdin91@gmail.com ResearchGate profil List of publications Kosta Relji\u0107 \u2013 Butterflies and Asilidae \u0435-\u0430\u0434\u0440\u0435\u0441\u0430: reljickosta19@gmail.com ResearchGate profil List of publications Jelena \u0160eat&hellip; <\/p>\n","protected":false},"author":4,"featured_media":0,"parent":0,"menu_order":0,"comment_status":"closed","ping_status":"closed","template":"","meta":[],"yoast_head":"<!-- This site is optimized with the Yoast SEO plugin v15.4 - https:\/\/yoast.com\/wordpress\/plugins\/seo\/ -->\n<title>References - HabiProt<\/title>\n<meta name=\"robots\" content=\"index, follow, max-snippet:-1, max-image-preview:large, max-video-preview:-1\" \/>\n<link rel=\"canonical\" href=\"https:\/\/habiprot.org.rs\/reference\/\" \/>\n<meta property=\"og:locale\" content=\"en_US\" \/>\n<meta property=\"og:type\" content=\"article\" \/>\n<meta property=\"og:title\" content=\"[:rl]Reference[:sr]\u0420\u0435\u0444\u0435\u0440\u0435\u043d\u0446\u0435[:en]References[:] - HabiProt\" \/>\n<meta property=\"og:description\" content=\"Bo\u017eenka Hric \u2013 Moths e-mail: bozenkahric@gmail.com ResearchGate profil List of publications Bojana Nada\u017edin \u2013 Faunistics of true bugs e-mail: bojananadazdin91@gmail.com ResearchGate profil List of publications Kosta Relji\u0107 \u2013 Butterflies and Asilidae \u0435-\u0430\u0434\u0440\u0435\u0441\u0430: reljickosta19@gmail.com ResearchGate profil List of publications Jelena \u0160eat&hellip;\" \/>\n<meta property=\"og:url\" content=\"https:\/\/habiprot.org.rs\/reference\/\" \/>\n<meta property=\"og:site_name\" content=\"HabiProt\" \/>\n<meta property=\"article:modified_time\" content=\"2026-01-11T09:20:01+00:00\" \/>\n<meta name=\"twitter:card\" content=\"summary\" \/>\n<meta name=\"twitter:label1\" content=\"Written by\">\n\t<meta name=\"twitter:data1\" content=\"\u041c\u0438\u043b\u0430\u043d \u0402\u0443\u0440\u0438\u045b\">\n\t<meta name=\"twitter:label2\" content=\"Est. reading time\">\n\t<meta name=\"twitter:data2\" content=\"4 minutes\">\n<script type=\"application\/ld+json\" class=\"yoast-schema-graph\">{\"@context\":\"https:\/\/schema.org\",\"@graph\":[{\"@type\":\"WebSite\",\"@id\":\"https:\/\/habiprot.org.rs\/#website\",\"url\":\"https:\/\/habiprot.org.rs\/\",\"name\":\"HabiProt\",\"description\":\"NGO for sustainable development and habitat protection in Serbia\",\"potentialAction\":[{\"@type\":\"SearchAction\",\"target\":\"https:\/\/habiprot.org.rs\/?s={search_term_string}\",\"query-input\":\"required name=search_term_string\"}],\"inLanguage\":\"en-US\"},{\"@type\":\"WebPage\",\"@id\":\"https:\/\/habiprot.org.rs\/reference\/#webpage\",\"url\":\"https:\/\/habiprot.org.rs\/reference\/\",\"name\":\"[:rl]Reference[:sr]\\u0420\\u0435\\u0444\\u0435\\u0440\\u0435\\u043d\\u0446\\u0435[:en]References[:] - HabiProt\",\"isPartOf\":{\"@id\":\"https:\/\/habiprot.org.rs\/#website\"},\"datePublished\":\"2016-01-29T20:43:57+00:00\",\"dateModified\":\"2026-01-11T09:20:01+00:00\",\"inLanguage\":\"en-US\",\"potentialAction\":[{\"@type\":\"ReadAction\",\"target\":[\"https:\/\/habiprot.org.rs\/reference\/\"]}]}]}<\/script>\n<!-- \/ Yoast SEO plugin. -->","_links":{"self":[{"href":"https:\/\/habiprot.org.rs\/en\/wp-json\/wp\/v2\/pages\/26"}],"collection":[{"href":"https:\/\/habiprot.org.rs\/en\/wp-json\/wp\/v2\/pages"}],"about":[{"href":"https:\/\/habiprot.org.rs\/en\/wp-json\/wp\/v2\/types\/page"}],"author":[{"embeddable":true,"href":"https:\/\/habiprot.org.rs\/en\/wp-json\/wp\/v2\/users\/4"}],"replies":[{"embeddable":true,"href":"https:\/\/habiprot.org.rs\/en\/wp-json\/wp\/v2\/comments?post=26"}],"version-history":[{"count":490,"href":"https:\/\/habiprot.org.rs\/en\/wp-json\/wp\/v2\/pages\/26\/revisions"}],"predecessor-version":[{"id":3475,"href":"https:\/\/habiprot.org.rs\/en\/wp-json\/wp\/v2\/pages\/26\/revisions\/3475"}],"wp:attachment":[{"href":"https:\/\/habiprot.org.rs\/en\/wp-json\/wp\/v2\/media?parent=26"}],"curies":[{"name":"wp","href":"https:\/\/api.w.org\/{rel}","templated":true}]}}