{"id":2606,"date":"2022-01-04T10:11:27","date_gmt":"2022-01-04T09:11:27","guid":{"rendered":"https:\/\/habiprot.org.rs\/?page_id=2606"},"modified":"2024-02-27T23:55:11","modified_gmt":"2024-02-27T22:55:11","slug":"jseat","status":"publish","type":"page","link":"https:\/\/habiprot.org.rs\/en\/jseat\/","title":{"rendered":"Jelena \u0160eat"},"content":{"rendered":"<p><\/p>\n<p style=\"background-color: #0d6c3c; color: #fff;\"><img src=\"https:\/\/habiprot.org.rs\/wp-content\/uploads\/2017\/05\/IMG_1868-150x150.jpg\" alt=\"\u0408\u0435\u043b\u0435\u043d\u0430 \u0428\u0435\u0430\u0442\" class=\"avatar avatar-thumbnail wp-user-avatar wp-user-avatar-thumbnail alignleft photo\" \/><br \/>\n<b><i>Jelena \u0160eat<\/i><\/b><\/p>\n<p><em>Fauna and ecology of true bugs <\/em><\/p>\n<p>e-mail<em>: <\/em><a href=\"mailto:jelenaseat@yahoo.com\">jelenaseat@yahoo.com, <\/a><a href=\"https:\/\/www.researchgate.net\/profile\/Jelena_Seat\" target=\"_blank\" rel=\"noopener noreferrer\">ResearchGate profile<\/a><\/p>\n<ol>\n<li><strong>\u0160eat J.<\/strong> 2011: True bugs (Heteroptera) of P\u010dinja Valley (Serbia), <em>Acta entomologica serbica<\/em> 16 (1\/2), p. 9-24.<\/li>\n<li><strong>\u0160eat J.<\/strong> 2013: True bugs (Heteroptera) of Stara Planina Mountain (Serbia), <em>Acta entomologica serbica<\/em> 18 (1\/2), p. 17-41.<\/li>\n<li>Popovi\u0107 M., <strong>\u0160eat J.<\/strong>, Ili\u0107 N., \u00d0uri\u0107 M. 2013: New findings of <em>Theophilea subcylindricollis<\/em> (Coleoptera: Cerambycidae) in Serbia, <em>Acta entomologica serbica<\/em> 18 (1\/2), p. 237-240.<\/li>\n<li><strong>\u0160eat J.<\/strong> 2013: True bugs (Heteroptera) in the Alciphron database. <em>IX Symposium of entomologists of Serbia 2013<\/em>, 18-22 September, Tara, Serbia. Entomological society of Serbia, 36 p.<\/li>\n<li><strong>\u0160eat J.<\/strong> 2015: <em>Halyomorpha halys<\/em> (St\u00e5l, 1855) (Heteroptera: Pentatomidae) a new invasive species in Serbia. <em>Acta entomologica serbica<\/em> 20: 167-171.<\/li>\n<li><strong>\u0160eat J.<\/strong>, Nada\u017edin B. 2015: Overview of the true bug (Heteroptera) fauna of the Ov\u010dar-Kablar Gorge. <em>Bele\u017enik Ov\u010darsko-kablarske klisure <\/em>6 (1): 38-47.<\/li>\n<li><strong>\u0160eat J.<\/strong>, Nada\u017edin B., Tot I. 2015: True bugs (Heteroptera) of Saline Habitats in Vojvodina Province \u2013 Preliminary results. <em>X<\/em><em> Symposium of entomologist of Serbia 2015<\/em>, 23-27 September, Kladovo, Serbia. Entomological society of Serbia, 11 p.<\/li>\n<li><strong>\u0160eat J.<\/strong> 2016: True Bugs (Heteroptera) of Halophytic Habitats in Vojvodina. <em>Nature knows no boundaries<\/em> \u0336 <em>Rufford Small Grants Conference<\/em>, 21-22 March, Banja Luka, Bosnia and Herzegovina, Book of Abstracts, 31 p.<\/li>\n<li>Proti\u0107 Lj., <strong>\u0160eat J.<\/strong> 2016: First records of the alien sycamore seed bug <em>Belonochilus numenius<\/em> in Serbia (Heteroptera: Lygaeidae). <em> Acta entomologica serbica<\/em> 21: 13-19<strong>.<\/strong><\/li>\n<li>Popovi\u0107 M., \u0160a\u0161i\u0107 M., Medenica I., <strong>\u0160eat J.<\/strong>, \u0110ur\u0111evi\u0107 A., Crnobrnja-Isailovi\u0107 J. 2016: Living on the edge: population ecology of Phengaris teleius in Serbia. <em>Journal of Insect Conservation<\/em> &#8230; DOI 10.1007\/s10841-016-9922-6<\/li>\n<li><strong>\u0160eat J.<\/strong>, Nada\u017edin B., Cvetkovi\u0107 M., Jovanov A., Tot I. 2017: Providing a base for conservation of true bugs (Insecta, Heteroptera) and their saline habitats in Vojvodina (northern Serbia). <em>Hyla<\/em> 2016 (1): 19-23.<\/li>\n<li><strong>\u0160eat J.<\/strong>, 2017: Invasive true bugs in the &#8220;Alciphron&#8221; database of insects of Serbia. <em>XI<\/em><em> Symposium of entomologist of Serbia 2017<\/em>, 17-21 September, Go\u010d, Serbia. Entomological society of Serbia, 112-113 pp.<\/li>\n<li>Nada\u017edin B., <strong>\u0160eat J.<\/strong> 2017: Fauna of true bugs (Heteroptera) of the steppe and saline habitats in the Special Nature Reserve &#8220;Selevenjske pustare&#8221;. <em>XI<\/em><em> Symposium of entomologist of Serbia 2017<\/em>, 17-21 September, Go\u010d, Serbia, 97-98 pp.<\/li>\n<li>Proti\u0107 Lj., \u0160\u0107iban M., <strong>\u0160eat J.<\/strong>, Stankovi\u0107 M. 2017: True bug fauna (Insecta: Heteroptera) of the Zasavica Special Nature Reserve. Nau\u010dno-stru\u010dni skup o biodiverzitetu i drugim vrednostima rezervata Zasavica &#8220;Zasavica 2017&#8221;, Sremska Mitrovica, Srbija, 117-127 pp.<\/li>\n<li><strong>\u0160eat J.<\/strong> 2017: Contribution to the knowledge on true bugs (Insecta: Heteroptera) of Vlasina. <em>Za\u0161tita prirode<\/em> 67 (1\/2): 43-54.<\/li>\n<li><strong>\u0160eat J.<\/strong>, Kaur H., Gall\u00e9 R., Torma A. 2018: The role of road verges as secoundary linear habitats for forest steppe Heteroptera. <em> 8th European Hemiptera Congress<\/em>, 24-29 Jun 2018, Zawiercie, Poland. Book of Abstracts, 61 p.<span id=\"yui_3_14_1_1_1538594796813_151\"><\/span><\/li>\n<li><strong>\u0160eat J.<\/strong>, Torma A. 2018: Seasonal changes of Heteroptera assemblages in Pannonian salt grasslands of Serbia. <em>8th European Hemiptera Congress<\/em>, 24-29 Jun 2018, Zawiercie, Poland. Book of Abstracts, 120 p.<\/li>\n<li>Torma A., <strong>\u0160eat J.<\/strong>, Cs\u00e1sz\u00e1r P. 2018: Effect of grazing and mowing on Heteroptera assemblages in Hungarian salt grasslands. <em>8th European Hemiptera Congress<\/em>, 24-29 Jun 2018, Zawiercie, Poland. Book of Abstracts, 125 p.<\/li>\n<li><strong>\u0160eat J.<\/strong> 2018: True Bugs (Heteroptera) of Saline Grasslands in Serbian Banat. <em>3rd Rufford Small Grants Conference <\/em> \u0336 <em>Explore and protect the natural beauty of Balkans<\/em>, 27-28 September, Srebrno jezero, Serbia, Book of Abstracts, 18 p.<\/li>\n<li><strong>\u0160eat J.<\/strong>, Nada\u017edin B. 2018: The true bugs (Insecta, Heteroptera) of the Ov\u010dar-Kablar Gorge. <em>Bele\u017enik Ov\u010darsko-kablarske klisure<\/em> 8: 8-16.<\/li>\n<li><strong>\u0160eat J<\/strong>., Vuji\u0107 M., Nada\u017edin B. 2019: New faunal data on true bugs (Heteroptera) in Serbia. <em>Acta entomologica serbica<\/em> 24(1): 95-99. DOI: 10.5281\/zenodo.2648459<\/li>\n<li><strong>\u0160eat J.<\/strong>, Torma A. 2019: Role of landscape composition and management in shaping true bug communities of Serbian saline grasslands. <em>Student Conference on Conservation Science<\/em>, 27-31 August 2019, Tihany, Hungary.<\/li>\n<li>Kaur H., Torma A., Gall\u00e9\u2011Szpisjak N., <strong>\u0160eat J<\/strong>., L\u0151rinczi G., M\u00f3dra G., Gall\u00e9 R. 2019: Road verges are important secondary habitats for grassland arthropods. <em>Journal of Insect Conservation<\/em>. DOI: 10.1007\/s10841-019-00171-9<\/li>\n<li>Nada\u017edin B., <strong>\u0160eat J<\/strong>. 2019: Zna\u010dajni nalazi stenica (Insecta: Heteroptera) u bazi \u201eAlciphron\u201c. <em>XII Symposium of entomologist of Serbia<\/em>, 25-29 September 2019, Ni\u0161, Serbia, 30 p.<\/li>\n<li>Nada\u017edin B., <strong>\u0160eat J.<\/strong> 2019: Prilog poznavanju faune stenica (Insecta: Heteroptera) P\u010dinjskog kraja. <em>XII Symposium of entomologist of Serbia<\/em>, 25-29 September 2019, Ni\u0161, Serbia, 30-31 pp.<\/li>\n<li><strong>\u0160eat J.<\/strong>, Attila Torma 2019: Uloga stenica (Heteroptera) u brzoj proceni kvaliteta slatinskih pa\u0161njaka u Vojvodini. <em>XII Symposium of entomologist of Serbia<\/em>, 25-29 September 2019, Ni\u0161, Serbia, 31 p.<\/li>\n<li><strong>\u0160eat J.<\/strong>, Nada\u017edin B., \u0160\u0107iban M. 2020: <em>Acrosternum heegeri<\/em> (Heteroptera: Pentatomidae) in Serbia. <em>Acta entomologica serbica<\/em>, 2020, 25(1): 77-81. DOI: 10.5281\/zenodo.3871640<\/li>\n<li><strong>\u0160eat J<\/strong>., Nada\u017edin B., Mili\u0107 N., \u0106uk M., Torma A. 2020: How steady is the nested pattern in saline grassland true bug communities? Effects of sampling effort and data completeness on nestedness. <em>Acta Oecologica<\/em> 110 (2021) 103670. DOI: 10.1016\/j.actao.2020.103670<\/li>\n<li><strong>\u0160eat J.<\/strong>, Nada\u017edin B. 2021: True bugs (Heteroptera) of the Pannonic salt steppes and salt marshes in Serbia and their conservation status in the Pannonian countries. <em>Annales de la Soci\u00e9t\u00e9 entomologique de France (N.S.)<\/em>. DOI: 10.1080\/00379271.2021.1888155<\/li>\n<li><b>\u0160eat J.<\/b>, Torma A. 2022: Uloga drena\u017enih kanala u konzervaciji slatinskih stenica (Heteroptera). <em>Rezimei XIII Simpozijuma entomologa Srbije<\/em>. Univerzitet u Ni\u0161u, Pirot, Srbija, 14-16. septembar 2022.<\/li>\n<\/ol>\n<p><\/p>","protected":false},"excerpt":{"rendered":"<p>Jelena \u0160eat Fauna and ecology of true bugs e-mail: jelenaseat@yahoo.com, ResearchGate profile \u0160eat J. 2011: True bugs (Heteroptera) of P\u010dinja Valley (Serbia), Acta entomologica serbica 16 (1\/2), p. 9-24. \u0160eat J. 2013: True bugs (Heteroptera) of Stara Planina Mountain (Serbia),&hellip; <\/p>\n","protected":false},"author":4,"featured_media":0,"parent":0,"menu_order":0,"comment_status":"closed","ping_status":"closed","template":"","meta":[],"yoast_head":"<!-- This site is optimized with the Yoast SEO plugin v15.4 - https:\/\/yoast.com\/wordpress\/plugins\/seo\/ -->\n<title>Jelena \u0160eat - HabiProt<\/title>\n<meta name=\"robots\" content=\"index, follow, max-snippet:-1, max-image-preview:large, max-video-preview:-1\" \/>\n<link rel=\"canonical\" href=\"https:\/\/habiprot.org.rs\/jseat\/\" \/>\n<meta property=\"og:locale\" content=\"en_US\" \/>\n<meta property=\"og:type\" content=\"article\" \/>\n<meta property=\"og:title\" content=\"[:rl]Jelena \u0160eat[:sr]\u0408\u0435\u043b\u0435\u043d\u0430 \u0428\u0435\u0430\u0442[:en]Jelena \u0160eat[:] - HabiProt\" \/>\n<meta property=\"og:description\" content=\"Jelena \u0160eat Fauna and ecology of true bugs e-mail: jelenaseat@yahoo.com, ResearchGate profile \u0160eat J. 2011: True bugs (Heteroptera) of P\u010dinja Valley (Serbia), Acta entomologica serbica 16 (1\/2), p. 9-24. \u0160eat J. 2013: True bugs (Heteroptera) of Stara Planina Mountain (Serbia),&hellip;\" \/>\n<meta property=\"og:url\" content=\"https:\/\/habiprot.org.rs\/jseat\/\" \/>\n<meta property=\"og:site_name\" content=\"HabiProt\" \/>\n<meta property=\"article:modified_time\" content=\"2024-02-27T22:55:11+00:00\" \/>\n<meta name=\"twitter:card\" content=\"summary\" \/>\n<meta name=\"twitter:label1\" content=\"Written by\">\n\t<meta name=\"twitter:data1\" content=\"\u041c\u0438\u043b\u0430\u043d \u0402\u0443\u0440\u0438\u045b\">\n\t<meta name=\"twitter:label2\" content=\"Est. reading time\">\n\t<meta name=\"twitter:data2\" content=\"10 minutes\">\n<script type=\"application\/ld+json\" class=\"yoast-schema-graph\">{\"@context\":\"https:\/\/schema.org\",\"@graph\":[{\"@type\":\"WebSite\",\"@id\":\"https:\/\/habiprot.org.rs\/#website\",\"url\":\"https:\/\/habiprot.org.rs\/\",\"name\":\"HabiProt\",\"description\":\"NGO for sustainable development and habitat protection in Serbia\",\"potentialAction\":[{\"@type\":\"SearchAction\",\"target\":\"https:\/\/habiprot.org.rs\/?s={search_term_string}\",\"query-input\":\"required name=search_term_string\"}],\"inLanguage\":\"en-US\"},{\"@type\":\"WebPage\",\"@id\":\"https:\/\/habiprot.org.rs\/jseat\/#webpage\",\"url\":\"https:\/\/habiprot.org.rs\/jseat\/\",\"name\":\"[:rl]Jelena \\u0160eat[:sr]\\u0408\\u0435\\u043b\\u0435\\u043d\\u0430 \\u0428\\u0435\\u0430\\u0442[:en]Jelena \\u0160eat[:] - HabiProt\",\"isPartOf\":{\"@id\":\"https:\/\/habiprot.org.rs\/#website\"},\"datePublished\":\"2022-01-04T09:11:27+00:00\",\"dateModified\":\"2024-02-27T22:55:11+00:00\",\"inLanguage\":\"en-US\",\"potentialAction\":[{\"@type\":\"ReadAction\",\"target\":[\"https:\/\/habiprot.org.rs\/jseat\/\"]}]}]}<\/script>\n<!-- \/ Yoast SEO plugin. -->","_links":{"self":[{"href":"https:\/\/habiprot.org.rs\/en\/wp-json\/wp\/v2\/pages\/2606"}],"collection":[{"href":"https:\/\/habiprot.org.rs\/en\/wp-json\/wp\/v2\/pages"}],"about":[{"href":"https:\/\/habiprot.org.rs\/en\/wp-json\/wp\/v2\/types\/page"}],"author":[{"embeddable":true,"href":"https:\/\/habiprot.org.rs\/en\/wp-json\/wp\/v2\/users\/4"}],"replies":[{"embeddable":true,"href":"https:\/\/habiprot.org.rs\/en\/wp-json\/wp\/v2\/comments?post=2606"}],"version-history":[{"count":13,"href":"https:\/\/habiprot.org.rs\/en\/wp-json\/wp\/v2\/pages\/2606\/revisions"}],"predecessor-version":[{"id":3137,"href":"https:\/\/habiprot.org.rs\/en\/wp-json\/wp\/v2\/pages\/2606\/revisions\/3137"}],"wp:attachment":[{"href":"https:\/\/habiprot.org.rs\/en\/wp-json\/wp\/v2\/media?parent=2606"}],"curies":[{"name":"wp","href":"https:\/\/api.w.org\/{rel}","templated":true}]}}