{"id":2758,"date":"2022-01-09T12:50:30","date_gmt":"2022-01-09T11:50:30","guid":{"rendered":"https:\/\/habiprot.org.rs\/?page_id=2758"},"modified":"2022-01-09T13:06:48","modified_gmt":"2022-01-09T12:06:48","slug":"ahusarik","status":"publish","type":"page","link":"https:\/\/habiprot.org.rs\/en\/ahusarik\/","title":{"rendered":"AHusarik"},"content":{"rendered":"<p style=\"background-color: #0d6c3c; color: #fff;\"><img src=\"https:\/\/habiprot.org.rs\/wp-content\/uploads\/2022\/01\/Alexis.jpg\" alt=\"Aleksandra Jovanov\" class=\"avatar avatar-thumbnail wp-user-avatar wp-user-avatar-thumbnail alignleft photo\" \/><br \/>\n<b><i>Aleksandra Husarik<\/i><\/b><\/p>\n<p><em>\u2013 No\u0107ni leptiri<\/em><\/p>\n<p>e-adresa: <a href=\"mailto:alexis.jovanov@gmail.com\"> alexis.jovanov@gmail.com <\/a><\/p>\n<ol>\n<li><strong>Jovanov A.<\/strong>, \u0110uri\u0107 M., Hric B. 2016: No\u0107ni leptiri Stare Planine \/ Moths of Stara Planina, Srbija\u0161ume &#038; HabiProt, pp. 140 [Serbian\/English]<\/li>\n<li><strong>Husarik A.<\/strong>, Hric B., Tot I. 2019: No\u0107ni leptiri Vlasine \/ Moths of Vlasina, TO Surdulica &#038; HabiProt, pp. 119 [Serbian\/English]<\/li>\n<\/ol>\n","protected":false},"excerpt":{"rendered":"<p>Aleksandra Husarik \u2013 No\u0107ni leptiri e-adresa: alexis.jovanov@gmail.com Jovanov A., \u0110uri\u0107 M., Hric B. 2016: No\u0107ni leptiri Stare Planine \/ Moths of Stara Planina, Srbija\u0161ume &#038; HabiProt, pp. 140 [Serbian\/English] Husarik A., Hric B., Tot I. 2019: No\u0107ni leptiri Vlasine \/&hellip; <\/p>\n","protected":false},"author":4,"featured_media":0,"parent":0,"menu_order":0,"comment_status":"closed","ping_status":"closed","template":"","meta":[],"yoast_head":"<!-- This site is optimized with the Yoast SEO plugin v15.4 - https:\/\/yoast.com\/wordpress\/plugins\/seo\/ -->\n<title><\/title>\n<meta name=\"robots\" content=\"index, follow, max-snippet:-1, max-image-preview:large, max-video-preview:-1\" \/>\n<link rel=\"canonical\" href=\"https:\/\/habiprot.org.rs\/ahusarik\/\" \/>\n<meta property=\"og:locale\" content=\"en_US\" \/>\n<meta property=\"og:type\" content=\"article\" \/>\n<meta property=\"og:title\" content=\"[:rl]AHusarik[:] - HabiProt\" \/>\n<meta property=\"og:description\" content=\"Aleksandra Husarik \u2013 No\u0107ni leptiri e-adresa: alexis.jovanov@gmail.com Jovanov A., \u0110uri\u0107 M., Hric B. 2016: No\u0107ni leptiri Stare Planine \/ Moths of Stara Planina, Srbija\u0161ume &#038; HabiProt, pp. 140 [Serbian\/English] Husarik A., Hric B., Tot I. 2019: No\u0107ni leptiri Vlasine \/&hellip;\" \/>\n<meta property=\"og:url\" content=\"https:\/\/habiprot.org.rs\/ahusarik\/\" \/>\n<meta property=\"og:site_name\" content=\"HabiProt\" \/>\n<meta property=\"article:modified_time\" content=\"2022-01-09T12:06:48+00:00\" \/>\n<meta name=\"twitter:card\" content=\"summary\" \/>\n<meta name=\"twitter:label1\" content=\"Written by\">\n\t<meta name=\"twitter:data1\" content=\"\u041c\u0438\u043b\u0430\u043d \u0402\u0443\u0440\u0438\u045b\">\n\t<meta name=\"twitter:label2\" content=\"Est. reading time\">\n\t<meta name=\"twitter:data2\" content=\"0 minutes\">\n<script type=\"application\/ld+json\" class=\"yoast-schema-graph\">{\"@context\":\"https:\/\/schema.org\",\"@graph\":[{\"@type\":\"WebSite\",\"@id\":\"https:\/\/habiprot.org.rs\/#website\",\"url\":\"https:\/\/habiprot.org.rs\/\",\"name\":\"HabiProt\",\"description\":\"NGO for sustainable development and habitat protection in Serbia\",\"potentialAction\":[{\"@type\":\"SearchAction\",\"target\":\"https:\/\/habiprot.org.rs\/?s={search_term_string}\",\"query-input\":\"required name=search_term_string\"}],\"inLanguage\":\"en-US\"},{\"@type\":\"WebPage\",\"@id\":\"https:\/\/habiprot.org.rs\/ahusarik\/#webpage\",\"url\":\"https:\/\/habiprot.org.rs\/ahusarik\/\",\"name\":\"[:rl]AHusarik[:] - HabiProt\",\"isPartOf\":{\"@id\":\"https:\/\/habiprot.org.rs\/#website\"},\"datePublished\":\"2022-01-09T11:50:30+00:00\",\"dateModified\":\"2022-01-09T12:06:48+00:00\",\"inLanguage\":\"en-US\",\"potentialAction\":[{\"@type\":\"ReadAction\",\"target\":[\"https:\/\/habiprot.org.rs\/ahusarik\/\"]}]}]}<\/script>\n<!-- \/ Yoast SEO plugin. -->","_links":{"self":[{"href":"https:\/\/habiprot.org.rs\/en\/wp-json\/wp\/v2\/pages\/2758"}],"collection":[{"href":"https:\/\/habiprot.org.rs\/en\/wp-json\/wp\/v2\/pages"}],"about":[{"href":"https:\/\/habiprot.org.rs\/en\/wp-json\/wp\/v2\/types\/page"}],"author":[{"embeddable":true,"href":"https:\/\/habiprot.org.rs\/en\/wp-json\/wp\/v2\/users\/4"}],"replies":[{"embeddable":true,"href":"https:\/\/habiprot.org.rs\/en\/wp-json\/wp\/v2\/comments?post=2758"}],"version-history":[{"count":3,"href":"https:\/\/habiprot.org.rs\/en\/wp-json\/wp\/v2\/pages\/2758\/revisions"}],"predecessor-version":[{"id":2761,"href":"https:\/\/habiprot.org.rs\/en\/wp-json\/wp\/v2\/pages\/2758\/revisions\/2761"}],"wp:attachment":[{"href":"https:\/\/habiprot.org.rs\/en\/wp-json\/wp\/v2\/media?parent=2758"}],"curies":[{"name":"wp","href":"https:\/\/api.w.org\/{rel}","templated":true}]}}