{"id":3282,"date":"2024-11-18T13:44:58","date_gmt":"2024-11-18T12:44:58","guid":{"rendered":"https:\/\/habiprot.org.rs\/?page_id=3282"},"modified":"2024-11-18T13:47:51","modified_gmt":"2024-11-18T12:47:51","slug":"sbanjanac","status":"publish","type":"page","link":"https:\/\/habiprot.org.rs\/en\/sbanjanac\/","title":{"rendered":"SBanjanac"},"content":{"rendered":"<p><\/p>\n<p style=\"background-color: #0d6c3c; color: #fff;\"><img src=\"https:\/\/habiprot.org.rs\/wp-content\/uploads\/2024\/11\/Sanja-B1-150x150.jpg\" alt=\"Sanja Banjanac\" class=\"avatar avatar-thumbnail wp-user-avatar wp-user-avatar-thumbnail alignleft photo\" \/><br \/>\n<b><i>Sanja Banjanac<\/i><\/b><\/p>\n<p><em>\u2013 Saprophilous insects<\/em><\/p>\n<ol>\n<li><b>Banjanac S<\/b>, Vuji\u0107 M. 2024: The first record of the wharf borer <em>Nacerdes melanura<\/em> (Linnaeus, 1758) (Coleoptera: Oedemeridae) in Serbia. <em>Kragujevac Journal of Science<\/em> 46, p. 01-04.<\/li>\n<li>Vukajlovi\u0107 F, Ugrnov D, Rapaji\u0107 B, \u0106o\u0107i\u0107 D, <b>Banjanac S<\/b>, Tot I. 2024: <em>Alcidodes karelinii<\/em> (Coleoptera: Curculionoidea: Molytinae) \u2013 New weevil species for the Fauna of Serbia. <em>Kragujevac Journal of Science<\/em> 46, p. 169-173.<\/li>\n<\/ol>\n<p><\/p>","protected":false},"excerpt":{"rendered":"<p>Sanja Banjanac \u2013 Saprophilous insects Banjanac S, Vuji\u0107 M. 2024: The first record of the wharf borer Nacerdes melanura (Linnaeus, 1758) (Coleoptera: Oedemeridae) in Serbia. Kragujevac Journal of Science 46, p. 01-04. Vukajlovi\u0107 F, Ugrnov D, Rapaji\u0107 B, \u0106o\u0107i\u0107 D,&hellip; <\/p>\n","protected":false},"author":4,"featured_media":0,"parent":0,"menu_order":0,"comment_status":"closed","ping_status":"closed","template":"","meta":[],"yoast_head":"<!-- This site is optimized with the Yoast SEO plugin v15.4 - https:\/\/yoast.com\/wordpress\/plugins\/seo\/ -->\n<title><\/title>\n<meta name=\"robots\" content=\"index, follow, max-snippet:-1, max-image-preview:large, max-video-preview:-1\" \/>\n<link rel=\"canonical\" href=\"https:\/\/habiprot.org.rs\/sbanjanac\/\" \/>\n<meta property=\"og:locale\" content=\"en_US\" \/>\n<meta property=\"og:type\" content=\"article\" \/>\n<meta property=\"og:title\" content=\"[:rl]SBanjanac[:] - HabiProt\" \/>\n<meta property=\"og:description\" content=\"Sanja Banjanac \u2013 Saprophilous insects Banjanac S, Vuji\u0107 M. 2024: The first record of the wharf borer Nacerdes melanura (Linnaeus, 1758) (Coleoptera: Oedemeridae) in Serbia. Kragujevac Journal of Science 46, p. 01-04. Vukajlovi\u0107 F, Ugrnov D, Rapaji\u0107 B, \u0106o\u0107i\u0107 D,&hellip;\" \/>\n<meta property=\"og:url\" content=\"https:\/\/habiprot.org.rs\/sbanjanac\/\" \/>\n<meta property=\"og:site_name\" content=\"HabiProt\" \/>\n<meta property=\"article:modified_time\" content=\"2024-11-18T12:47:51+00:00\" \/>\n<meta name=\"twitter:card\" content=\"summary\" \/>\n<meta name=\"twitter:label1\" content=\"Written by\">\n\t<meta name=\"twitter:data1\" content=\"\u041c\u0438\u043b\u0430\u043d \u0402\u0443\u0440\u0438\u045b\">\n\t<meta name=\"twitter:label2\" content=\"Est. reading time\">\n\t<meta name=\"twitter:data2\" content=\"1 minute\">\n<script type=\"application\/ld+json\" class=\"yoast-schema-graph\">{\"@context\":\"https:\/\/schema.org\",\"@graph\":[{\"@type\":\"WebSite\",\"@id\":\"https:\/\/habiprot.org.rs\/#website\",\"url\":\"https:\/\/habiprot.org.rs\/\",\"name\":\"HabiProt\",\"description\":\"NGO for sustainable development and habitat protection in Serbia\",\"potentialAction\":[{\"@type\":\"SearchAction\",\"target\":\"https:\/\/habiprot.org.rs\/?s={search_term_string}\",\"query-input\":\"required name=search_term_string\"}],\"inLanguage\":\"en-US\"},{\"@type\":\"WebPage\",\"@id\":\"https:\/\/habiprot.org.rs\/sbanjanac\/#webpage\",\"url\":\"https:\/\/habiprot.org.rs\/sbanjanac\/\",\"name\":\"[:rl]SBanjanac[:] - HabiProt\",\"isPartOf\":{\"@id\":\"https:\/\/habiprot.org.rs\/#website\"},\"datePublished\":\"2024-11-18T12:44:58+00:00\",\"dateModified\":\"2024-11-18T12:47:51+00:00\",\"inLanguage\":\"en-US\",\"potentialAction\":[{\"@type\":\"ReadAction\",\"target\":[\"https:\/\/habiprot.org.rs\/sbanjanac\/\"]}]}]}<\/script>\n<!-- \/ Yoast SEO plugin. -->","_links":{"self":[{"href":"https:\/\/habiprot.org.rs\/en\/wp-json\/wp\/v2\/pages\/3282"}],"collection":[{"href":"https:\/\/habiprot.org.rs\/en\/wp-json\/wp\/v2\/pages"}],"about":[{"href":"https:\/\/habiprot.org.rs\/en\/wp-json\/wp\/v2\/types\/page"}],"author":[{"embeddable":true,"href":"https:\/\/habiprot.org.rs\/en\/wp-json\/wp\/v2\/users\/4"}],"replies":[{"embeddable":true,"href":"https:\/\/habiprot.org.rs\/en\/wp-json\/wp\/v2\/comments?post=3282"}],"version-history":[{"count":3,"href":"https:\/\/habiprot.org.rs\/en\/wp-json\/wp\/v2\/pages\/3282\/revisions"}],"predecessor-version":[{"id":3285,"href":"https:\/\/habiprot.org.rs\/en\/wp-json\/wp\/v2\/pages\/3282\/revisions\/3285"}],"wp:attachment":[{"href":"https:\/\/habiprot.org.rs\/en\/wp-json\/wp\/v2\/media?parent=3282"}],"curies":[{"name":"wp","href":"https:\/\/api.w.org\/{rel}","templated":true}]}}