{"id":3443,"date":"2026-01-09T10:58:56","date_gmt":"2026-01-09T09:58:56","guid":{"rendered":"https:\/\/habiprot.org.rs\/?page_id=3443"},"modified":"2026-01-09T11:42:04","modified_gmt":"2026-01-09T10:42:04","slug":"kreljic","status":"publish","type":"page","link":"https:\/\/habiprot.org.rs\/en\/kreljic\/","title":{"rendered":"KReljic"},"content":{"rendered":"<p><\/p>\n<p style=\"background-color: #0d6c3c; color: #fff;\"><img src=\"https:\/\/habiprot.org.rs\/wp-content\/uploads\/2026\/01\/KostaReljic-150x150.jpg\" alt=\"Kosta Relji\u0107\" class=\"avatar avatar-thumbnail wp-user-avatar wp-user-avatar-thumbnail alignleft photo\" \/><br \/>\n<b><i>Kosta Relji\u0107<\/i><\/b><\/p>\n<p><em>\u2013 Butterflies and Asilidae<\/em><\/p>\n<p>e-adresa: <a href=\"mailto:reljickosta19@gmail.com\"> reljickosta19@gmail.com, <\/a><a href=\"https:\/\/www.researchgate.net\/profile\/Kosta-Reljic?ev=hdr_xprf\" target=\"_blank\" rel=\"noopener noreferrer\">ResearchGate profil<\/a><\/p>\n<ol>\n<li>Vukajlovi\u0107 F., <strong>Relji\u0107 K.<\/strong>, Kosti\u0107 M., Vojnovi\u0107, B. (2025): The Southern Swallowtail, <em>Papilio alexanor<\/em> Esper, 1800 (Lepidoptera: Papilionidae) \u2013 new butterfly species for the fauna of Serbia. <em>Kragujevac Journal of Science<\/em> 47 (1): 111-119.<\/li>\n<li>\u0110uri\u0107 M., Vuji\u0107 M., Miljevi\u0107 M., <strong>Relji\u0107 K.<\/strong>, Vukajlovi\u0107 F., Tot, I. 2025: Dnevni leptiri Srbije \u2013 priru\u010dnik, HabiProt, pp. 224.<\/li>\n<\/ol>\n<p><\/p>","protected":false},"excerpt":{"rendered":"<p>Kosta Relji\u0107 \u2013 Butterflies and Asilidae e-adresa: reljickosta19@gmail.com, ResearchGate profil Vukajlovi\u0107 F., Relji\u0107 K., Kosti\u0107 M., Vojnovi\u0107, B. (2025): The Southern Swallowtail, Papilio alexanor Esper, 1800 (Lepidoptera: Papilionidae) \u2013 new butterfly species for the fauna of Serbia. Kragujevac Journal of&hellip; <\/p>\n","protected":false},"author":4,"featured_media":0,"parent":0,"menu_order":0,"comment_status":"closed","ping_status":"closed","template":"","meta":[],"yoast_head":"<!-- This site is optimized with the Yoast SEO plugin v15.4 - https:\/\/yoast.com\/wordpress\/plugins\/seo\/ -->\n<title><\/title>\n<meta name=\"robots\" content=\"index, follow, max-snippet:-1, max-image-preview:large, max-video-preview:-1\" \/>\n<link rel=\"canonical\" href=\"https:\/\/habiprot.org.rs\/kreljic\/\" \/>\n<meta property=\"og:locale\" content=\"en_US\" \/>\n<meta property=\"og:type\" content=\"article\" \/>\n<meta property=\"og:title\" content=\"[:sr]KReljic[:] - HabiProt\" \/>\n<meta property=\"og:description\" content=\"Kosta Relji\u0107 \u2013 Butterflies and Asilidae e-adresa: reljickosta19@gmail.com, ResearchGate profil Vukajlovi\u0107 F., Relji\u0107 K., Kosti\u0107 M., Vojnovi\u0107, B. (2025): The Southern Swallowtail, Papilio alexanor Esper, 1800 (Lepidoptera: Papilionidae) \u2013 new butterfly species for the fauna of Serbia. Kragujevac Journal of&hellip;\" \/>\n<meta property=\"og:url\" content=\"https:\/\/habiprot.org.rs\/kreljic\/\" \/>\n<meta property=\"og:site_name\" content=\"HabiProt\" \/>\n<meta property=\"article:modified_time\" content=\"2026-01-09T10:42:04+00:00\" \/>\n<meta name=\"twitter:card\" content=\"summary\" \/>\n<meta name=\"twitter:label1\" content=\"Written by\">\n\t<meta name=\"twitter:data1\" content=\"\u041c\u0438\u043b\u0430\u043d \u0402\u0443\u0440\u0438\u045b\">\n\t<meta name=\"twitter:label2\" content=\"Est. reading time\">\n\t<meta name=\"twitter:data2\" content=\"1 minute\">\n<script type=\"application\/ld+json\" class=\"yoast-schema-graph\">{\"@context\":\"https:\/\/schema.org\",\"@graph\":[{\"@type\":\"WebSite\",\"@id\":\"https:\/\/habiprot.org.rs\/#website\",\"url\":\"https:\/\/habiprot.org.rs\/\",\"name\":\"HabiProt\",\"description\":\"NGO for sustainable development and habitat protection in Serbia\",\"potentialAction\":[{\"@type\":\"SearchAction\",\"target\":\"https:\/\/habiprot.org.rs\/?s={search_term_string}\",\"query-input\":\"required name=search_term_string\"}],\"inLanguage\":\"en-US\"},{\"@type\":\"WebPage\",\"@id\":\"https:\/\/habiprot.org.rs\/kreljic\/#webpage\",\"url\":\"https:\/\/habiprot.org.rs\/kreljic\/\",\"name\":\"[:sr]KReljic[:] - HabiProt\",\"isPartOf\":{\"@id\":\"https:\/\/habiprot.org.rs\/#website\"},\"datePublished\":\"2026-01-09T09:58:56+00:00\",\"dateModified\":\"2026-01-09T10:42:04+00:00\",\"inLanguage\":\"en-US\",\"potentialAction\":[{\"@type\":\"ReadAction\",\"target\":[\"https:\/\/habiprot.org.rs\/kreljic\/\"]}]}]}<\/script>\n<!-- \/ Yoast SEO plugin. -->","_links":{"self":[{"href":"https:\/\/habiprot.org.rs\/en\/wp-json\/wp\/v2\/pages\/3443"}],"collection":[{"href":"https:\/\/habiprot.org.rs\/en\/wp-json\/wp\/v2\/pages"}],"about":[{"href":"https:\/\/habiprot.org.rs\/en\/wp-json\/wp\/v2\/types\/page"}],"author":[{"embeddable":true,"href":"https:\/\/habiprot.org.rs\/en\/wp-json\/wp\/v2\/users\/4"}],"replies":[{"embeddable":true,"href":"https:\/\/habiprot.org.rs\/en\/wp-json\/wp\/v2\/comments?post=3443"}],"version-history":[{"count":7,"href":"https:\/\/habiprot.org.rs\/en\/wp-json\/wp\/v2\/pages\/3443\/revisions"}],"predecessor-version":[{"id":3454,"href":"https:\/\/habiprot.org.rs\/en\/wp-json\/wp\/v2\/pages\/3443\/revisions\/3454"}],"wp:attachment":[{"href":"https:\/\/habiprot.org.rs\/en\/wp-json\/wp\/v2\/media?parent=3443"}],"curies":[{"name":"wp","href":"https:\/\/api.w.org\/{rel}","templated":true}]}}