{"id":3458,"date":"2026-01-11T09:44:50","date_gmt":"2026-01-11T08:44:50","guid":{"rendered":"https:\/\/habiprot.org.rs\/?page_id=3458"},"modified":"2026-01-11T10:11:57","modified_gmt":"2026-01-11T09:11:57","slug":"vlakusic","status":"publish","type":"page","link":"https:\/\/habiprot.org.rs\/en\/vlakusic\/","title":{"rendered":"VLaku\u0161i\u0107"},"content":{"rendered":"<p><\/p>\n<p style=\"background-color: #0d6c3c; color: #fff;\"><img src=\"https:\/\/habiprot.org.rs\/wp-content\/uploads\/2026\/01\/Vidak-150x150.jpg\" alt=\"Vidak Laku\u0161i\u0107\" class=\"avatar avatar-thumbnail wp-user-avatar wp-user-avatar-thumbnail alignleft photo\" \/><br \/>\n<b><i>Vidak Laku\u0161i\u0107<\/i><\/b><\/p>\n<p><em>\u2013 Carabidae<\/em><\/p>\n<p>e-adresa: <a href=\"mailto:vica.lakusic@gmail.com\"> vica.lakusic@gmail.com, <\/a><a href=\"https:\/\/www.researchgate.net\/profile\/Vidak-Lakusic-2?ev=hdr_xprf\" target=\"_blank\" rel=\"noopener noreferrer\">ResearchGate profil<\/a><\/p>\n<ol>\n<li><strong>Laku\u0161i\u0107 V.<\/strong>, Stankovi\u0107, M. 2022: Nove vrste tvrdokrilaca (Insecta: Coleoptera) za podru\u010dje SRP Zasavica (Srbija, Vojvodina).\u00a0Rezimei nau\u010dnog skupa <em>Zasavica 2022<\/em>, 171-182.<\/li>\n<li>Simone Y., Panisi M., <strong>Laku\u0161i\u0107 V.<\/strong>, Taheri A., Tarroso P., Brito J.C. 2024: Scorpiones, Spiders, Dragonflies and Butterflies. In: Field Guides of the Fauna of Alula, Coordinated by Goncalves, D.V., Khalatbari, L., Santos, B., Yusefi, G.H. and Brito J.C. BIOPOLIS\/CIBIO-InBIO\/BIODESERTS pp. 142<\/li>\n<li>\u017divi\u0107, I., <strong>Laku\u0161i\u0107, V.<\/strong>, Bo\u017eani\u0107, M. 2025: Analiza uticaja arsena, litijuma i bora na faunu vodenih beski\u010dmenjaka. U Katarinovski, M., Raki\u0107, T., Paunovi\u0107, E., Simonovi\u0107, P. (Eds.), <em>Projekat Jadar \u2013 mogu\u0107i \u0161tetni uticaji na \u017eivi svet i zdravlje \u010doveka<\/em> (pp. 94-105). Univerzitet u Beogradu, Biolo\u0161ki fakultet.<\/li>\n<li><strong>Laku\u0161i\u0107 V.<\/strong>, \u010cern\u00fd L., Kopr D., Panisi M., Simone Y., Stanisavljevi\u0107 M., Patk\u00f3 L., Abdulkarem A., Lee B.P.Y-H., El-Bana M., Al-Ansari A., Al-Attas O., Brito J.C. 2025; Diversity and distribution of blister beetles (Coleoptera, Meloidae) from north-western Saudi Arabia: new observations and first description of a male\u00a0<em>Mylabris desertica<\/em>\u00a0Bologna, 2007. <em>Biodiversity Data Journal<\/em> 13: e174504.\u00a0https:\/\/doi.org\/10.3897\/BDJ.13.e174504<\/li>\n<li>Laku\u0161i\u0107 M., Roumelioti M., Licata F., Bilancioni M., Ferreira D.F., Khalatbari L., <strong>Laku\u0161i\u0107 V.<\/strong>, Liz A.V., Oliveira R.N., Santos B., Simone Y., Patko L., Abdulkarem A., Lee B.P.Y-H., El-Bana M., Al-Ansari A, Al-Attas O., Brito J.C. 2026: Melanism in scorpions, reptiles and rodents inhabiting the volcanic fields of north-western Saudi Arabia. <em>Journal of Arid Environments<\/em> 233: 105548. https:\/\/doi.org\/10.1016\/j.jaridenv.2025.105548<\/li>\n<\/ol>\n<p><\/p>","protected":false},"excerpt":{"rendered":"<p>Vidak Laku\u0161i\u0107 \u2013 Carabidae e-adresa: vica.lakusic@gmail.com, ResearchGate profil Laku\u0161i\u0107 V., Stankovi\u0107, M. 2022: Nove vrste tvrdokrilaca (Insecta: Coleoptera) za podru\u010dje SRP Zasavica (Srbija, Vojvodina).\u00a0Rezimei nau\u010dnog skupa Zasavica 2022, 171-182. Simone Y., Panisi M., Laku\u0161i\u0107 V., Taheri A., Tarroso P., Brito&hellip; <\/p>\n","protected":false},"author":4,"featured_media":0,"parent":0,"menu_order":0,"comment_status":"closed","ping_status":"closed","template":"","meta":[],"yoast_head":"<!-- This site is optimized with the Yoast SEO plugin v15.4 - https:\/\/yoast.com\/wordpress\/plugins\/seo\/ -->\n<title><\/title>\n<meta name=\"robots\" content=\"index, follow, max-snippet:-1, max-image-preview:large, max-video-preview:-1\" \/>\n<link rel=\"canonical\" href=\"https:\/\/habiprot.org.rs\/vlakusic\/\" \/>\n<meta property=\"og:locale\" content=\"en_US\" \/>\n<meta property=\"og:type\" content=\"article\" \/>\n<meta property=\"og:title\" content=\"[:rl]VLaku\u0161i\u0107[:] - HabiProt\" \/>\n<meta property=\"og:description\" content=\"Vidak Laku\u0161i\u0107 \u2013 Carabidae e-adresa: vica.lakusic@gmail.com, ResearchGate profil Laku\u0161i\u0107 V., Stankovi\u0107, M. 2022: Nove vrste tvrdokrilaca (Insecta: Coleoptera) za podru\u010dje SRP Zasavica (Srbija, Vojvodina).\u00a0Rezimei nau\u010dnog skupa Zasavica 2022, 171-182. Simone Y., Panisi M., Laku\u0161i\u0107 V., Taheri A., Tarroso P., Brito&hellip;\" \/>\n<meta property=\"og:url\" content=\"https:\/\/habiprot.org.rs\/vlakusic\/\" \/>\n<meta property=\"og:site_name\" content=\"HabiProt\" \/>\n<meta property=\"article:modified_time\" content=\"2026-01-11T09:11:57+00:00\" \/>\n<meta name=\"twitter:card\" content=\"summary\" \/>\n<meta name=\"twitter:label1\" content=\"Written by\">\n\t<meta name=\"twitter:data1\" content=\"\u041c\u0438\u043b\u0430\u043d \u0402\u0443\u0440\u0438\u045b\">\n\t<meta name=\"twitter:label2\" content=\"Est. reading time\">\n\t<meta name=\"twitter:data2\" content=\"3 minutes\">\n<script type=\"application\/ld+json\" class=\"yoast-schema-graph\">{\"@context\":\"https:\/\/schema.org\",\"@graph\":[{\"@type\":\"WebSite\",\"@id\":\"https:\/\/habiprot.org.rs\/#website\",\"url\":\"https:\/\/habiprot.org.rs\/\",\"name\":\"HabiProt\",\"description\":\"NGO for sustainable development and habitat protection in Serbia\",\"potentialAction\":[{\"@type\":\"SearchAction\",\"target\":\"https:\/\/habiprot.org.rs\/?s={search_term_string}\",\"query-input\":\"required name=search_term_string\"}],\"inLanguage\":\"en-US\"},{\"@type\":\"WebPage\",\"@id\":\"https:\/\/habiprot.org.rs\/vlakusic\/#webpage\",\"url\":\"https:\/\/habiprot.org.rs\/vlakusic\/\",\"name\":\"[:rl]VLaku\\u0161i\\u0107[:] - HabiProt\",\"isPartOf\":{\"@id\":\"https:\/\/habiprot.org.rs\/#website\"},\"datePublished\":\"2026-01-11T08:44:50+00:00\",\"dateModified\":\"2026-01-11T09:11:57+00:00\",\"inLanguage\":\"en-US\",\"potentialAction\":[{\"@type\":\"ReadAction\",\"target\":[\"https:\/\/habiprot.org.rs\/vlakusic\/\"]}]}]}<\/script>\n<!-- \/ Yoast SEO plugin. -->","_links":{"self":[{"href":"https:\/\/habiprot.org.rs\/en\/wp-json\/wp\/v2\/pages\/3458"}],"collection":[{"href":"https:\/\/habiprot.org.rs\/en\/wp-json\/wp\/v2\/pages"}],"about":[{"href":"https:\/\/habiprot.org.rs\/en\/wp-json\/wp\/v2\/types\/page"}],"author":[{"embeddable":true,"href":"https:\/\/habiprot.org.rs\/en\/wp-json\/wp\/v2\/users\/4"}],"replies":[{"embeddable":true,"href":"https:\/\/habiprot.org.rs\/en\/wp-json\/wp\/v2\/comments?post=3458"}],"version-history":[{"count":6,"href":"https:\/\/habiprot.org.rs\/en\/wp-json\/wp\/v2\/pages\/3458\/revisions"}],"predecessor-version":[{"id":3469,"href":"https:\/\/habiprot.org.rs\/en\/wp-json\/wp\/v2\/pages\/3458\/revisions\/3469"}],"wp:attachment":[{"href":"https:\/\/habiprot.org.rs\/en\/wp-json\/wp\/v2\/media?parent=3458"}],"curies":[{"name":"wp","href":"https:\/\/api.w.org\/{rel}","templated":true}]}}