{"id":81,"date":"2016-01-30T10:01:23","date_gmt":"2016-01-30T09:01:23","guid":{"rendered":"http:\/\/habiprot.org.rs\/?page_id=81"},"modified":"2026-03-17T20:04:39","modified_gmt":"2026-03-17T19:04:39","slug":"printed","status":"publish","type":"page","link":"https:\/\/habiprot.org.rs\/en\/printed\/","title":{"rendered":"Printed publications"},"content":{"rendered":"<div class=\"vce-row-container\" data-vce-boxed-width=\"true\"><div class=\"vce-row vce-row--col-gap-30 vce-row-equal-height vce-row-content--top\" id=\"el-7a28fc41\" data-vce-do-apply=\"all el-7a28fc41\"><div class=\"vce-row-content\" data-vce-element-content=\"true\"><div class=\"vce-col vce-col--md-auto vce-col--xs-1 vce-col--xs-last vce-col--xs-first vce-col--sm-last vce-col--sm-first vce-col--md-last vce-col--lg-last vce-col--xl-last vce-col--md-first vce-col--lg-first vce-col--xl-first\" id=\"el-63b7086a\"><div class=\"vce-col-inner\" data-vce-do-apply=\"border margin background  el-63b7086a\"><div class=\"vce-col-content\" data-vce-element-content=\"true\" data-vce-do-apply=\"padding el-63b7086a\"><div class=\"vce-text-block\"><div class=\"vce-text-block-wrapper vce\" id=\"el-b681ca7e\" data-vce-do-apply=\"all el-b681ca7e\"><p><\/p>\n<h4><a href=\"https:\/\/habiprot.org.rs\/korice-za-sajt\/\"><img loading=\"lazy\" class=\"alignleft size-full wp-image-3506\" src=\"https:\/\/habiprot.org.rs\/wp-content\/uploads\/2026\/03\/korice-za-sajt.jpg\" alt=\"\" width=\"101\" height=\"162\"><\/a><\/h4>\n<h4>Butterflies of Serbia II<\/h4>\n<p>Fifteen years later we've managed to prepare replacement for sold out very succesful field guide on butterflies of Serbia. Now we had much more data, better photographs, newly discovered species and more expirience, so this book is much more comprehensive than the first one. But we still tried hard to keep it clear and understandable even to those who have no previous knowledge on this subject.<\/p>\n<p>Sample can be seen <a href=\"http:\/\/habiprot.org.rs\/images\/FG_60_1.pdf\">here<\/a>.<\/p>\n<p><a class=\"vce-button--style-basic vce-button--style-basic--border-round vce-button--style-basic--size-medium vce-button--style-basic--color-b-5-106-57--fff\" title=\"\" href=\"http:\/\/habiprot.org.rs\/buy\" data-vce-do-apply=\"padding border background el-134bd5dc\">Price: 25 EUR + pp<\/a><\/p>\n<h4><a href=\"http:\/\/habiprot.org.rs\/printed\/attachment\/1\/\" rel=\"attachment wp-att-126\"><img loading=\"lazy\" class=\"alignleft size-full wp-image-126\" src=\"https:\/\/habiprot.org.rs\/wp-content\/uploads\/2016\/01\/1.png\" alt=\"\" width=\"101\" height=\"162\"><\/a>Butterflies of Serbia field guide<\/h4>\n<p>Focus is on details helping in species determination, they are prominently marked in photographs. Big help is that two similar species are, almost always, on facing pages. Regardless of his knowledge on the topic, reader will find explanations easy to understand. This field guide was shown to some of the best European butterfly experts, and they all proclaimed it better than similar books in the countries with much longer tradition and much more butterfly connoisseurs.&nbsp;Sample can be seen <a href=\"http:\/\/habiprot.org.rs\/images\/FG_60_1.pdf\">here<\/a>.<\/p>\n<p><span style=\"color: #ff0000;\"><strong>Sold out.<\/strong><\/span><\/p>\n<h4><a href=\"http:\/\/habiprot.org.rs\/printed\/strizibube-korica_eng-copy\/\" rel=\"attachment wp-att-587\"><img loading=\"lazy\" class=\"alignleft wp-image-587\" src=\"https:\/\/habiprot.org.rs\/wp-content\/uploads\/2016\/01\/Strizibube-korica_ENG-Copy-184x300.jpg\" alt=\"\" width=\"104\" height=\"170\" srcset=\"https:\/\/habiprot.org.rs\/wp-content\/uploads\/2016\/01\/Strizibube-korica_ENG-Copy-184x300.jpg 184w, https:\/\/habiprot.org.rs\/wp-content\/uploads\/2016\/01\/Strizibube-korica_ENG-Copy-768x1249.jpg 768w, https:\/\/habiprot.org.rs\/wp-content\/uploads\/2016\/01\/Strizibube-korica_ENG-Copy-630x1024.jpg 630w, https:\/\/habiprot.org.rs\/wp-content\/uploads\/2016\/01\/Strizibube-korica_ENG-Copy-250x407.jpg 250w, https:\/\/habiprot.org.rs\/wp-content\/uploads\/2016\/01\/Strizibube-korica_ENG-Copy-550x895.jpg 550w, https:\/\/habiprot.org.rs\/wp-content\/uploads\/2016\/01\/Strizibube-korica_ENG-Copy-800x1301.jpg 800w, https:\/\/habiprot.org.rs\/wp-content\/uploads\/2016\/01\/Strizibube-korica_ENG-Copy-111x180.jpg 111w, https:\/\/habiprot.org.rs\/wp-content\/uploads\/2016\/01\/Strizibube-korica_ENG-Copy-307x500.jpg 307w, https:\/\/habiprot.org.rs\/wp-content\/uploads\/2016\/01\/Strizibube-korica_ENG-Copy.jpg 819w\" sizes=\"(max-width: 104px) 100vw, 104px\" \/><\/a>Longhorn beetles of Serbia field guide<\/h4>\n<p>After the success of field guide for recognizing butterflies, we prepared similar book on long horn beetles. This one also has quality photos and illustrations and very concise text. Prime purpose is recognizing species in the field, and that is helped by maps with locations where species was recorded and diagrams on time of activity of adults. 249 pages, hard cover. Printed are versions in&nbsp;Serbian and English language.<br>Sample pages can be seen <a href=\"https:\/\/habiprot.org.rs\/wp-content\/uploads\/2016\/01\/204_205.pdf\" target=\"_blank\" rel=\"noopener noreferrer\">here<\/a>.<\/p>\n<p><a class=\"vce-button--style-basic vce-button--style-basic--border-round vce-button--style-basic--size-medium vce-button--style-basic--color-557cbf--fff\" title=\"\" href=\"http:\/\/habiprot.org.rs\/buy\" data-vce-do-apply=\"padding border background el-134bd5dc\">Price: 15 EUR + pp<\/a><\/p>\n<h4><a href=\"http:\/\/habiprot.org.rs\/printed\/moths1_enga\/\" rel=\"attachment wp-att-1402\"><img loading=\"lazy\" class=\"alignleft size-full wp-image-1402\" src=\"https:\/\/habiprot.org.rs\/wp-content\/uploads\/2019\/07\/Moths1_enga.png\" alt=\"\" width=\"100\" height=\"162\"><\/a>Moths 1<\/h4>\n<p style=\"text-align: left;\">With same format and conception as previous field guides, this one is aimed to present attractive families of Moths. It comprises families Saturniidae, Sphingidae, Drepanidae, Lasiocampidae, Brahmaeidae, Endromidae and Notontidae.<\/p>\n<p>Poku\u0161ali smo da ovu knjigu \u0161tampamo digitalno s obzirom na mali tira\u017e. To je postalo preskupo tako da knjigu sada nudimo samo u elektonskoj formi (PDF). Uzorak mo\u017eete pogledati <a href=\"https:\/\/habiprot.org.rs\/wp-content\/uploads\/2019\/03\/40-41.pdf\" target=\"_blank\" rel=\"noopener noreferrer\">ovde<\/a>.<\/p>\n<p>We've tried with digital printing because of small circulation. That became too expensive, so now we offer the book only in electronic form (PDF). Sample can be seen <a href=\"https:\/\/habiprot.org.rs\/wp-content\/uploads\/2019\/03\/40-41.pdf\" target=\"_blank\" rel=\"noopener noreferrer\">here<\/a>.<\/p>\n<p><a class=\"vce-button--style-basic vce-button--style-basic--border-round vce-button--style-basic--size-medium vce-button--style-basic--color-557cbf--fff\" title=\"\" href=\"http:\/\/habiprot.org.rs\/buy\" data-vce-do-apply=\"padding border background el-134bd5dc\">Price: 16 EUR<\/a><\/p>\n<h4><a href=\"http:\/\/habiprot.org.rs\/book-butterflies-stara-planina\/korice_rgb\/\" rel=\"attachment wp-att-296\"><img loading=\"lazy\" class=\"alignleft wp-image-296\" src=\"https:\/\/habiprot.org.rs\/wp-content\/uploads\/2015\/12\/Korice_RGB-211x300.png\" alt=\"\" width=\"101\" height=\"144\" srcset=\"https:\/\/habiprot.org.rs\/wp-content\/uploads\/2015\/12\/Korice_RGB.png 211w, https:\/\/habiprot.org.rs\/wp-content\/uploads\/2015\/12\/Korice_RGB-127x180.png 127w\" sizes=\"(max-width: 101px) 100vw, 101px\" \/><\/a>Butterflies of Stara Planina<\/h4>\n<p>Comprehensive study of this amazing region with exceptional abundance and variety of butterflies. Unbilievable 166 species in a very small region! Great photos and map for each species to show where it is to be found. The book is bilingual: in English and Serbian. Unfortunately, for this book digital printing is also too expensive, so you can purchast only electronic version <span style=\"font-size: 14px;\">(PDF).<\/span><\/p>\n<p><span style=\"font-size: 14px;\">Sample pages can be seen <\/span><a style=\"font-size: 14px;\" href=\"https:\/\/habiprot.org.rs\/wp-content\/uploads\/2018\/11\/28_29.pdf\" target=\"_blank\" rel=\"noopener noreferrer\">here<\/a><span style=\"font-size: 14px;\">.<\/span><\/p>\n<p><a class=\"vce-button--style-basic vce-button--style-basic--border-round vce-button--style-basic--size-medium vce-button--style-basic--color-557cbf--fff\" title=\"\" href=\"http:\/\/habiprot.org.rs\/buy\" data-vce-do-apply=\"padding border background el-134bd5dc\">Price: 40 EUR<\/a><\/p>\n<h4><a href=\"http:\/\/habiprot.org.rs\/printed\/koricansp2\/\" rel=\"attachment wp-att-1274\"><img loading=\"lazy\" class=\"alignleft wp-image-1274\" src=\"https:\/\/habiprot.org.rs\/wp-content\/uploads\/2019\/03\/KoricaNSP2.png\" alt=\"\" width=\"116\" height=\"163\"><\/a>Moths of Stara Planina<\/h4>\n<p>This is first time somebody made systematic overview and presented through photos and texts moths of a region in Serbia. This book proves Stara Planina is rich in moths, as well in butterflies. Excellent photographs present many species. The book is bilingual: in Serbian and English. Available is only electronic version (PDF).<\/p>\n<p>Typical pages can be seen&nbsp;<a style=\"font-size: 14px;\" href=\"https:\/\/habiprot.org.rs\/wp-content\/uploads\/2019\/03\/94_95.pdf\" target=\"_blank\" rel=\"noopener noreferrer\">here<\/a><span style=\"font-size: 14px;\">.<\/span><\/p>\n<p><a class=\"vce-button--style-basic vce-button--style-basic--border-round vce-button--style-basic--size-medium vce-button--style-basic--color-557cbf--fff\" title=\"\" href=\"http:\/\/habiprot.org.rs\/buy\" data-vce-do-apply=\"padding border background el-134bd5dc\">Price: 30 EUR<\/a><\/p>\n<h4><a href=\"http:\/\/habiprot.org.rs\/printed\/dl_vlasina_korice_6a\/\" rel=\"attachment wp-att-1377\"><img loading=\"lazy\" class=\"alignleft size-full wp-image-1377\" src=\"https:\/\/habiprot.org.rs\/wp-content\/uploads\/2019\/07\/DL_Vlasina_korice_6a.png\" alt=\"\" width=\"116\" height=\"170\"><\/a>Butterflies of Vlasina<\/h4>\n<p style=\"text-align: left;\">Long-term research of this interesting region produced a list of 116 species, although all locations are above 1000 m of altitude. Special attention was paid to Balkan clouded yellow (<em>Colias caucasica<\/em>) for Vlasina proved to be a spot with most numerous population of this attractive butterfly.<\/p>\n<p>Sample can be seen&nbsp;<a href=\"https:\/\/habiprot.org.rs\/wp-content\/uploads\/2019\/07\/p74.png\" target=\"_blank\" rel=\"noopener noreferrer\">here<\/a>.<\/p>\n<p><span style=\"color: #ff0000;\"><strong>Sold out, new book is being prepared<\/strong><\/span><\/p>\n<h4><a href=\"http:\/\/habiprot.org.rs\/printed\/attachment\/2\/\" rel=\"attachment wp-att-127\"><img loading=\"lazy\" class=\"alignleft size-full wp-image-127\" src=\"https:\/\/habiprot.org.rs\/wp-content\/uploads\/2016\/01\/2.jpg\" alt=\"\" width=\"117\" height=\"162\"><\/a>Prime butterfly areas in Serbia<\/h4>\n<p>Detailed overview of those regions of Serbia with best preserved nature. For selection of these areas certain number of target species was used, in order to establish where highest diversity is found. Book includes a lot of photographs and adequate maps, but also a CD with additional information. The whole book is bilingual: in English and Serbian.<\/p>\n<p><a class=\"vce-button--style-basic vce-button--style-basic--border-round vce-button--style-basic--size-medium vce-button--style-basic--color-557cbf--fff\" title=\"\" href=\"http:\/\/habiprot.org.rs\/buy\" data-vce-do-apply=\"padding border background el-134bd5dc\">Price: 20 EUR + pp<\/a><\/p><\/div><\/div><\/div><\/div><\/div><\/div><\/div><\/div><div class=\"vce-row-container\" data-vce-boxed-width=\"true\"><div class=\"vce-row vce-row--col-gap-30 vce-row-equal-height vce-row-content--top\" id=\"el-f0ceeb87\" data-vce-do-apply=\"all el-f0ceeb87\"><div class=\"vce-row-content\" data-vce-element-content=\"true\"><div class=\"vce-col vce-col--md-66-66p vce-col--xs-1 vce-col--xs-last vce-col--xs-first vce-col--sm-last vce-col--sm-first vce-col--md-first vce-col--lg-first vce-col--xl-first\" id=\"el-2eeccfc7\"><div class=\"vce-col-inner\" data-vce-do-apply=\"border margin background  el-2eeccfc7\"><div class=\"vce-col-content\" data-vce-element-content=\"true\" data-vce-do-apply=\"padding el-2eeccfc7\"><div><\/div><\/div><\/div><\/div><div class=\"vce-col vce-col--md-33-34p vce-col--xs-1 vce-col--xs-last vce-col--xs-first vce-col--sm-last vce-col--sm-first vce-col--md-last vce-col--lg-last vce-col--xl-last\" id=\"el-63894e93\"><div class=\"vce-col-inner\" data-vce-do-apply=\"border margin background  el-63894e93\"><div class=\"vce-col-content\" data-vce-element-content=\"true\" data-vce-do-apply=\"padding el-63894e93\"><div><\/div><\/div><\/div><\/div><\/div><\/div><\/div>","protected":false},"excerpt":{"rendered":"<p>Butterflies of Serbia II Fifteen years later we&#8217;ve managed to prepare replacement for sold out very succesful field guide on butterflies of Serbia. Now we had much more data, better photographs, newly discovered species and more expirience, so this book&hellip; <\/p>\n","protected":false},"author":4,"featured_media":0,"parent":0,"menu_order":0,"comment_status":"closed","ping_status":"closed","template":"","meta":[],"yoast_head":"<!-- This site is optimized with the Yoast SEO plugin v15.4 - https:\/\/yoast.com\/wordpress\/plugins\/seo\/ -->\n<title>Printed publications - HabiProt<\/title>\n<meta name=\"robots\" content=\"index, follow, max-snippet:-1, max-image-preview:large, max-video-preview:-1\" \/>\n<link rel=\"canonical\" href=\"https:\/\/habiprot.org.rs\/printed\/\" \/>\n<meta property=\"og:locale\" content=\"en_US\" \/>\n<meta property=\"og:type\" content=\"article\" \/>\n<meta property=\"og:title\" content=\"[:rl]\u0160tampana izdanja[:sr]\u0428\u0442\u0430\u043c\u043f\u0430\u043d\u0430 \u0438\u0437\u0434\u0430\u045a\u0430[:en]Printed publications[:] - HabiProt\" \/>\n<meta property=\"og:description\" content=\"Butterflies of Serbia II Fifteen years later we&#039;ve managed to prepare replacement for sold out very succesful field guide on butterflies of Serbia. Now we had much more data, better photographs, newly discovered species and more expirience, so this book&hellip;\" \/>\n<meta property=\"og:url\" content=\"https:\/\/habiprot.org.rs\/printed\/\" \/>\n<meta property=\"og:site_name\" content=\"HabiProt\" \/>\n<meta property=\"article:modified_time\" content=\"2026-03-17T19:04:39+00:00\" \/>\n<meta property=\"og:image\" content=\"http:\/\/|!|vcvUploadUrl|!|\/2026\/03\/korice-za-sajt.jpg\" \/>\n<meta name=\"twitter:card\" content=\"summary\" \/>\n<meta name=\"twitter:label1\" content=\"Written by\">\n\t<meta name=\"twitter:data1\" content=\"\u041c\u0438\u043b\u0430\u043d \u0402\u0443\u0440\u0438\u045b\">\n\t<meta name=\"twitter:label2\" content=\"Est. reading time\">\n\t<meta name=\"twitter:data2\" content=\"5 minutes\">\n<script type=\"application\/ld+json\" class=\"yoast-schema-graph\">{\"@context\":\"https:\/\/schema.org\",\"@graph\":[{\"@type\":\"WebSite\",\"@id\":\"https:\/\/habiprot.org.rs\/#website\",\"url\":\"https:\/\/habiprot.org.rs\/\",\"name\":\"HabiProt\",\"description\":\"NGO for sustainable development and habitat protection in Serbia\",\"potentialAction\":[{\"@type\":\"SearchAction\",\"target\":\"https:\/\/habiprot.org.rs\/?s={search_term_string}\",\"query-input\":\"required name=search_term_string\"}],\"inLanguage\":\"en-US\"},{\"@type\":\"ImageObject\",\"@id\":\"https:\/\/habiprot.org.rs\/printed\/#primaryimage\",\"inLanguage\":\"en-US\",\"url\":\"|!|vcvUploadUrl|!|\/2026\/03\/korice-za-sajt.jpg\"},{\"@type\":\"WebPage\",\"@id\":\"https:\/\/habiprot.org.rs\/printed\/#webpage\",\"url\":\"https:\/\/habiprot.org.rs\/printed\/\",\"name\":\"[:rl]\\u0160tampana izdanja[:sr]\\u0428\\u0442\\u0430\\u043c\\u043f\\u0430\\u043d\\u0430 \\u0438\\u0437\\u0434\\u0430\\u045a\\u0430[:en]Printed publications[:] - HabiProt\",\"isPartOf\":{\"@id\":\"https:\/\/habiprot.org.rs\/#website\"},\"primaryImageOfPage\":{\"@id\":\"https:\/\/habiprot.org.rs\/printed\/#primaryimage\"},\"datePublished\":\"2016-01-30T09:01:23+00:00\",\"dateModified\":\"2026-03-17T19:04:39+00:00\",\"inLanguage\":\"en-US\",\"potentialAction\":[{\"@type\":\"ReadAction\",\"target\":[\"https:\/\/habiprot.org.rs\/printed\/\"]}]}]}<\/script>\n<!-- \/ Yoast SEO plugin. -->","_links":{"self":[{"href":"https:\/\/habiprot.org.rs\/en\/wp-json\/wp\/v2\/pages\/81"}],"collection":[{"href":"https:\/\/habiprot.org.rs\/en\/wp-json\/wp\/v2\/pages"}],"about":[{"href":"https:\/\/habiprot.org.rs\/en\/wp-json\/wp\/v2\/types\/page"}],"author":[{"embeddable":true,"href":"https:\/\/habiprot.org.rs\/en\/wp-json\/wp\/v2\/users\/4"}],"replies":[{"embeddable":true,"href":"https:\/\/habiprot.org.rs\/en\/wp-json\/wp\/v2\/comments?post=81"}],"version-history":[{"count":454,"href":"https:\/\/habiprot.org.rs\/en\/wp-json\/wp\/v2\/pages\/81\/revisions"}],"predecessor-version":[{"id":3516,"href":"https:\/\/habiprot.org.rs\/en\/wp-json\/wp\/v2\/pages\/81\/revisions\/3516"}],"wp:attachment":[{"href":"https:\/\/habiprot.org.rs\/en\/wp-json\/wp\/v2\/media?parent=81"}],"curies":[{"name":"wp","href":"https:\/\/api.w.org\/{rel}","templated":true}]}}