{"id":145,"date":"2016-01-30T13:36:42","date_gmt":"2016-01-30T12:36:42","guid":{"rendered":"http:\/\/habiprot.org.rs\/?page_id=145"},"modified":"2022-08-19T21:10:31","modified_gmt":"2022-08-19T19:10:31","slug":"buy","status":"publish","type":"page","link":"https:\/\/habiprot.org.rs\/rl\/buy\/","title":{"rendered":"Kupi"},"content":{"rendered":"<p>Knjige<\/p>\n<p><div role=\"form\" class=\"wpcf7\" id=\"wpcf7-f1171-o2\" lang=\"en-US\" dir=\"ltr\">\n<div class=\"screen-reader-response\"><p role=\"status\" aria-live=\"polite\" aria-atomic=\"true\"><\/p> <ul><\/ul><\/div>\n<form action=\"\/rl\/wp-json\/wp\/v2\/pages\/145#wpcf7-f1171-o2\" method=\"post\" class=\"wpcf7-form init\" novalidate=\"novalidate\" data-status=\"init\">\n<div style=\"display: none;\">\n<input type=\"hidden\" name=\"_wpcf7\" value=\"1171\" \/>\n<input type=\"hidden\" name=\"_wpcf7_version\" value=\"5.3\" \/>\n<input type=\"hidden\" name=\"_wpcf7_locale\" value=\"en_US\" \/>\n<input type=\"hidden\" name=\"_wpcf7_unit_tag\" value=\"wpcf7-f1171-o2\" \/>\n<input type=\"hidden\" name=\"_wpcf7_container_post\" value=\"0\" \/>\n<input type=\"hidden\" name=\"_wpcf7_posted_data_hash\" value=\"\" \/>\n<\/div>\n<p>Ne\u0161to se poremetilo na ovoj stranici i formular za porud\u017ebine ne funkcioni\u0161e.<br \/>\nBudite ljubazni i poru\u010dite \u017eeljene knjige na: milandju8(at)gmail.com<br \/>\nHvala<br \/>\n.<\/p>\n<p>Va\u0161e ime (obavezno)<br \/>\n    <span class=\"wpcf7-form-control-wrap your-name\"><input type=\"text\" name=\"your-name\" value=\"\" size=\"40\" class=\"wpcf7-form-control wpcf7-text wpcf7-validates-as-required\" aria-required=\"true\" aria-invalid=\"false\" \/><\/span> <\/p>\n<p>Va\u0161a e-adresa (obavezno)<br \/>\n    <span class=\"wpcf7-form-control-wrap your-email\"><input type=\"email\" name=\"your-email\" value=\"\" size=\"40\" class=\"wpcf7-form-control wpcf7-text wpcf7-email wpcf7-validates-as-required wpcf7-validates-as-email\" aria-required=\"true\" aria-invalid=\"false\" \/><\/span> <\/p>\n<p>Za izbor vi\u0161e naslova koristite Ctrl+click <\/p>\n<p>\u0410rtikal <br \/>\n<span class=\"wpcf7-form-control-wrap Article\"><select name=\"Article[]\" class=\"wpcf7-form-control wpcf7-select wpcf7-validates-as-required\" aria-required=\"true\" aria-invalid=\"false\" multiple=\"multiple\"><option value=\"01 Odabrana podru\u010dja za dnevne leptire u Srbiji\">01 Odabrana podru\u010dja za dnevne leptire u Srbiji<\/option><option value=\"02 Dnevni leptiri Srbije II\">02 Dnevni leptiri Srbije II<\/option><option value=\"05 Stri\u017eibube Srbije\">05 Stri\u017eibube Srbije<\/option><option value=\"11 Dnevni leptiri Stare planine (PDF)\">11 Dnevni leptiri Stare planine (PDF)<\/option><option value=\"12 No\u0107ni leptiri Stare planine (PDF)\">12 No\u0107ni leptiri Stare planine (PDF)<\/option><\/select><\/span><\/p>\n<p>Va\u0161a adresa - za slanje Post Ekspresom<br \/>\n    <span class=\"wpcf7-form-control-wrap your-address\"><textarea name=\"your-address\" cols=\"40\" rows=\"4\" class=\"wpcf7-form-control wpcf7-textarea\" aria-invalid=\"false\"><\/textarea><\/span> <\/p>\n<p>Broj Va\u0161eg telefona (obavezno)<br \/>\n    <span class=\"wpcf7-form-control-wrap your-phone\"><input type=\"text\" name=\"your-phone\" value=\"\" size=\"40\" class=\"wpcf7-form-control wpcf7-text wpcf7-validates-as-required\" aria-required=\"true\" aria-invalid=\"false\" \/><\/span><\/p>\n<p><input type=\"submit\" value=\"Kupi\" class=\"wpcf7-form-control wpcf7-submit\" \/><\/p>\n<div class=\"wpcf7-response-output\" aria-hidden=\"true\"><\/div><\/form><\/div><\/p>","protected":false},"excerpt":{"rendered":"<p>Knjige<\/p>\n","protected":false},"author":4,"featured_media":0,"parent":0,"menu_order":0,"comment_status":"closed","ping_status":"closed","template":"","meta":[],"yoast_head":"<!-- This site is optimized with the Yoast SEO plugin v15.4 - https:\/\/yoast.com\/wordpress\/plugins\/seo\/ -->\n<title>Kupi - HabiProt<\/title>\n<meta name=\"robots\" content=\"index, follow, max-snippet:-1, max-image-preview:large, max-video-preview:-1\" \/>\n<link rel=\"canonical\" href=\"https:\/\/habiprot.org.rs\/buy\/\" \/>\n<meta property=\"og:locale\" content=\"en_US\" \/>\n<meta property=\"og:type\" content=\"article\" \/>\n<meta property=\"og:title\" content=\"[:sr]\u041a\u0443\u043f\u0438[:rl]Kupi[:en]Buy[:] - HabiProt\" \/>\n<meta property=\"og:description\" content=\"Knjige\" \/>\n<meta property=\"og:url\" content=\"https:\/\/habiprot.org.rs\/buy\/\" \/>\n<meta property=\"og:site_name\" content=\"HabiProt\" \/>\n<meta property=\"article:modified_time\" content=\"2022-08-19T19:10:31+00:00\" \/>\n<meta name=\"twitter:card\" content=\"summary\" \/>\n<meta name=\"twitter:label1\" content=\"Written by\">\n\t<meta name=\"twitter:data1\" content=\"\u041c\u0438\u043b\u0430\u043d \u0402\u0443\u0440\u0438\u045b\">\n\t<meta name=\"twitter:label2\" content=\"Est. reading time\">\n\t<meta name=\"twitter:data2\" content=\"0 minutes\">\n<script type=\"application\/ld+json\" class=\"yoast-schema-graph\">{\"@context\":\"https:\/\/schema.org\",\"@graph\":[{\"@type\":\"WebSite\",\"@id\":\"https:\/\/habiprot.org.rs\/#website\",\"url\":\"https:\/\/habiprot.org.rs\/\",\"name\":\"HabiProt\",\"description\":\"Udru\\u017eenje za odr\\u017eivi razvoj i o\\u010duvanje prirodnih stani\\u0161ta Srbije\",\"potentialAction\":[{\"@type\":\"SearchAction\",\"target\":\"https:\/\/habiprot.org.rs\/?s={search_term_string}\",\"query-input\":\"required name=search_term_string\"}],\"inLanguage\":\"sr-CZ\"},{\"@type\":\"WebPage\",\"@id\":\"https:\/\/habiprot.org.rs\/buy\/#webpage\",\"url\":\"https:\/\/habiprot.org.rs\/buy\/\",\"name\":\"[:sr]\\u041a\\u0443\\u043f\\u0438[:rl]Kupi[:en]Buy[:] - HabiProt\",\"isPartOf\":{\"@id\":\"https:\/\/habiprot.org.rs\/#website\"},\"datePublished\":\"2016-01-30T12:36:42+00:00\",\"dateModified\":\"2022-08-19T19:10:31+00:00\",\"inLanguage\":\"sr-CZ\",\"potentialAction\":[{\"@type\":\"ReadAction\",\"target\":[\"https:\/\/habiprot.org.rs\/buy\/\"]}]}]}<\/script>\n<!-- \/ Yoast SEO plugin. -->","_links":{"self":[{"href":"https:\/\/habiprot.org.rs\/rl\/wp-json\/wp\/v2\/pages\/145"}],"collection":[{"href":"https:\/\/habiprot.org.rs\/rl\/wp-json\/wp\/v2\/pages"}],"about":[{"href":"https:\/\/habiprot.org.rs\/rl\/wp-json\/wp\/v2\/types\/page"}],"author":[{"embeddable":true,"href":"https:\/\/habiprot.org.rs\/rl\/wp-json\/wp\/v2\/users\/4"}],"replies":[{"embeddable":true,"href":"https:\/\/habiprot.org.rs\/rl\/wp-json\/wp\/v2\/comments?post=145"}],"version-history":[{"count":8,"href":"https:\/\/habiprot.org.rs\/rl\/wp-json\/wp\/v2\/pages\/145\/revisions"}],"predecessor-version":[{"id":1211,"href":"https:\/\/habiprot.org.rs\/rl\/wp-json\/wp\/v2\/pages\/145\/revisions\/1211"}],"wp:attachment":[{"href":"https:\/\/habiprot.org.rs\/rl\/wp-json\/wp\/v2\/media?parent=145"}],"curies":[{"name":"wp","href":"https:\/\/api.w.org\/{rel}","templated":true}]}}