{"id":16,"date":"2016-01-29T21:33:01","date_gmt":"2016-01-29T20:33:01","guid":{"rendered":"http:\/\/habiprot.org.rs\/?page_id=16"},"modified":"2026-02-11T17:26:29","modified_gmt":"2026-02-11T16:26:29","slug":"about","status":"publish","type":"page","link":"https:\/\/habiprot.org.rs\/rl\/about\/","title":{"rendered":"O nama"},"content":{"rendered":"<p><span style=\"color: #1d1d1d;\"><span style=\"font-family: Helvetica, sans-serif;\"><span style=\"font-size: small;\"><img loading=\"lazy\" class=\"size-full wp-image-400 alignright\" src=\"http:\/\/habiprot.org.rs\/wp-content\/uploads\/2016\/01\/BCE_logo.gif\" alt=\"BCE_logo\" width=\"200\" height=\"104\" \/>HabiProt &#8211; Udru\u017eenje za odr\u017eivi razvoj i o\u010duvanje prirodnih stani\u0161ta Srbije, je osnovan 2005. godine kao udru\u017eenje gra\u0111ana dobre volje, ljubitelja prirode i prirodnih stani\u0161ta, koji su voljni i odlu\u010dni da rade na op\u0161tu korist i da o\u010duvaju prirodu i prirodnu lepotu Srbije.<\/span><\/span><\/span><\/p>\n<h2 class=\"style14\">Ciljevi udru\u017eenja HabiProt<\/h2>\n<ul>\n<li style=\"list-style-type: none;\">\n<ul>\n<li style=\"list-style-type: none;\">\n<ul>\n<li><span style=\"color: #1d1d1d;\"><span style=\"font-family: inherit;\"><span style=\"font-size: small;\">zalaganje za za\u0161titu i odr\u017eivo kori\u0161\u0107enje biodiverziteta Srbije i Balkanskog poluostrva<\/span><\/span><\/span><\/li>\n<li><span style=\"color: #1d1d1d;\"><span style=\"font-family: inherit;\"><span style=\"font-size: small;\">evidentiranje vrsta i stani\u0161ta na prostoru Srbije i Balkanskog poluostrva<\/span><\/span><\/span><\/li>\n<li><span style=\"color: #1d1d1d;\"><span style=\"font-family: inherit;\"><span style=\"font-size: small;\">uzdizanje svesti gra\u0111ana Srbije, a naro\u010dito omladine, o neophodnosti za\u0161tite prirodnih stani\u0161ta kao sredstvu odr\u017eivog razvoja dru\u0161tva<\/span><\/span><\/span><\/li>\n<li><span style=\"color: #1d1d1d;\"><span style=\"font-family: inherit;\"><span style=\"font-size: small;\">zalaganje za afirmaciju i implementaciju evropskog i nacionalnog zakonodavstva u sferi za\u0161tite \u017eivotne sredine<\/span><\/span><\/span><\/li>\n<\/ul>\n<\/li>\n<\/ul>\n<\/li>\n<\/ul>\n<h2 class=\"style14\">\u010clanstvo<\/h2>\n<p><span style=\"color: #1d1d1d;\"><span style=\"font-family: Helvetica, sans-serif;\"><span style=\"font-size: small;\">HabiProt je otvoren za nove \u010dlanove.<br \/>\n\u010clanovi udru\u017eenja mogu postati svi ljudi dobre volje koji iskreno prihvate statut i ciljeve udru\u017eenja i plate godi\u0161nju \u010dlanarinu.<br \/>\nSvi \u010dlanovi udru\u017eenja su ravnopravni i imaju pravo da biraju i budu birani u organe udru\u017eenja.<br \/>\nGodi\u0161nja \u010dlanarina iznosi 800 dinara.<\/span><\/span><\/span><\/p>\n<h2 class=\"style14\">Izvr\u0161ni odbor HabiProta<\/h2>\n<p><span style=\"color: #1d1d1d;\"><span style=\"font-family: Helvetica, sans-serif;\"><span style=\"font-size: small;\">Sada\u0161nji Izvr\u0161ni odbor \u010dine:<br \/>\nBojana Nada\u017edin (predsednik), Milan \u0110uri\u0107 (zamenik), Bo\u017eenka Hric, Ivan Tot i Filip Vukajlovi\u0107.<\/span><\/span><\/span><\/p>\n<h2 class=\"style14\">Savetnik za odnose sa javno\u0161\u0107u<\/h2>\n<p><span style=\"color: #1d1d1d;\"><span style=\"font-family: Helvetica, sans-serif;\"><span style=\"font-size: small;\">Sr\u0111an Ga\u017eevi\u0107<\/span><\/span><\/span><\/p>\n<h2 class=\"style14\">Po\u010dasni \u010dlanovi &#8211; donatori<\/h2>\n<p><span style=\"color: #1d1d1d;\"><span style=\"font-family: Helvetica, sans-serif;\"><span style=\"font-size: small;\">Elisabeth Portheine [NL]<br \/>\nDejan Vujovi\u0107<\/span><\/span><\/span><\/p>\n<h2 class=\"style14\">Osniva\u010di<\/h2>\n<p><span style=\"color: #1d1d1d;\"><span style=\"font-family: Helvetica, sans-serif;\"><span style=\"font-size: small;\">Osniva\u010dkoj skup\u0161tini udru\u017eenja 15. septembra 2005. u Beogradu su prisustvovali:<br \/>\nProf. dr Predrag Jak\u0161i\u0107<br \/>\nProf. dr Milka Glavendeki\u0107<br \/>\nSmiljka \u0160kundri\u0107, dipl. mat.<br \/>\nProf. dr Milan Jocki\u0107 \u2020<br \/>\nPuni\u0161a Todorovi\u0107, prof. mat.<br \/>\nVojislav \u0160kundri\u0107, dipl. ing.<br \/>\nDu\u0161an Glu\u0161ac, dizajner<br \/>\nMilan \u0110uri\u0107, dipl. ing.<br \/>\nDoc dr Aleksandar \u0106etkovi\u0107<br \/>\ndr Branka Miki\u0107<br \/>\nProf. dr Dragana Vujanovi\u0107<\/span><\/span><\/span><\/p>","protected":false},"excerpt":{"rendered":"<p>HabiProt &#8211; Udru\u017eenje za odr\u017eivi razvoj i o\u010duvanje prirodnih stani\u0161ta Srbije, je osnovan 2005. godine kao udru\u017eenje gra\u0111ana dobre volje, ljubitelja prirode i prirodnih stani\u0161ta, koji su voljni i odlu\u010dni da rade na op\u0161tu korist i da o\u010duvaju prirodu i&hellip; <\/p>\n","protected":false},"author":4,"featured_media":1804,"parent":0,"menu_order":0,"comment_status":"closed","ping_status":"closed","template":"","meta":[],"yoast_head":"<!-- This site is optimized with the Yoast SEO plugin v15.4 - https:\/\/yoast.com\/wordpress\/plugins\/seo\/ -->\n<title>O nama - HabiProt<\/title>\n<meta name=\"description\" content=\"HabiProt je osnovan 2005 godine kao udru\u017eenje gra\u0111ana dobre volje, ljubitelja prirode i prirodnih stani\u0161ta. Zala\u017ee se za o\u010duvanje prirode i prirodnih lepota Srbije.\" \/>\n<meta name=\"robots\" content=\"index, follow, max-snippet:-1, max-image-preview:large, max-video-preview:-1\" \/>\n<link rel=\"canonical\" href=\"https:\/\/habiprot.org.rs\/about\/\" \/>\n<meta property=\"og:locale\" content=\"en_US\" \/>\n<meta property=\"og:type\" content=\"article\" \/>\n<meta property=\"og:title\" content=\"[:rl]O nama[:sr]\u041e \u043d\u0430\u043c\u0430[:en]On us[:] - HabiProt\" \/>\n<meta property=\"og:description\" content=\"HabiProt je osnovan 2005 godine kao udru\u017eenje gra\u0111ana dobre volje, ljubitelja prirode i prirodnih stani\u0161ta. Zala\u017ee se za o\u010duvanje prirode i prirodnih lepota Srbije.\" \/>\n<meta property=\"og:url\" content=\"https:\/\/habiprot.org.rs\/about\/\" \/>\n<meta property=\"og:site_name\" content=\"HabiProt\" \/>\n<meta property=\"article:modified_time\" content=\"2026-02-11T16:26:29+00:00\" \/>\n<meta property=\"og:image\" content=\"https:\/\/habiprot.org.rs\/wp-content\/uploads\/2020\/01\/Webp.net-resizeimage-2-scaled.jpg\" \/>\n\t<meta property=\"og:image:width\" content=\"2560\" \/>\n\t<meta property=\"og:image:height\" content=\"1920\" \/>\n<meta name=\"twitter:card\" content=\"summary\" \/>\n<meta name=\"twitter:label1\" content=\"Written by\">\n\t<meta name=\"twitter:data1\" content=\"\u041c\u0438\u043b\u0430\u043d \u0402\u0443\u0440\u0438\u045b\">\n\t<meta name=\"twitter:label2\" content=\"Est. reading time\">\n\t<meta name=\"twitter:data2\" content=\"2 minutes\">\n<script type=\"application\/ld+json\" class=\"yoast-schema-graph\">{\"@context\":\"https:\/\/schema.org\",\"@graph\":[{\"@type\":\"WebSite\",\"@id\":\"https:\/\/habiprot.org.rs\/#website\",\"url\":\"https:\/\/habiprot.org.rs\/\",\"name\":\"HabiProt\",\"description\":\"Udru\\u017eenje za odr\\u017eivi razvoj i o\\u010duvanje prirodnih stani\\u0161ta Srbije\",\"potentialAction\":[{\"@type\":\"SearchAction\",\"target\":\"https:\/\/habiprot.org.rs\/?s={search_term_string}\",\"query-input\":\"required name=search_term_string\"}],\"inLanguage\":\"sr-CZ\"},{\"@type\":\"ImageObject\",\"@id\":\"https:\/\/habiprot.org.rs\/about\/#primaryimage\",\"inLanguage\":\"sr-CZ\",\"url\":\"https:\/\/habiprot.org.rs\/wp-content\/uploads\/2020\/01\/Webp.net-resizeimage-2-scaled.jpg\",\"width\":2560,\"height\":1920},{\"@type\":\"WebPage\",\"@id\":\"https:\/\/habiprot.org.rs\/about\/#webpage\",\"url\":\"https:\/\/habiprot.org.rs\/about\/\",\"name\":\"[:rl]O nama[:sr]\\u041e \\u043d\\u0430\\u043c\\u0430[:en]On us[:] - HabiProt\",\"isPartOf\":{\"@id\":\"https:\/\/habiprot.org.rs\/#website\"},\"primaryImageOfPage\":{\"@id\":\"https:\/\/habiprot.org.rs\/about\/#primaryimage\"},\"datePublished\":\"2016-01-29T20:33:01+00:00\",\"dateModified\":\"2026-02-11T16:26:29+00:00\",\"description\":\"HabiProt je osnovan 2005 godine kao udru\\u017eenje gra\\u0111ana dobre volje, ljubitelja prirode i prirodnih stani\\u0161ta. Zala\\u017ee se za o\\u010duvanje prirode i prirodnih lepota Srbije.\",\"inLanguage\":\"sr-CZ\",\"potentialAction\":[{\"@type\":\"ReadAction\",\"target\":[\"https:\/\/habiprot.org.rs\/about\/\"]}]}]}<\/script>\n<!-- \/ Yoast SEO plugin. -->","_links":{"self":[{"href":"https:\/\/habiprot.org.rs\/rl\/wp-json\/wp\/v2\/pages\/16"}],"collection":[{"href":"https:\/\/habiprot.org.rs\/rl\/wp-json\/wp\/v2\/pages"}],"about":[{"href":"https:\/\/habiprot.org.rs\/rl\/wp-json\/wp\/v2\/types\/page"}],"author":[{"embeddable":true,"href":"https:\/\/habiprot.org.rs\/rl\/wp-json\/wp\/v2\/users\/4"}],"replies":[{"embeddable":true,"href":"https:\/\/habiprot.org.rs\/rl\/wp-json\/wp\/v2\/comments?post=16"}],"version-history":[{"count":55,"href":"https:\/\/habiprot.org.rs\/rl\/wp-json\/wp\/v2\/pages\/16\/revisions"}],"predecessor-version":[{"id":3479,"href":"https:\/\/habiprot.org.rs\/rl\/wp-json\/wp\/v2\/pages\/16\/revisions\/3479"}],"wp:featuredmedia":[{"embeddable":true,"href":"https:\/\/habiprot.org.rs\/rl\/wp-json\/wp\/v2\/media\/1804"}],"wp:attachment":[{"href":"https:\/\/habiprot.org.rs\/rl\/wp-json\/wp\/v2\/media?parent=16"}],"curies":[{"name":"wp","href":"https:\/\/api.w.org\/{rel}","templated":true}]}}