{"id":18,"date":"2016-01-29T21:33:48","date_gmt":"2016-01-29T20:33:48","guid":{"rendered":"http:\/\/habiprot.org.rs\/?page_id=18"},"modified":"2020-10-30T15:36:37","modified_gmt":"2020-10-30T14:36:37","slug":"links","status":"publish","type":"page","link":"https:\/\/habiprot.org.rs\/rl\/links\/","title":{"rendered":"Linkovi"},"content":{"rendered":"<p><span style=\"font-family: 'Arial Black';\"><span style=\"font-size: medium;\"><span style=\"font-size: x-large;\">\u010clanovi<\/span><\/span><\/span><\/p>\n<ul>\n<li><a href=\"http:\/\/www.proko.rs\/gal\/pazova.php\">Bo\u017eenka Hric <\/a>Foto galerija<\/li>\n<li><a href=\"http:\/\/www.leptiri.co.rs\/\">Dragan Vajgand <\/a>Leptiri Sombora<\/li>\n<\/ul>\n<p><span style=\"font-family: 'Arial Black';\"><span style=\"font-size: x-large;\">Prijatelji<\/span><\/span><\/p>\n<ul>\n<li><a href=\"http:\/\/orca.rs\">ORCA<\/a><\/li>\n<li><a href=\"https:\/\/sites.google.com\/site\/odonatasrbija\/home\">Vilinski konjici Srbije<\/a><\/li>\n<li><a href=\"http:\/\/www.gea.org.rs\/\">GEA Vr\u0161ac<\/a><\/li>\n<li><a href=\"http:\/\/kapdbalkan.org\/\">KAPD Balkan<\/a><\/li>\n<li><a href=\"http:\/\/www.serbiacricket.com\/\">Kriket federacija Srbije<\/a><\/li>\n<li><a href=\"http:\/\/www.vlinderstichting.nl\/\">Vlinderstichting<\/a> (Holandija)<\/li>\n<li><a href=\"http:\/\/www.butterfliesofamerica.com\/\">Butterflies of America<\/a><\/li>\n<li><a href=\"http:\/\/www.lepido-france.fr\/lalf\/\">Les L\u00e9pidopt\u00e9ristes de France<\/a><\/li>\n<li><a href=\"http:\/\/www.bc-eig.org.uk\">Butterfly Conservation \u2013 European Interests Group<\/a><\/li>\n<\/ul>\n<p>&nbsp;<\/p>","protected":false},"excerpt":{"rendered":"<p>\u010clanovi Bo\u017eenka Hric Foto galerija Dragan Vajgand Leptiri Sombora Prijatelji ORCA Vilinski konjici Srbije GEA Vr\u0161ac KAPD Balkan Kriket federacija Srbije Vlinderstichting (Holandija) Butterflies of America Les L\u00e9pidopt\u00e9ristes de France Butterfly Conservation \u2013 European Interests Group &nbsp;<\/p>\n","protected":false},"author":4,"featured_media":0,"parent":0,"menu_order":0,"comment_status":"closed","ping_status":"closed","template":"","meta":[],"yoast_head":"<!-- This site is optimized with the Yoast SEO plugin v15.4 - https:\/\/yoast.com\/wordpress\/plugins\/seo\/ -->\n<title>Linkovi - HabiProt<\/title>\n<meta name=\"robots\" content=\"index, follow, max-snippet:-1, max-image-preview:large, max-video-preview:-1\" \/>\n<link rel=\"canonical\" href=\"https:\/\/habiprot.org.rs\/links\/\" \/>\n<meta property=\"og:locale\" content=\"en_US\" \/>\n<meta property=\"og:type\" content=\"article\" \/>\n<meta property=\"og:title\" content=\"[:sr]\u041b\u0438\u043d\u043a\u043e\u0432\u0438[:rl]Linkovi[:en]Links[:] - HabiProt\" \/>\n<meta property=\"og:description\" content=\"\u010clanovi Bo\u017eenka Hric Foto galerija Dragan Vajgand Leptiri Sombora Prijatelji ORCA Vilinski konjici Srbije GEA Vr\u0161ac KAPD Balkan Kriket federacija Srbije Vlinderstichting (Holandija) Butterflies of America Les L\u00e9pidopt\u00e9ristes de France Butterfly Conservation \u2013 European Interests Group &nbsp;\" \/>\n<meta property=\"og:url\" content=\"https:\/\/habiprot.org.rs\/links\/\" \/>\n<meta property=\"og:site_name\" content=\"HabiProt\" \/>\n<meta property=\"article:modified_time\" content=\"2020-10-30T14:36:37+00:00\" \/>\n<meta name=\"twitter:card\" content=\"summary\" \/>\n<meta name=\"twitter:label1\" content=\"Written by\">\n\t<meta name=\"twitter:data1\" content=\"\u041c\u0438\u043b\u0430\u043d \u0402\u0443\u0440\u0438\u045b\">\n\t<meta name=\"twitter:label2\" content=\"Est. reading time\">\n\t<meta name=\"twitter:data2\" content=\"0 minutes\">\n<script type=\"application\/ld+json\" class=\"yoast-schema-graph\">{\"@context\":\"https:\/\/schema.org\",\"@graph\":[{\"@type\":\"WebSite\",\"@id\":\"https:\/\/habiprot.org.rs\/#website\",\"url\":\"https:\/\/habiprot.org.rs\/\",\"name\":\"HabiProt\",\"description\":\"Udru\\u017eenje za odr\\u017eivi razvoj i o\\u010duvanje prirodnih stani\\u0161ta Srbije\",\"potentialAction\":[{\"@type\":\"SearchAction\",\"target\":\"https:\/\/habiprot.org.rs\/?s={search_term_string}\",\"query-input\":\"required name=search_term_string\"}],\"inLanguage\":\"sr-CZ\"},{\"@type\":\"WebPage\",\"@id\":\"https:\/\/habiprot.org.rs\/links\/#webpage\",\"url\":\"https:\/\/habiprot.org.rs\/links\/\",\"name\":\"[:sr]\\u041b\\u0438\\u043d\\u043a\\u043e\\u0432\\u0438[:rl]Linkovi[:en]Links[:] - HabiProt\",\"isPartOf\":{\"@id\":\"https:\/\/habiprot.org.rs\/#website\"},\"datePublished\":\"2016-01-29T20:33:48+00:00\",\"dateModified\":\"2020-10-30T14:36:37+00:00\",\"inLanguage\":\"sr-CZ\",\"potentialAction\":[{\"@type\":\"ReadAction\",\"target\":[\"https:\/\/habiprot.org.rs\/links\/\"]}]}]}<\/script>\n<!-- \/ Yoast SEO plugin. -->","_links":{"self":[{"href":"https:\/\/habiprot.org.rs\/rl\/wp-json\/wp\/v2\/pages\/18"}],"collection":[{"href":"https:\/\/habiprot.org.rs\/rl\/wp-json\/wp\/v2\/pages"}],"about":[{"href":"https:\/\/habiprot.org.rs\/rl\/wp-json\/wp\/v2\/types\/page"}],"author":[{"embeddable":true,"href":"https:\/\/habiprot.org.rs\/rl\/wp-json\/wp\/v2\/users\/4"}],"replies":[{"embeddable":true,"href":"https:\/\/habiprot.org.rs\/rl\/wp-json\/wp\/v2\/comments?post=18"}],"version-history":[{"count":15,"href":"https:\/\/habiprot.org.rs\/rl\/wp-json\/wp\/v2\/pages\/18\/revisions"}],"predecessor-version":[{"id":2143,"href":"https:\/\/habiprot.org.rs\/rl\/wp-json\/wp\/v2\/pages\/18\/revisions\/2143"}],"wp:attachment":[{"href":"https:\/\/habiprot.org.rs\/rl\/wp-json\/wp\/v2\/media?parent=18"}],"curies":[{"name":"wp","href":"https:\/\/api.w.org\/{rel}","templated":true}]}}