{"id":2198,"date":"2020-12-03T14:24:40","date_gmt":"2020-12-03T13:24:40","guid":{"rendered":"http:\/\/habiprot.org.rs\/?page_id=2198"},"modified":"2026-03-06T19:26:31","modified_gmt":"2026-03-06T18:26:31","slug":"projekti","status":"publish","type":"page","link":"https:\/\/habiprot.org.rs\/rl\/projekti\/","title":{"rendered":"Realizovani projekti"},"content":{"rendered":"<p><\/p>\n<table width=\"603\">\n<tbody>\n<tr>\n<td width=\"59\">2025<\/td>\n<td width=\"296\">Oboga\u0107ivanje GBIF baze podataka podacima iz Srbije<\/td>\n<td width=\"240\">The Habitat Foundation<\/td>\n<\/tr>\n<tr>\n<td width=\"59\">2025<\/td>\n<td width=\"296\">Istra\u017eivanje faune saproksilnih insekata SP \u201eObrenova\u010dki Zabran\u201c<\/td>\n<td width=\"240\">JPZZS GO Obrenovac<\/p>\n<p>&nbsp;<\/td>\n<\/tr>\n<tr>\n<td width=\"59\">2025<\/td>\n<td width=\"296\">Istra\u017eivanje faune insekata SRP \u201eCarska bara\u201c<\/td>\n<td width=\"240\">JU Rezervati prirode Zrenjanin<\/td>\n<\/tr>\n<tr>\n<td width=\"59\">2025<\/td>\n<td width=\"296\">Istra\u017eivanja faune no\u0107nih leptira Park prirode \u201eRusanda\u201d<\/td>\n<td width=\"240\">JU Rezervati prirode Zrenjanin<\/td>\n<\/tr>\n<tr>\n<td width=\"59\">2025<\/td>\n<td width=\"296\">Istra\u017eivanja biodiverziteta SRP \u201ePe\u0161tersko polje\u201c<\/td>\n<td width=\"240\">TO Sjenica<\/td>\n<\/tr>\n<tr>\n<td width=\"59\">2025<\/td>\n<td width=\"296\">Istra\u017eivanje faune insekata PIO \u201eVlasina\u201c<\/td>\n<td width=\"240\">TO Surdulica<\/td>\n<\/tr>\n<tr>\n<td width=\"59\">2025\/26<\/td>\n<td width=\"296\">\u201eJa\u010danje kapaciteta HabiProt-a i unapre\u0111enje znanja o ugro\u017eenim tresavama jugozapadne Srbije\u201c<\/td>\n<td width=\"240\">DZPPS; Tour du Valat<\/td>\n<\/tr>\n<tr>\n<td width=\"59\">2024\/25<\/td>\n<td width=\"296\">\u201cMonitoring of Threatened Saproxylic Beetles Species in Serbia with public participation\u201c<\/td>\n<td width=\"240\">The Rufford Foundation<\/td>\n<\/tr>\n<tr>\n<td width=\"59\">2024<\/p>\n<p>&nbsp;<\/td>\n<td width=\"296\">Istra\u017eivanje faune dnevnih leptira SRP \u201eCarska bara\u201c<\/td>\n<td width=\"240\">JU Rezervati prirode Zrenjanin<\/td>\n<\/tr>\n<tr>\n<td width=\"59\">2024<\/p>\n<p>&nbsp;<\/td>\n<td width=\"296\">Istra\u017eivanje insekata SRP \u201eRitovi donjeg Potisja\u201c<\/td>\n<td width=\"240\">JU Rezervati prirode Zrenjanin<\/td>\n<\/tr>\n<tr>\n<td width=\"59\">2024<\/p>\n<p>&nbsp;<\/td>\n<td width=\"296\">Istra\u017eivanja faune insekata Park prirode \u201eRusanda\u201d<\/td>\n<td width=\"240\">JU Rezervati prirode Zrenjanin<\/td>\n<\/tr>\n<tr>\n<td width=\"59\">2024<\/p>\n<p>&nbsp;<\/td>\n<td width=\"296\">Istra\u017eivanje faune insekata PIO \u201eVlasina\u201c<\/td>\n<td width=\"240\">TO Surdulica<\/td>\n<\/tr>\n<tr>\n<td width=\"59\">2024<\/p>\n<p>&nbsp;<\/td>\n<td width=\"296\">Istra\u017eivanje faune dnevnih leptira NP \u201eTara\u201c<\/td>\n<td width=\"240\">JP Nacionalni park Tara<\/td>\n<\/tr>\n<tr>\n<td width=\"59\">2024<\/p>\n<p>&nbsp;<\/td>\n<td width=\"296\">Viki voli biologiju<\/td>\n<td width=\"240\">Vikimedija Srbije<\/td>\n<\/tr>\n<tr>\n<td width=\"59\">2023<\/td>\n<td width=\"296\">Istra\u017eivanje faune dnevnih leptira NP \u201eTara\u201c<\/td>\n<td width=\"240\">JP Nacionalni park Tara<\/td>\n<\/tr>\n<tr>\n<td width=\"59\">2023<\/td>\n<td width=\"296\">Istra\u017eivanje faune insekata PIO \u201eVlasina\u201c<\/td>\n<td width=\"240\">TO Surdulica<\/td>\n<\/tr>\n<tr>\n<td width=\"59\">2023<\/td>\n<td width=\"296\">Istra\u017eivanje faune stenica i pravokrilaca slatinskih podru\u010dja Park prirode \u201eRusanda\u201d<\/td>\n<td width=\"240\">JU Rezervati prirode Zrenjanin<\/td>\n<\/tr>\n<tr>\n<td width=\"59\">2023<\/td>\n<td width=\"296\">Istra\u017eivanje faune dnevnih leptira SRP \u201eRitovi donjeg Potisja\u201c i izrada publikacije<\/td>\n<td width=\"240\">JU Rezervati prirode Zrenjanin<\/td>\n<\/tr>\n<tr>\n<td width=\"59\">2023<\/td>\n<td width=\"296\">Istra\u017eivanje faune stenica i osolikih muva SP \u201eObrenova\u010dki Zabran\u201c<\/td>\n<td width=\"240\">JPZZS GO Obrenovac<\/p>\n<p>&nbsp;<\/td>\n<\/tr>\n<tr>\n<td width=\"59\">2022<\/td>\n<td width=\"296\">Resursni centar Srbije Natura 2000 \u2013 mre\u017ea organizacija za za\u0161titu prirode<\/td>\n<td width=\"240\">DZPPS; Mladi istra\u017eiva\u010di Srbije<\/td>\n<\/tr>\n<tr>\n<td width=\"59\">2022<\/td>\n<td width=\"296\">Majci oko nas<\/td>\n<td width=\"240\">Vikimedija Srbije<\/td>\n<\/tr>\n<tr>\n<td width=\"59\">2022<\/td>\n<td width=\"296\">Istra\u017eivanje faune dnevnih leptira NP Tara<\/td>\n<td width=\"240\">JP Nacionalni park Tara<\/td>\n<\/tr>\n<tr>\n<td width=\"59\">2022<\/td>\n<td width=\"296\">Priprema entomolo\u0161ke zbirke<\/td>\n<td width=\"240\">JU Rezervati prirode Zrenjanin<\/td>\n<\/tr>\n<tr>\n<td width=\"59\">2022<\/td>\n<td width=\"296\">Istra\u017eivanje faune dnevnih leptira SRP Ritovi donjeg Potisja<\/td>\n<td width=\"240\">JU Rezervati prirode Zrenjanin<\/td>\n<\/tr>\n<tr>\n<td width=\"59\">2022<\/td>\n<td width=\"296\">Po\u010detno istra\u017eivanje faune vodozemaca i gmizavaca SRP Ritovi donjeg Potisja<\/td>\n<td width=\"240\">JU Rezervati prirode Zrenjanin<\/td>\n<\/tr>\n<tr>\n<td width=\"59\">2022<\/td>\n<td width=\"296\">Istra\u017eivanje faune dnevnih leptira PIO Dolina P\u010dinje<\/td>\n<td width=\"240\">Srpska pravoslavna crkva \u2013 Eparhija Vranjska<\/td>\n<\/tr>\n<tr>\n<td width=\"59\">2022<\/td>\n<td width=\"296\">Priprema publikacije Dnevni leptiri PIO Dolina P\u010dinje<\/td>\n<td width=\"240\">Srpska pravoslavna crkva \u2013 Eparhija Vranjska<\/td>\n<\/tr>\n<tr>\n<td width=\"59\">2022<\/td>\n<td width=\"296\">Istra\u017eivanje faune insekata PIO Vlasina<\/td>\n<td width=\"240\">TO Surdulica<\/td>\n<\/tr>\n<tr>\n<td width=\"59\">2022<\/td>\n<td width=\"296\">Priprema publikacije Leptiri i stri\u017eibube Obrenova\u010dkog Zabrana<\/td>\n<td width=\"240\">JPZZS GO Obrenovac<\/td>\n<\/tr>\n<tr>\n<td width=\"59\">2022<\/td>\n<td width=\"296\">Terenska istra\u017eivanja biodiverziteta SRP Pe\u0161tersko polje<\/td>\n<td width=\"240\">TO Sjenica<\/td>\n<\/tr>\n<tr>\n<td width=\"59\">2022<\/td>\n<td width=\"296\">Prikupljanje, verifikacija i digitalizacija podataka o distribuciji potencijalno ugro\u017eenih vrsta insekata Srbije za period 2021-2022<\/td>\n<td width=\"240\">Biolo\u0161ki fakultet, Univerzitet u Beogradu<\/td>\n<\/tr>\n<tr>\n<td width=\"59\">2022<\/td>\n<td width=\"296\">Podr\u0161ka izvo\u0111enju edukativnih radionica tokom programa Dunavsko more u Novom Sadu<\/td>\n<td width=\"240\">Ekonaut<\/td>\n<\/tr>\n<tr>\n<td width=\"59\">2021<\/td>\n<td width=\"296\">Eko-mre\u017ea za budu\u0107nost Srbije<\/td>\n<td width=\"240\">DZPPS; Mladi istra\u017eiva\u010di Srbije<\/td>\n<\/tr>\n<tr>\n<td width=\"59\">2021<\/td>\n<td width=\"296\">Viki voli bubamare<\/td>\n<td width=\"240\">Vikimedija Srbije<\/td>\n<\/tr>\n<tr>\n<td width=\"59\">2021<\/td>\n<td width=\"296\">Skriveni svet planina Srbije<\/td>\n<td width=\"240\">Vikimedija Srbije<\/td>\n<\/tr>\n<tr>\n<td width=\"59\">2021<\/td>\n<td width=\"296\">EU za Srbiju \u2013 Nastavak podr\u0161ke za implementaciju Poglavlja 27 u oblasti za\u0161tite prirode (NATURA 2000)<\/td>\n<td width=\"240\">EPTISA Southeast Europe<\/td>\n<\/tr>\n<tr>\n<td width=\"59\">2021<\/td>\n<td width=\"296\">Analiza trendova dnevnih leptira u Srbiji<\/td>\n<td width=\"240\">Agencija za za\u0161titu \u017eivotne sredine<\/td>\n<\/tr>\n<tr>\n<td width=\"59\">2021<\/td>\n<td width=\"296\">Istra\u017eivanje faune leptira SRP Ritovi donjeg Potisja<\/td>\n<td width=\"240\">JU Rezervati prirode Zrenjanin<\/td>\n<\/tr>\n<tr>\n<td width=\"59\">2021<\/td>\n<td width=\"296\">Istra\u017eivanje faune insekata SRP Ritovi donjeg Potisja<\/td>\n<td width=\"240\">JU Rezervati prirode Zrenjanin<\/td>\n<\/tr>\n<tr>\n<td width=\"59\">2021<\/td>\n<td width=\"296\">Istra\u017eivanje faune dnevnih leptira PIO Dolina P\u010dinje<\/td>\n<td width=\"240\">Srpska pravoslavna crkva \u2013 Eparhija Vranjska<\/td>\n<\/tr>\n<tr>\n<td width=\"59\">2021<\/td>\n<td width=\"296\">Istra\u017eivanje faune insekata SP Ostrovica<\/td>\n<td width=\"240\">Op\u0161tina Gornji Milanovac<\/td>\n<\/tr>\n<tr>\n<td width=\"59\">2021<\/td>\n<td width=\"296\">Istra\u017eivanje faune dnevnih leptira NP Tara<\/td>\n<td width=\"240\">JP Nacionalni park Tara<\/td>\n<\/tr>\n<tr>\n<td width=\"59\">2021<\/td>\n<td width=\"296\">Istra\u017eivanje faune insekata PIO Vlasina<\/td>\n<td width=\"240\">TO Surdulica<\/td>\n<\/tr>\n<tr>\n<td width=\"59\">2020<\/td>\n<td width=\"296\">Istra\u017eivanje faune insekata PIO Vlasina<\/td>\n<td width=\"240\">TO Surdulica<\/td>\n<\/tr>\n<tr>\n<td width=\"59\">2020<\/td>\n<td width=\"296\">Istra\u017eivanje faune insekata SRP Kraljevac<\/td>\n<td width=\"240\">USR Deliblatsko jezero<\/td>\n<\/tr>\n<tr>\n<td width=\"59\">2020<\/td>\n<td width=\"296\">Istra\u017eivanje faune insekata PIO Ov\u010darsko-kablarska klisura<\/td>\n<td width=\"240\">TO \u010ca\u010dak<\/td>\n<\/tr>\n<tr>\n<td width=\"59\">2020<\/td>\n<td width=\"296\">Istra\u017eivanje faune insekata SP Obrenova\u010dki Zabran<\/td>\n<td width=\"240\">JPZZS GO Obrenovac<\/td>\n<\/tr>\n<tr>\n<td width=\"59\">2020<\/td>\n<td width=\"296\">Terenska istra\u017eivanja biodiverziteta SRP Pe\u0161tersko polje<\/td>\n<td width=\"240\">TO Sjenica<\/td>\n<\/tr>\n<tr>\n<td width=\"59\">2020<\/td>\n<td width=\"296\">Istra\u017eivanje faune insekata PIO Vlasina<\/td>\n<td width=\"240\">TO Surdulica<\/td>\n<\/tr>\n<tr>\n<td width=\"59\">2020<\/td>\n<td width=\"296\">Viki voli stri\u017eibube<\/td>\n<td width=\"240\">Vikimedija Srbije<\/td>\n<\/tr>\n<tr>\n<td width=\"59\">2019\/20<\/td>\n<td width=\"296\">Stenice vojvo\u0111anskih slatina 3<\/td>\n<td width=\"240\">The Rufford Foundation<\/td>\n<\/tr>\n<tr>\n<td width=\"59\">2019<\/td>\n<td width=\"296\">6. nacionalni izve\u0161taj Konvencije o biolo\u0161koj raznovrsnosti<\/td>\n<td width=\"240\">Agencija za za\u0161titu \u017eivotne sredine<\/td>\n<\/tr>\n<tr>\n<td width=\"59\">2019<\/td>\n<td width=\"296\">Istra\u017eivanje faune insekata SP Obrenova\u010dki Zabran<\/td>\n<td width=\"240\">JPZZS GO Obrenovac<\/td>\n<\/tr>\n<tr>\n<td width=\"59\">2019<\/td>\n<td width=\"296\">Terenska istra\u017eivanja biodiverziteta SRP Pe\u0161tersko polje<\/td>\n<td width=\"240\">TO Sjenica<\/td>\n<\/tr>\n<tr>\n<td width=\"59\">2019<\/td>\n<td width=\"296\">Istra\u017eivanje faune insekata Vlasine i priprema publikacije &#8220;No\u0107ni leptiri Vlasine&#8221;<\/td>\n<td width=\"240\">TO Surdulica<\/td>\n<\/tr>\n<tr>\n<td width=\"59\">2018\/9<\/td>\n<td width=\"296\">Istra\u017eivanje biodiverziteta PP Ba\u010dkotopolske doline u okviru projekta SeNs Wetlands &#8211; deo Interreg-IPA CBC (Hrvatska-Srbija)<\/td>\n<td width=\"240\">Pokrajinski zavod za za\u0161titu prirode<\/td>\n<\/tr>\n<tr>\n<td width=\"59\">2018<\/td>\n<td width=\"296\">CSOnnect Program II<\/td>\n<td width=\"240\">ORCA Beograd; REC<\/td>\n<\/tr>\n<tr>\n<td width=\"59\">2018<\/td>\n<td width=\"296\">Istra\u017eivanje faune insekata PIO Ov\u010darsko-kablarska klisura<\/td>\n<td width=\"240\">TO \u010ca\u010dak<\/td>\n<\/tr>\n<tr>\n<td width=\"59\">2018<\/td>\n<td width=\"296\">Terenska istra\u017eivanja PIO Vlasina<\/td>\n<td width=\"240\">TO Surdulica<\/td>\n<\/tr>\n<tr>\n<td width=\"59\">2018<\/td>\n<td width=\"296\">Terenska istra\u017eivanja biodiverziteta SRP Pe\u0161tersko polje<\/td>\n<td width=\"240\">TO Sjenica<\/td>\n<\/tr>\n<tr>\n<td width=\"59\">2017<\/td>\n<td width=\"296\">Istra\u017eivanje faune insekata PIO Ov\u010darsko-kablarska klisura<\/td>\n<td width=\"240\">TO \u010ca\u010dak<\/td>\n<\/tr>\n<tr>\n<td width=\"59\">2017<\/td>\n<td width=\"296\">Stenice vojvo\u0111anskih slatina 2<\/td>\n<td width=\"240\">The Rufford Foundation<\/td>\n<\/tr>\n<tr>\n<td width=\"59\">2016<\/td>\n<td width=\"296\">Terensko istra\u017eivanje faune dnevnih leptira i priprema publikacije &#8220;Dnevni leptiri Vlasine&#8221;<\/td>\n<td width=\"240\">JP Direkcija za gra\u0111evinsko zemlji\u0161te Surdulica<\/td>\n<\/tr>\n<tr>\n<td width=\"59\">2016<\/td>\n<td width=\"296\">Nau\u010dno-istra\u017eiva\u010dki radovi<\/td>\n<td width=\"240\">TO \u010ca\u010dak<\/td>\n<\/tr>\n<tr>\n<td width=\"59\">2016<\/td>\n<td width=\"296\">Monitoring no\u0107nih leptira Stare planine<\/td>\n<td width=\"240\">JP Srbija\u0161ume Pirot<\/td>\n<\/tr>\n<tr>\n<td width=\"59\">2016<\/td>\n<td width=\"296\">Viki voli vilinske konjice<\/td>\n<td width=\"240\">Vikimedija Srbije<\/td>\n<\/tr>\n<tr>\n<td width=\"59\">2016\/7<\/td>\n<td width=\"296\">CSOnnect program I<\/td>\n<td width=\"240\">ORCA Beograd; REC<\/td>\n<\/tr>\n<tr>\n<td width=\"59\">2016<\/td>\n<td width=\"296\">Pra\u0107enje brojnosti dnevnih leptira<\/td>\n<td width=\"240\">BCE EIG<\/td>\n<\/tr>\n<tr>\n<td width=\"59\">2015<\/td>\n<td width=\"296\">Monitoring dnevnih leptira Stare planine<\/td>\n<td width=\"240\">JP Srbija\u0161ume Pirot<\/td>\n<\/tr>\n<tr>\n<td width=\"59\">2015<\/td>\n<td width=\"296\">Istra\u017eivanje faune insekata PIO Ov\u010darsko-kablarska klisura<\/td>\n<td width=\"240\">TO \u010ca\u010dak<\/td>\n<\/tr>\n<tr>\n<td width=\"59\">2015<\/td>\n<td width=\"296\">Stenice vojvo\u0111anskih slatina<\/td>\n<td width=\"240\">The Rufford Foundation<\/td>\n<\/tr>\n<tr>\n<td width=\"59\">2014<\/td>\n<td width=\"296\">Suizdava\u0161tvo knjige &#8220;Stri\u017eibube Srbije&#8221;<\/td>\n<td width=\"240\">Zavod za za\u0161titu prirode Srbije<\/td>\n<\/tr>\n<tr>\n<td width=\"59\">2014<\/td>\n<td width=\"296\">Monitoring dnevnih leptira Stare planine<\/td>\n<td width=\"240\">JP Srbija\u0161ume Pirot<\/td>\n<\/tr>\n<tr>\n<td width=\"59\">2014<\/td>\n<td width=\"296\">Omasovljenje mre\u017ee za evidentiranje leptira u Srbiji<\/td>\n<td width=\"240\">Ministarstvo poljoprivrede i za\u0161tite \u017eivotne sredine<\/td>\n<\/tr>\n<tr>\n<td width=\"59\">2011<\/td>\n<td width=\"296\">Priru\u010dnik za upoznavanje dnevnih leptira<\/td>\n<td width=\"240\">Gradski sekretarijat za za\u0161titu \u017eivotne srediine Beograd<\/td>\n<\/tr>\n<tr>\n<td width=\"59\">2011<\/td>\n<td width=\"296\">Dostavljanje podataka o biolo\u0161koj raznovsnosti Srbije<\/td>\n<td width=\"240\">Istra\u017eiva\u010dka stanica Petnica<\/td>\n<\/tr>\n<tr>\n<td width=\"59\">2011<\/td>\n<td width=\"296\">Monitoring dnevnih leptira u Srbiji<\/td>\n<td width=\"240\">Ambasada Holandije<\/td>\n<\/tr>\n<tr>\n<td width=\"59\">2009<\/td>\n<td width=\"296\">Putuju\u0107a leptirska foto izlo\u017eba<\/td>\n<td width=\"240\">Ambasada Holandije<\/td>\n<\/tr>\n<tr>\n<td width=\"59\">2007\/8<\/td>\n<td width=\"296\">Odabrana podru\u010dja za dnevne leptire: put za ostvarenje za\u0161tite prirode u Srbiji<\/td>\n<td width=\"240\">Butterfly Conservation Europe<\/p>\n<p>&nbsp;<\/td>\n<\/tr>\n<\/tbody>\n<\/table>\n<p><\/p>","protected":false},"excerpt":{"rendered":"<p>2025 Oboga\u0107ivanje GBIF baze podataka podacima iz Srbije The Habitat Foundation 2025 Istra\u017eivanje faune saproksilnih insekata SP \u201eObrenova\u010dki Zabran\u201c JPZZS GO Obrenovac &nbsp; 2025 Istra\u017eivanje faune insekata SRP \u201eCarska bara\u201c JU Rezervati prirode Zrenjanin 2025 Istra\u017eivanja faune no\u0107nih leptira Park&hellip; <\/p>\n","protected":false},"author":4,"featured_media":0,"parent":0,"menu_order":0,"comment_status":"closed","ping_status":"closed","template":"","meta":[],"yoast_head":"<!-- This site is optimized with the Yoast SEO plugin v15.4 - https:\/\/yoast.com\/wordpress\/plugins\/seo\/ -->\n<title>Realizovani projekti - HabiProt<\/title>\n<meta name=\"robots\" content=\"index, follow, max-snippet:-1, max-image-preview:large, max-video-preview:-1\" \/>\n<link rel=\"canonical\" href=\"https:\/\/habiprot.org.rs\/projekti\/\" \/>\n<meta property=\"og:locale\" content=\"en_US\" \/>\n<meta property=\"og:type\" content=\"article\" \/>\n<meta property=\"og:title\" content=\"[:rl]Realizovani projekti[:sr]\u0420\u0435\u0430\u043b\u0438\u0437\u043e\u0432\u0430\u043d\u0438 \u043f\u0440\u043e\u0458\u0435\u043a\u0442\u0438[:en]Completed projects[:] - HabiProt\" \/>\n<meta property=\"og:description\" content=\"2025 Oboga\u0107ivanje GBIF baze podataka podacima iz Srbije The Habitat Foundation 2025 Istra\u017eivanje faune saproksilnih insekata SP \u201eObrenova\u010dki Zabran\u201c JPZZS GO Obrenovac &nbsp; 2025 Istra\u017eivanje faune insekata SRP \u201eCarska bara\u201c JU Rezervati prirode Zrenjanin 2025 Istra\u017eivanja faune no\u0107nih leptira Park&hellip;\" \/>\n<meta property=\"og:url\" content=\"https:\/\/habiprot.org.rs\/projekti\/\" \/>\n<meta property=\"og:site_name\" content=\"HabiProt\" \/>\n<meta property=\"article:modified_time\" content=\"2026-03-06T18:26:31+00:00\" \/>\n<meta name=\"twitter:card\" content=\"summary\" \/>\n<meta name=\"twitter:label1\" content=\"Written by\">\n\t<meta name=\"twitter:data1\" content=\"\u041c\u0438\u043b\u0430\u043d \u0402\u0443\u0440\u0438\u045b\">\n\t<meta name=\"twitter:label2\" content=\"Est. reading time\">\n\t<meta name=\"twitter:data2\" content=\"8 minutes\">\n<script type=\"application\/ld+json\" class=\"yoast-schema-graph\">{\"@context\":\"https:\/\/schema.org\",\"@graph\":[{\"@type\":\"WebSite\",\"@id\":\"https:\/\/habiprot.org.rs\/#website\",\"url\":\"https:\/\/habiprot.org.rs\/\",\"name\":\"HabiProt\",\"description\":\"Udru\\u017eenje za odr\\u017eivi razvoj i o\\u010duvanje prirodnih stani\\u0161ta Srbije\",\"potentialAction\":[{\"@type\":\"SearchAction\",\"target\":\"https:\/\/habiprot.org.rs\/?s={search_term_string}\",\"query-input\":\"required name=search_term_string\"}],\"inLanguage\":\"sr-CZ\"},{\"@type\":\"WebPage\",\"@id\":\"https:\/\/habiprot.org.rs\/projekti\/#webpage\",\"url\":\"https:\/\/habiprot.org.rs\/projekti\/\",\"name\":\"[:rl]Realizovani projekti[:sr]\\u0420\\u0435\\u0430\\u043b\\u0438\\u0437\\u043e\\u0432\\u0430\\u043d\\u0438 \\u043f\\u0440\\u043e\\u0458\\u0435\\u043a\\u0442\\u0438[:en]Completed projects[:] - HabiProt\",\"isPartOf\":{\"@id\":\"https:\/\/habiprot.org.rs\/#website\"},\"datePublished\":\"2020-12-03T13:24:40+00:00\",\"dateModified\":\"2026-03-06T18:26:31+00:00\",\"inLanguage\":\"sr-CZ\",\"potentialAction\":[{\"@type\":\"ReadAction\",\"target\":[\"https:\/\/habiprot.org.rs\/projekti\/\"]}]}]}<\/script>\n<!-- \/ Yoast SEO plugin. -->","_links":{"self":[{"href":"https:\/\/habiprot.org.rs\/rl\/wp-json\/wp\/v2\/pages\/2198"}],"collection":[{"href":"https:\/\/habiprot.org.rs\/rl\/wp-json\/wp\/v2\/pages"}],"about":[{"href":"https:\/\/habiprot.org.rs\/rl\/wp-json\/wp\/v2\/types\/page"}],"author":[{"embeddable":true,"href":"https:\/\/habiprot.org.rs\/rl\/wp-json\/wp\/v2\/users\/4"}],"replies":[{"embeddable":true,"href":"https:\/\/habiprot.org.rs\/rl\/wp-json\/wp\/v2\/comments?post=2198"}],"version-history":[{"count":59,"href":"https:\/\/habiprot.org.rs\/rl\/wp-json\/wp\/v2\/pages\/2198\/revisions"}],"predecessor-version":[{"id":3488,"href":"https:\/\/habiprot.org.rs\/rl\/wp-json\/wp\/v2\/pages\/2198\/revisions\/3488"}],"wp:attachment":[{"href":"https:\/\/habiprot.org.rs\/rl\/wp-json\/wp\/v2\/media?parent=2198"}],"curies":[{"name":"wp","href":"https:\/\/api.w.org\/{rel}","templated":true}]}}