{"id":2562,"date":"2022-01-04T08:52:12","date_gmt":"2022-01-04T07:52:12","guid":{"rendered":"https:\/\/habiprot.org.rs\/?page_id=2562"},"modified":"2022-01-04T08:52:12","modified_gmt":"2022-01-04T07:52:12","slug":"eveverica","status":"publish","type":"page","link":"https:\/\/habiprot.org.rs\/rl\/eveverica\/","title":{"rendered":"EVeverica"},"content":{"rendered":"<p style=\"background-color: #0d6c3c; color: #fff;\"><img src=\"https:\/\/habiprot.org.rs\/wp-content\/uploads\/2019\/10\/SAM_9880-150x150.jpg\" alt=\"Emanuel Veverica\" class=\"avatar avatar-thumbnail wp-user-avatar wp-user-avatar-thumbnail alignleft photo\" \/><br \/>\n<b><i>Emanuel Veverica<\/i><\/b><\/p>\n<p><em>\u2013 Vilini konjici<\/em><\/p>\n<p>e-adresa: <a href=\"mailto:emibcstamp@gmail.com\">emibcstamp@gmail.com<\/a><\/p>\n<ol>\n<li><b>Veverica<\/b>, E., Kne\u017eevi\u0107 M. 2019: Vilini konjici (Insecta, Odonata) Bele Crkve. <em>Rezimei XII Simpozijuma entomologa Srbije sa me\u0111unarodnim u\u010de\u0161\u0107em<\/em>. Univerzitet u Ni\u0161u, Ni\u0161, Srbija, 25-29. septembar 2019, p. 5-6.<\/li>\n<\/ol>\n","protected":false},"excerpt":{"rendered":"<p>Emanuel Veverica \u2013 Vilini konjici e-adresa: emibcstamp@gmail.com Veverica, E., Kne\u017eevi\u0107 M. 2019: Vilini konjici (Insecta, Odonata) Bele Crkve. Rezimei XII Simpozijuma entomologa Srbije sa me\u0111unarodnim u\u010de\u0161\u0107em. Univerzitet u Ni\u0161u, Ni\u0161, Srbija, 25-29. septembar 2019, p. 5-6.<\/p>\n","protected":false},"author":4,"featured_media":0,"parent":0,"menu_order":0,"comment_status":"closed","ping_status":"closed","template":"","meta":[],"yoast_head":"<!-- This site is optimized with the Yoast SEO plugin v15.4 - https:\/\/yoast.com\/wordpress\/plugins\/seo\/ -->\n<title>EVeverica - HabiProt<\/title>\n<meta name=\"robots\" content=\"index, follow, max-snippet:-1, max-image-preview:large, max-video-preview:-1\" \/>\n<link rel=\"canonical\" href=\"https:\/\/habiprot.org.rs\/eveverica\/\" \/>\n<meta property=\"og:locale\" content=\"en_US\" \/>\n<meta property=\"og:type\" content=\"article\" \/>\n<meta property=\"og:title\" content=\"EVeverica - HabiProt\" \/>\n<meta property=\"og:description\" content=\"Emanuel Veverica \u2013 Vilini konjici e-adresa: emibcstamp@gmail.com Veverica, E., Kne\u017eevi\u0107 M. 2019: Vilini konjici (Insecta, Odonata) Bele Crkve. Rezimei XII Simpozijuma entomologa Srbije sa me\u0111unarodnim u\u010de\u0161\u0107em. Univerzitet u Ni\u0161u, Ni\u0161, Srbija, 25-29. septembar 2019, p. 5-6.\" \/>\n<meta property=\"og:url\" content=\"https:\/\/habiprot.org.rs\/eveverica\/\" \/>\n<meta property=\"og:site_name\" content=\"HabiProt\" \/>\n<meta name=\"twitter:card\" content=\"summary\" \/>\n<meta name=\"twitter:label1\" content=\"Written by\">\n\t<meta name=\"twitter:data1\" content=\"\u041c\u0438\u043b\u0430\u043d \u0402\u0443\u0440\u0438\u045b\">\n\t<meta name=\"twitter:label2\" content=\"Est. reading time\">\n\t<meta name=\"twitter:data2\" content=\"0 minutes\">\n<script type=\"application\/ld+json\" class=\"yoast-schema-graph\">{\"@context\":\"https:\/\/schema.org\",\"@graph\":[{\"@type\":\"WebSite\",\"@id\":\"https:\/\/habiprot.org.rs\/#website\",\"url\":\"https:\/\/habiprot.org.rs\/\",\"name\":\"HabiProt\",\"description\":\"Udru\\u017eenje za odr\\u017eivi razvoj i o\\u010duvanje prirodnih stani\\u0161ta Srbije\",\"potentialAction\":[{\"@type\":\"SearchAction\",\"target\":\"https:\/\/habiprot.org.rs\/?s={search_term_string}\",\"query-input\":\"required name=search_term_string\"}],\"inLanguage\":\"sr-CZ\"},{\"@type\":\"WebPage\",\"@id\":\"https:\/\/habiprot.org.rs\/eveverica\/#webpage\",\"url\":\"https:\/\/habiprot.org.rs\/eveverica\/\",\"name\":\"EVeverica - HabiProt\",\"isPartOf\":{\"@id\":\"https:\/\/habiprot.org.rs\/#website\"},\"datePublished\":\"2022-01-04T07:52:12+00:00\",\"dateModified\":\"2022-01-04T07:52:12+00:00\",\"inLanguage\":\"sr-CZ\",\"potentialAction\":[{\"@type\":\"ReadAction\",\"target\":[\"https:\/\/habiprot.org.rs\/eveverica\/\"]}]}]}<\/script>\n<!-- \/ Yoast SEO plugin. -->","_links":{"self":[{"href":"https:\/\/habiprot.org.rs\/rl\/wp-json\/wp\/v2\/pages\/2562"}],"collection":[{"href":"https:\/\/habiprot.org.rs\/rl\/wp-json\/wp\/v2\/pages"}],"about":[{"href":"https:\/\/habiprot.org.rs\/rl\/wp-json\/wp\/v2\/types\/page"}],"author":[{"embeddable":true,"href":"https:\/\/habiprot.org.rs\/rl\/wp-json\/wp\/v2\/users\/4"}],"replies":[{"embeddable":true,"href":"https:\/\/habiprot.org.rs\/rl\/wp-json\/wp\/v2\/comments?post=2562"}],"version-history":[{"count":1,"href":"https:\/\/habiprot.org.rs\/rl\/wp-json\/wp\/v2\/pages\/2562\/revisions"}],"predecessor-version":[{"id":2563,"href":"https:\/\/habiprot.org.rs\/rl\/wp-json\/wp\/v2\/pages\/2562\/revisions\/2563"}],"wp:attachment":[{"href":"https:\/\/habiprot.org.rs\/rl\/wp-json\/wp\/v2\/media?parent=2562"}],"curies":[{"name":"wp","href":"https:\/\/api.w.org\/{rel}","templated":true}]}}