{"id":2565,"date":"2022-01-04T08:53:31","date_gmt":"2022-01-04T07:53:31","guid":{"rendered":"https:\/\/habiprot.org.rs\/?page_id=2565"},"modified":"2025-09-25T12:50:04","modified_gmt":"2025-09-25T10:50:04","slug":"itot","status":"publish","type":"page","link":"https:\/\/habiprot.org.rs\/rl\/itot\/","title":{"rendered":"ITot"},"content":{"rendered":"<p><\/p>\n<p style=\"background-color: #0d6c3c; color: #fff;\"><img src=\"https:\/\/habiprot.org.rs\/wp-content\/uploads\/2019\/09\/cv2-150x150.jpg\" alt=\"Ivan Tot\" class=\"avatar avatar-thumbnail wp-user-avatar wp-user-avatar-thumbnail alignleft photo\" \/><br \/>\n<b><i>Ivan Tot<\/i><\/b><\/p>\n<p><em>\u2013 Dnevni leptiri i stri\u017eibube<\/em><\/p>\n<p>e-adresa: <a href=\"mailto:ivan@habiprot.org.rs\">ivan@habiprot.org.rs, <\/a><a href=\"https:\/\/www.researchgate.net\/profile\/Ivan_Tot2\" target=\"_blank\" rel=\"noopener noreferrer\">ResearchGate profil<\/a><\/p>\n<ol>\n<li><strong>Tot I.<\/strong>, Slacki A., \u0110uri\u0107 M., Popovi\u0107 M. 2015: Butterflies of the Vlasina region in southeast Serbia (Lepidoptera: Papilionoidea), <em>Acta entomologica serbica<\/em> 20, p. 117-135<\/li>\n<li>\u0160eat J<strong>.<\/strong>, Nada\u017edin B.,<b> Tot I<\/b>. 2015: True bugs (Heteroptera) of Saline Habitats in Vojvodina Province \u2013 Preliminary results. <em>X<\/em><em> Symposium of entomologist of Serbia 2015<\/em>, 23-27<\/li>\n<li>\u041f\u043e\u043f\u043e\u0432\u0438\u045b \u041c., <b>\u0422\u043e\u0442 \u0418<\/b>. 2015: \u0414\u043d\u0435\u0432\u043d\u0438 \u043b\u0435\u043f\u0442\u0438\u0440\u0438 \u041e\u0432\u0447\u0430\u0440\u0441\u043a\u043e\u2013\u043a\u0430\u0431\u043b\u0430\u0440\u0441\u043a\u0435 \u043a\u043b\u0438\u0441\u0443\u0440\u0435 (Lepidoptera: Papilionoidea). <em>\u0411\u0435\u043b\u0435\u0436\u043d\u0438\u043a \u041e\u0432\u0447\u0430\u0440\u0441\u043a\u043e\u2013\u043a\u0430\u0431\u043b\u0430\u0440\u0441\u043a\u0435 \u043a\u043b\u0438\u0441\u0443\u0440\u0435<\/em> 6(1): 48\u201358.<\/li>\n<li>\u0160eat J<strong>.<\/strong>, Nada\u017edin B., Cvetkovi\u0107 M., Jovanov A., <b>Tot I<\/b>. 2017: Providing a base for conservation of true bugs (Insecta, Heteroptera) and their saline habitats in Vojvodina (northern Serbia). <em>Hyla<\/em> 2016 (1): 19-23.<\/li>\n<li><span lang=\"en-GB\"><b>Tot I<\/b>., Mati\u0107 B., Husarik J., Jovanov A. 2017. Leptiri spomenika prirode &#8220;Slapovi Sopotnice&#8221; i okoline za\u0161ti\u0107enog podru\u010dja (Insecta: Lepidoptera). <i>Zbornik radova spomenika prirode &#8220;Slapovi Sopotnice&#8221;. <\/i>1: 17-33.<\/span><\/li>\n<li><strong>Tot I.<\/strong>, \u0110uri\u0107 M., Popovi\u0107 M. 2017: Dnevni leptiri Vlasine\/Butterflies of Vlasina, JP Direkcija za zemlji\u0161te i puteve op\u0161tine Surdulica i HabiProt, pp. 152 [Serbian\/English]<\/li>\n<li>\u0110uki\u0107 A., Miri\u0107 R., Skejo J., Rajkov S., <b>Tot I<\/b>. 2019: Survey on the damselfly and dragonfly fauna (Insecta: Odonata) of the Landscape of Outstanding Features \u201eVlasina\u201c. Kragujevac J.Sci 41:133-146.<\/li>\n<li><b>\u0422\u043e\u0442 \u0418.<\/b> 2018: \u0414\u043d\u0435\u0432\u043d\u0438 \u043b\u0435\u043f\u0442\u0438\u0440\u0438 \u041f\u0440\u0435\u0434\u0435\u043b\u0430 \u0438\u0437\u0443\u0437\u0435\u0442\u043d\u0438\u0445 \u043e\u0434\u043b\u0438\u043a\u0430 \u201e\u041e\u0432\u0447\u0430\u0440\u0441\u043a\u043e\u2013\u043a\u0430\u0431\u043b\u0430\u0440\u0441\u043a\u0430 \u043a\u043b\u0438\u0441\u0443\u0440\u0430\u201c (Lepidoptera: Papilionoidea) \/ Butterflies of the Landscape of Outstanding Features \u201eOv\u010dar\u2013Kablar Gorge\u201c (Lepidoptera: Papilionoidea). \u0411\u0435\u043b\u0435\u0436\u043d\u0438\u043a \u041e\u0432\u0447\u0430\u0440\u0441\u043a\u043e-\u043a\u0430\u0431\u043b\u0430\u0440\u0441\u043a\u0435 \u043a\u043b\u0438\u0441\u0443\u0440\u0435 8(3): 26-30.<\/li>\n<li>\u0412\u0443\u043a\u0430\u0458\u043b\u043e\u0432\u0438\u045b \u0424., <b>\u0422\u043e\u0442 \u0418.<\/b> 2018: \u041e\u0432\u0447\u0430\u0440\u0441\u043a\u043e-\u043a\u0430\u0431\u043b\u0430\u0440\u0441\u043a\u0430 \u043a\u043b\u0438\u0441\u0443\u0440\u0430 \u2013 \u043d\u0430\u0458\u0458\u0443\u0436\u043d\u0438\u0458\u0430 \u0433\u0440\u0430\u043d\u0438\u0446\u0430 \u0430\u0440\u0435\u0430\u043b\u0430 \u0432\u0440\u0441\u0442\u0435 <em>Oberea moravica<\/em> (Coleoptera: Cerambycidae) Ov\u010dar-Kablar Gorge \u2013 the most southern finding of <em>Oberea moravica<\/em> (Coleoptera: Cerambycidae). \u0411\u0435\u043b\u0435\u0436\u043d\u0438\u043a \u041e\u0432\u0447\u0430\u0440\u0441\u043a\u043e-\u043a\u0430\u0431\u043b\u0430\u0440\u0441\u043a\u0435 \u043a\u043b\u0438\u0441\u0443\u0440\u0435 8(3):17-21.<\/li>\n<li>Uro\u0161evi\u0107 A., Tomovi\u0107 Lj., Krizmani\u0107 I., An\u0111elkovi\u0107 M., Golubovi\u0107 A., Mari\u010di\u0107 M., Ajti\u0107 R., \u0106orovi\u0107 J., \u010cubri\u0107 T., Toma\u0161evi\u0107-Kolarov N., Cvijanovi\u0107 M, Vukov T., Jovanovi\u0107 B., Vu\u010di\u0107 T., Ajdukovi\u0107 M., <b>Tot I.<\/b>, Nada\u017edin B., Labus L., D\u017euki\u0107 G. 2018: Distribution and diversity of brown frogs in Serbia. Bulletin of the Natural History Museum 11: 227-245.<\/li>\n<li><b>Tot I.<\/b>, Popovi\u0107 M. 2018: Distribucija kavkaskog \u017euta\u0107a (<em>Colias caucasica balcanica<\/em> Rebel, 1901) u Srbiji i preliminarni podaci o njegovoj populacionoj ekologiji. Drugi kongres biologa Srbije. 25-30.09. Kladovo, Srbija. Srpsko biolo\u0161ko dru\u0161tvo, 91 p.<\/li>\n<li>Vukajlovi\u0107 F., <b>Tot I.<\/b> 2018: Najju\u017eniji nalaz vrste <em>Oberea moravica<\/em> (Coleoptera: Cerambycidae). Drugi kongres biologa Srbije. 25-30.09. Kladovo, Srbija. Srpsko biolo\u0161ko dru\u0161tvo, 302 p.<\/li>\n<li>Pe\u0161i\u0107 S., Vukajlovi\u0107 F., <b>Tot I.<\/b> 2018: A preliminary study of the summer aspect of weevil (Coleoptera: Curculionoidea) fauna of the Ov\u010dar\u2013Kablar gorge (Western Serbia). <em>Acta entomologica serbica<\/em>. 23(2):1-14.<\/li>\n<li>Vukajlovi\u0107 F., <b>Tot I.<\/b>, \u0110uri\u0107 M., Ili\u0107 N. 2019: Stri\u017eibube (Coleoptera: Cerambycidae) Predela izuzetnih odlika &#8220;Ov\u010darsko-kablarska klisura&#8221; (Zapadna Srbija). <em>Rezimei XII Simpozijuma entomologa Srbije sa me\u0111unarodnim u\u010de\u0161\u0107em<\/em>. Univerzitet u Ni\u0161u, Ni\u0161, Srbija, 25-29. septembar 2019, p. 58-59.<\/li>\n<li>Vukajlovi\u0107 F., <b>Tot I.<\/b>, Ili\u0107 N. 2019: Kriti\u010dki osvrt na predlo\u017eenu listu vrsta stri\u017eibuba (Coleoptera: Cerambycidae) od zna\u010daja za za\u0161titu u Republici Srbiji. <em>Rezimei XII Simpozijuma entomologa Srbije sa me\u0111unarodnim u\u010de\u0161\u0107em<\/em>. Univerzitet u Ni\u0161u, Ni\u0161, Srbija, 25-29. septembar 2019, p. 58.<\/li>\n<li>Vukajlovi\u0107 F., <b>Tot I.<\/b>, Nada\u017edin B., Ili\u0107 N. 2019: Novi nalazi stri\u017eibube <em>Deilus fugax<\/em> (Coleoptera: Cerambycidae) u Srbiji. <em>Rezimei XII Simpozijuma entomologa Srbije sa me\u0111unarodnim u\u010de\u0161\u0107em<\/em>. Univerzitet u Ni\u0161u, Ni\u0161, Srbija, 25-29. septembar 2019, p. 57.<\/li>\n<li>T\u00f3th L, <b>Tot I.<\/b>, Grabovac D., Popovi\u0107 M. 2019: Dnevni leptiri u zbirci Lasla Tota sakupljeni na podru\u010dju Evrope. <em>Rezimei XII Simpozijuma entomologa Srbije sa me\u0111unarodnim u\u010de\u0161\u0107em<\/em>. Univerzitet u Ni\u0161u, Ni\u0161, Srbija, 25-29. septembar 2019, p. 51.<\/li>\n<li><b>Tot I.<\/b>, \u0110uri\u0107 M., Popovi\u0107 M. 2019: Pregled vi\u0161egodi\u0161njih istra\u017eivanja dnevnih leptira Vlasinske visoravni. <em>Rezimei XII Simpozijuma entomologa Srbije sa me\u0111unarodnim u\u010de\u0161\u0107em<\/em>. Univerzitet u Ni\u0161u, Ni\u0161, Srbija, 25-29. septembar 2019, p. 51-52.<\/li>\n<li><b>Tot I.<\/b> 2019: Prvi prilog poznavanja dnevnih leptira Ba\u010dke Palanke. <em>Rezimei XII Simpozijuma entomologa Srbije sa me\u0111unarodnim u\u010de\u0161\u0107em<\/em>. Univerzitet u Ni\u0161u, Ni\u0161, Srbija, 25-29. septembar 2019, p. 52-53.<\/li>\n<li>Damjanovi\u0107 J<strong>.<\/strong>, <strong>Tot I.<\/strong>, Petrovi\u0107 D., \u0110uri\u0107 M., Vukajlovi\u0107 F. 2019: Fauna bubamara (Coleoptera: Coccinellidae) Ov\u010darsko-kablarske klisure. <em>Bele\u017enik Ov\u010darsko-kablarske klisure<\/em> 10: 7-13.<\/li>\n<li>Husarik A., Hric B., <strong>Tot I.<\/strong> 2019: No\u0107ni leptiri Vlasine \/ Moths of Vlasina, TO Surdulica &#038; HabiProt, pp. 119 [in Serbian\/English]<\/li>\n<li>Vuji\u0107 M., <strong>Tot I.<\/strong> 2020: <em>Brachyopa bimaculosa<\/em> Doczkal &amp; Dziock 2004 and <em>Callicera fagesii<\/em> Gu\u00e9rin-M\u00e9neville, 1844, two new hoverflies (Diptera: Syrphidae) in the fauna of Serbia. <em>Acta Entomologica Slovenica<\/em> 28(1): 75-79.<\/li>\n<li>Vuji\u0107 M., <strong>Tot I.<\/strong>, \u0110uri\u0107 M. 2020: New records and distribution of species from genus <em>Arctophila<\/em> Schiner, 1860 (Diptera: Syrphidae: Eristalinae) in Serbia. <em>Kragujevac Journal of Science<\/em> 42, p. 151-160.<\/li>\n<li>Pe\u0161i\u0107 S., \u0110uri\u0107 M., Nada\u017edin B., <strong>Tot I.<\/strong> 2020: First record of <em>Brachycerus sinuatus<\/em> Olivier, 1807 (Coleoptera: Curculionidae) in Serbia. <em>Kragujevac Journal of Science<\/em> 42, p. 161-166.<\/li>\n<li>\u0110uri\u0107 M., <strong>Tot I.<\/strong> 2020: Jela\u0161nica gorge \u2013 still a hot-spot of butterfly diversity. <em>Phegea<\/em> 48 (3): 65-70.<\/li>\n<li>Ivkovi\u0107 S, <strong>Tot I<\/strong>, Vuji\u0107 M, \u0110uri\u0107 M. 2020: First record of the Pygmy Toothed Grasshopper, <em>Stenobothrus crassipes<\/em> (Charpentier, 1825) in Montenegro (Orthoptera, Acrididae), <em>Spixiana<\/em> 43(1): 48.<\/li>\n<li>Vuji\u0107 M., \u0110uri\u0107 M., <strong>Tot I.<\/strong> 2020: New localities for rare butterflies Muschampia cribrellum and Melitaea ornata (Lepidoptera: Hesperiidae, Nymphalidae) in Serbia, <em>Acta Entomologica Slovenica<\/em> 28(2): 159-164<\/li>\n<li>Vuji\u0107 M., Ivkovi\u0107 S., Rekecki T., Krsti\u0107 D., Stankovi\u0107 V., \u0110uri\u0107 M., <strong>Tot I.<\/strong> 2021: A first record of the alien mantis species <em>Hierodula tenuidentata<\/em> (Mantodea: Mantidae) in Serbia. <em>Acta Entomologica Serbica<\/em> 26(1): 1-7.<\/li>\n<li>Milojkovi\u0107 S., Vuji\u0107 M., \u0110uri\u0107 M., <strong>Tot I.<\/strong> 2021: Geranium bronze, <em>Cacyreus marshalli<\/em> Butler, 1897 &#8211; New butterfly species for fauna of Serbia (Papilionidea: Lycaenidae). <em>Acta Entomologica Slovenica<\/em> 29(1): 121-124.<\/li>\n<li>Vuji\u0107 M., \u0110uri\u0107 M., <strong>Tot I.<\/strong> 2021: Six new hoverfly species (Diptera: Syrphidae) in the fauna of Serbia. <em>Kragujevac Journal of Science<\/em> 43: 149-155.<\/li>\n<li><strong>Tot I.<\/strong>, \u0110uri\u0107 M., Vukajlovi\u0107 F., Vuji\u0107 M. 2021: Little tiger blue, <em>Tarucus balkanicus<\/em> (Freyer, 1845) \u2013 a new butterfly species in the fauna of Serbia (Lepidoptera: Lycaenidae). <em>Acta Entomologica Serbica<\/em> 26(2): 85-88.<\/li>\n<li>Vuji\u0107 M., \u0110uri\u0107 M., <strong>Tot I.<\/strong> 2022: The first record of the web-spinning sawfly <em>Caenolyda reticulata<\/em> (Linnaeus, 1758) (Hymenoptera: Symphyta: Pamphiliidae) from the Balkans. <em>Acta Entomologica Serbica<\/em> 27(1): 19-24.<\/li>\n<li>Vukajlovi\u0107 F, <b>Tot I<\/b>, Vuji\u0107 M, Nada\u017edin B, Pe\u0161i\u0107 S, \u0110uri\u0107 M. 2022: Prvi nalaz vrste <em>Muzimes collaris<\/em> (Coleoptera: Meloidae) u Srbiji. <em>Rezimei XIII Simpozijuma entomologa Srbije<\/em>. Univerzitet u Ni\u0161u, Pirot, Srbija, 14-16. septembar 2022: 8<\/li>\n<li>Pe\u0161i\u0107 S, <b>Tot I<\/b>, Vukajlovi\u0107 F, Vuji\u0107 M. 2022: Prvi podaci o fauni surla\u0161a (Coleoptera: Curculionidae) u Predelu izuzetnih odlika &#8220;Vlasina&#8221;. <em>Rezimei XIII Simpozijuma entomologa Srbije<\/em>. Univerzitet u Ni\u0161u, Pirot, Srbija, 14-16. septembar 2022_ 8-9<\/li>\n<li>\u0110uri\u0107 M, <b>Tot I<\/b>, Vuji\u0107 M, Vukajlovi\u0107 F. 2022: Pore\u0111enje dnevnih leptira evidentiranih u dolini P\u010dinje i Pre\u0161evskoj kotlini. <em>Rezimei XIII Simpozijuma entomologa Srbije<\/em>. Univerzitet u Ni\u0161u, Pirot, Srbija, 14-16. septembar 2022: 29<\/li>\n<li><b>Tot I<\/b>, \u0110uri\u0107 M, Vuji\u0107 M, Miljevi\u0107 M. 2022: Dnevni leptiri Doline P\u010dinje\/Butterflies of P\u010dinja Valley. SPC Eparhija Vranjska i HabiProt, pp. 140 [Serbian\/English]<\/li>\n<li>\u0110uri\u0107 M., <strong>Tot I.<\/strong>, Vuji\u0107 M., Vukajlovi\u0107 F. 2025: Comparison of butterfly diversity (Lepidoptera: Papilionoidea) of the P\u010dinja and Pre\u0161evo Valleys (South Serbia). <em>Kragujevac Journal of Science<\/em> 47(1), p. 97-109.<\/li>\n<li>\u0110uri\u0107 M., Vuji\u0107 M., Miljevi\u0107 M., Relji\u0107 K., Vukajlovi\u0107 F., <strong>Tot, I.<\/strong> 2025: Dnevni leptiri Srbije \u2013 priru\u010dnik, HabiProt, pp. 224.<\/li>\n<p><\/p>","protected":false},"excerpt":{"rendered":"<p>Ivan Tot \u2013 Dnevni leptiri i stri\u017eibube e-adresa: ivan@habiprot.org.rs, ResearchGate profil Tot I., Slacki A., \u0110uri\u0107 M., Popovi\u0107 M. 2015: Butterflies of the Vlasina region in southeast Serbia (Lepidoptera: Papilionoidea), Acta entomologica serbica 20, p. 117-135 \u0160eat J., Nada\u017edin B.,&hellip; <\/p>\n","protected":false},"author":4,"featured_media":0,"parent":0,"menu_order":0,"comment_status":"closed","ping_status":"closed","template":"","meta":[],"yoast_head":"<!-- This site is optimized with the Yoast SEO plugin v15.4 - https:\/\/yoast.com\/wordpress\/plugins\/seo\/ -->\n<title>ITot - HabiProt<\/title>\n<meta name=\"robots\" content=\"index, follow, max-snippet:-1, max-image-preview:large, max-video-preview:-1\" \/>\n<link rel=\"canonical\" href=\"https:\/\/habiprot.org.rs\/itot\/\" \/>\n<meta property=\"og:locale\" content=\"en_US\" \/>\n<meta property=\"og:type\" content=\"article\" \/>\n<meta property=\"og:title\" content=\"ITot - HabiProt\" \/>\n<meta property=\"og:description\" content=\"Ivan Tot \u2013 Dnevni leptiri i stri\u017eibube e-adresa: ivan@habiprot.org.rs, ResearchGate profil Tot I., Slacki A., \u0110uri\u0107 M., Popovi\u0107 M. 2015: Butterflies of the Vlasina region in southeast Serbia (Lepidoptera: Papilionoidea), Acta entomologica serbica 20, p. 117-135 \u0160eat J., Nada\u017edin B.,&hellip;\" \/>\n<meta property=\"og:url\" content=\"https:\/\/habiprot.org.rs\/itot\/\" \/>\n<meta property=\"og:site_name\" content=\"HabiProt\" \/>\n<meta property=\"article:modified_time\" content=\"2025-09-25T10:50:04+00:00\" \/>\n<meta name=\"twitter:card\" content=\"summary\" \/>\n<meta name=\"twitter:label1\" content=\"Written by\">\n\t<meta name=\"twitter:data1\" content=\"\u041c\u0438\u043b\u0430\u043d \u0402\u0443\u0440\u0438\u045b\">\n\t<meta name=\"twitter:label2\" content=\"Est. reading time\">\n\t<meta name=\"twitter:data2\" content=\"13 minutes\">\n<script type=\"application\/ld+json\" class=\"yoast-schema-graph\">{\"@context\":\"https:\/\/schema.org\",\"@graph\":[{\"@type\":\"WebSite\",\"@id\":\"https:\/\/habiprot.org.rs\/#website\",\"url\":\"https:\/\/habiprot.org.rs\/\",\"name\":\"HabiProt\",\"description\":\"Udru\\u017eenje za odr\\u017eivi razvoj i o\\u010duvanje prirodnih stani\\u0161ta Srbije\",\"potentialAction\":[{\"@type\":\"SearchAction\",\"target\":\"https:\/\/habiprot.org.rs\/?s={search_term_string}\",\"query-input\":\"required name=search_term_string\"}],\"inLanguage\":\"sr-CZ\"},{\"@type\":\"WebPage\",\"@id\":\"https:\/\/habiprot.org.rs\/itot\/#webpage\",\"url\":\"https:\/\/habiprot.org.rs\/itot\/\",\"name\":\"ITot - HabiProt\",\"isPartOf\":{\"@id\":\"https:\/\/habiprot.org.rs\/#website\"},\"datePublished\":\"2022-01-04T07:53:31+00:00\",\"dateModified\":\"2025-09-25T10:50:04+00:00\",\"inLanguage\":\"sr-CZ\",\"potentialAction\":[{\"@type\":\"ReadAction\",\"target\":[\"https:\/\/habiprot.org.rs\/itot\/\"]}]}]}<\/script>\n<!-- \/ Yoast SEO plugin. -->","_links":{"self":[{"href":"https:\/\/habiprot.org.rs\/rl\/wp-json\/wp\/v2\/pages\/2565"}],"collection":[{"href":"https:\/\/habiprot.org.rs\/rl\/wp-json\/wp\/v2\/pages"}],"about":[{"href":"https:\/\/habiprot.org.rs\/rl\/wp-json\/wp\/v2\/types\/page"}],"author":[{"embeddable":true,"href":"https:\/\/habiprot.org.rs\/rl\/wp-json\/wp\/v2\/users\/4"}],"replies":[{"embeddable":true,"href":"https:\/\/habiprot.org.rs\/rl\/wp-json\/wp\/v2\/comments?post=2565"}],"version-history":[{"count":19,"href":"https:\/\/habiprot.org.rs\/rl\/wp-json\/wp\/v2\/pages\/2565\/revisions"}],"predecessor-version":[{"id":3422,"href":"https:\/\/habiprot.org.rs\/rl\/wp-json\/wp\/v2\/pages\/2565\/revisions\/3422"}],"wp:attachment":[{"href":"https:\/\/habiprot.org.rs\/rl\/wp-json\/wp\/v2\/media?parent=2565"}],"curies":[{"name":"wp","href":"https:\/\/api.w.org\/{rel}","templated":true}]}}