{"id":2570,"date":"2022-01-04T08:55:28","date_gmt":"2022-01-04T07:55:28","guid":{"rendered":"https:\/\/habiprot.org.rs\/?page_id=2570"},"modified":"2022-11-11T09:03:37","modified_gmt":"2022-11-11T08:03:37","slug":"mmiljevic","status":"publish","type":"page","link":"https:\/\/habiprot.org.rs\/rl\/mmiljevic\/","title":{"rendered":"MMiljevic"},"content":{"rendered":"<p style=\"background-color: #0d6c3c; color: #fff;\"><img src=\"https:\/\/habiprot.org.rs\/wp-content\/uploads\/2022\/01\/Mmiljevic.jpg\" alt=\"Miroslav Miljevi\u0107\" class=\"avatar avatar-thumbnail wp-user-avatar wp-user-avatar-thumbnail alignleft photo\" \/><br \/>\n<b><i>Miroslav Miljevi\u0107<\/i><\/b><\/p>\n<p><em>\u2013 Dnevni leptiri<\/em><\/p>\n<ol>\n<li>Popovi\u0107 M., Radevski \u0110., <strong>Miljevi\u0107 M.<\/strong>, \u0110uri\u0107 M. 2014: First record of <em>Pyrgus cinarae<\/em> (Lepidoptera: Hesperiidae) in Serbia, <em>Acta entomologica serbica<\/em> 19(1\/2), p. 45-51<\/li>\n<li>Drndi\u0107 E., Radevski \u0110., <strong>Miljevi\u0107 M.<\/strong>, \u0110uri\u0107 M., Popovi\u0107 M. 2017: Description of recent discovery of <em>Anthocharis damone<\/em> Boisduval, 1836 in Serbia and its distribution in Europe (Lepidoptera: Pieridae), <em>SHILAP Revta. lepid.<\/em>, 45 (177), p. 23-29<\/li>\n<li>Tot I, \u0110uri\u0107 M, Vuji\u0107 M, <b>Miljevi\u0107 M.<\/b> 2022: Dnevni leptiri Doline P\u010dinje\/Butterflies of P\u010dinja Valley. SPC Eparhija Vranjska i HabiProt, pp. 140 [Serbian\/English]<\/li>\n<\/ol>\n","protected":false},"excerpt":{"rendered":"<p>Miroslav Miljevi\u0107 \u2013 Dnevni leptiri Popovi\u0107 M., Radevski \u0110., Miljevi\u0107 M., \u0110uri\u0107 M. 2014: First record of Pyrgus cinarae (Lepidoptera: Hesperiidae) in Serbia, Acta entomologica serbica 19(1\/2), p. 45-51 Drndi\u0107 E., Radevski \u0110., Miljevi\u0107 M., \u0110uri\u0107 M., Popovi\u0107 M. 2017:&hellip; <\/p>\n","protected":false},"author":4,"featured_media":0,"parent":0,"menu_order":0,"comment_status":"closed","ping_status":"closed","template":"","meta":[],"yoast_head":"<!-- This site is optimized with the Yoast SEO plugin v15.4 - https:\/\/yoast.com\/wordpress\/plugins\/seo\/ -->\n<title>MMiljevic - HabiProt<\/title>\n<meta name=\"robots\" content=\"index, follow, max-snippet:-1, max-image-preview:large, max-video-preview:-1\" \/>\n<link rel=\"canonical\" href=\"https:\/\/habiprot.org.rs\/mmiljevic\/\" \/>\n<meta property=\"og:locale\" content=\"en_US\" \/>\n<meta property=\"og:type\" content=\"article\" \/>\n<meta property=\"og:title\" content=\"MMiljevic - HabiProt\" \/>\n<meta property=\"og:description\" content=\"Miroslav Miljevi\u0107 \u2013 Dnevni leptiri Popovi\u0107 M., Radevski \u0110., Miljevi\u0107 M., \u0110uri\u0107 M. 2014: First record of Pyrgus cinarae (Lepidoptera: Hesperiidae) in Serbia, Acta entomologica serbica 19(1\/2), p. 45-51 Drndi\u0107 E., Radevski \u0110., Miljevi\u0107 M., \u0110uri\u0107 M., Popovi\u0107 M. 2017:&hellip;\" \/>\n<meta property=\"og:url\" content=\"https:\/\/habiprot.org.rs\/mmiljevic\/\" \/>\n<meta property=\"og:site_name\" content=\"HabiProt\" \/>\n<meta property=\"article:modified_time\" content=\"2022-11-11T08:03:37+00:00\" \/>\n<meta name=\"twitter:card\" content=\"summary\" \/>\n<meta name=\"twitter:label1\" content=\"Written by\">\n\t<meta name=\"twitter:data1\" content=\"\u041c\u0438\u043b\u0430\u043d \u0402\u0443\u0440\u0438\u045b\">\n\t<meta name=\"twitter:label2\" content=\"Est. reading time\">\n\t<meta name=\"twitter:data2\" content=\"0 minutes\">\n<script type=\"application\/ld+json\" class=\"yoast-schema-graph\">{\"@context\":\"https:\/\/schema.org\",\"@graph\":[{\"@type\":\"WebSite\",\"@id\":\"https:\/\/habiprot.org.rs\/#website\",\"url\":\"https:\/\/habiprot.org.rs\/\",\"name\":\"HabiProt\",\"description\":\"Udru\\u017eenje za odr\\u017eivi razvoj i o\\u010duvanje prirodnih stani\\u0161ta Srbije\",\"potentialAction\":[{\"@type\":\"SearchAction\",\"target\":\"https:\/\/habiprot.org.rs\/?s={search_term_string}\",\"query-input\":\"required name=search_term_string\"}],\"inLanguage\":\"sr-CZ\"},{\"@type\":\"WebPage\",\"@id\":\"https:\/\/habiprot.org.rs\/mmiljevic\/#webpage\",\"url\":\"https:\/\/habiprot.org.rs\/mmiljevic\/\",\"name\":\"MMiljevic - HabiProt\",\"isPartOf\":{\"@id\":\"https:\/\/habiprot.org.rs\/#website\"},\"datePublished\":\"2022-01-04T07:55:28+00:00\",\"dateModified\":\"2022-11-11T08:03:37+00:00\",\"inLanguage\":\"sr-CZ\",\"potentialAction\":[{\"@type\":\"ReadAction\",\"target\":[\"https:\/\/habiprot.org.rs\/mmiljevic\/\"]}]}]}<\/script>\n<!-- \/ Yoast SEO plugin. -->","_links":{"self":[{"href":"https:\/\/habiprot.org.rs\/rl\/wp-json\/wp\/v2\/pages\/2570"}],"collection":[{"href":"https:\/\/habiprot.org.rs\/rl\/wp-json\/wp\/v2\/pages"}],"about":[{"href":"https:\/\/habiprot.org.rs\/rl\/wp-json\/wp\/v2\/types\/page"}],"author":[{"embeddable":true,"href":"https:\/\/habiprot.org.rs\/rl\/wp-json\/wp\/v2\/users\/4"}],"replies":[{"embeddable":true,"href":"https:\/\/habiprot.org.rs\/rl\/wp-json\/wp\/v2\/comments?post=2570"}],"version-history":[{"count":8,"href":"https:\/\/habiprot.org.rs\/rl\/wp-json\/wp\/v2\/pages\/2570\/revisions"}],"predecessor-version":[{"id":3043,"href":"https:\/\/habiprot.org.rs\/rl\/wp-json\/wp\/v2\/pages\/2570\/revisions\/3043"}],"wp:attachment":[{"href":"https:\/\/habiprot.org.rs\/rl\/wp-json\/wp\/v2\/media?parent=2570"}],"curies":[{"name":"wp","href":"https:\/\/api.w.org\/{rel}","templated":true}]}}