{"id":2585,"date":"2022-01-04T09:48:23","date_gmt":"2022-01-04T08:48:23","guid":{"rendered":"https:\/\/habiprot.org.rs\/?page_id=2585"},"modified":"2022-10-01T17:52:39","modified_gmt":"2022-10-01T15:52:39","slug":"nilic","status":"publish","type":"page","link":"https:\/\/habiprot.org.rs\/rl\/nilic\/","title":{"rendered":"NIlic"},"content":{"rendered":"<p style=\"background-color: #0d6c3c; color: #fff;\"><img src=\"https:\/\/habiprot.org.rs\/wp-content\/uploads\/2019\/09\/P1540333-150x150.jpg\" alt=\"Nastas Ili\u0107\" class=\"avatar avatar-thumbnail wp-user-avatar wp-user-avatar-thumbnail alignleft photo\" \/><br \/>\n<b><i>Dr Nastas Ili\u0107<\/i><\/b><\/p>\n<p><em>\u2013 Stri\u017eibube<\/em><\/p>\n<ol>\n<li><strong>Ili\u0107 N.<\/strong> 2005: The longhorn beetles (Coleoptera: Cerambycidae) of Serbia, self-published, pp. 180<\/li>\n<li>Pe\u0161i\u0107 S.,<strong style=\"font-size: 14px;\"> Ili\u0107 N.<\/strong><span style=\"font-size: 14px;\"> 2007: New records of the recently described geophilc weevil <em>Eurosphalmus (Eurosphalmus) zerchei<\/em> Yunakov &amp; Nadein, 2006 (Coleoptera: Curculionidae) in Serbia, AES 12(1), p. 91-93<\/span><\/li>\n<li><strong>Ili\u0107 N.<\/strong>, \u0106ur\u010di\u0107, S. 2011: The longhorn beetles (Coleoptera: Cerambycidae) of Rtanj Mountain (Serbia), AES 18(1\/2), p. 69-94<\/li>\n<li><strong>Ili\u0107 N.<\/strong>, \u0106ur\u010di\u0107, S., Stojanovi\u0107 D. 2011: The longhorn beetles (Coleoptera: Cerambycidae) of \u00d0erdap NP(Serbia), <em>Acta entomologica serbica<\/em> 18(1\/2), p. 95-127<\/li>\n<li>Popovi\u0107 M., \u0160eat J., <strong>Ili\u0107 N.<\/strong>, \u00d0uri\u0107 M. 2013: New findings of <em>Theophilea subcylindricollis<\/em> (Coleoptera: Cerambycidae) in Serbia, <em>Acta entomologica serbica<\/em> 18(1\/2), p. 237-240<\/li>\n<li><strong>Ili\u0107 N.<\/strong>, \u0106ur\u010di\u0107 S. 2015: A checklist of longhorn beetles (Coleoptera: Cerambycidae) of Serbia, <em>Zootaxa<\/em> 4026(1), p. 1-97<\/li>\n<li>\u0106ur\u010di\u0107 S., <strong>Ili\u0107 N.<\/strong>, Vesovi\u0107 N., Anti\u0107 D. 2015: Two new high-altitude subspecies of <em>Tapinopterus (Tapinopterus) cognatus<\/em> (Dejean, 1831) (Coleoptera: Carabidae: Pterostichinae) from Serbia, <em>Zootaxa<\/em> 4034(1), p. 197-200<\/li>\n<li>Pavi\u0107evi\u0107, D., <strong>Ili\u0107, N.<\/strong>, \u0110uri\u0107 M. 2015: Longhorn beetles of Serbia \u2013 a field guide, Institute for nature conservation of Serbia &amp; HabiProt, pp. 249 [Serbian and English version]<\/li>\n<li>Vukajlovi\u0107 F., Tot I., \u0110uri\u0107 M., <b>Ili\u0107 N.<\/b> 2019: Stri\u017eibube (Coleoptera: Cerambycidae) Predela izuzetnih odlika &#8220;Ov\u010darsko-kablarska klisura&#8221; (Zapadna Srbija). <em>Rezimei XII Simpozijuma entomologa Srbije sa me\u0111unarodnim u\u010de\u0161\u0107em<\/em>. Univerzitet u Ni\u0161u, Ni\u0161, Srbija, 25-29. septembar 2019, p. 58-59.<\/li>\n<li>Vukajlovi\u0107 F., Tot I., <b>Ili\u0107 N.<\/b> 2019: Kriti\u010dki osvrt na predlo\u017eenu listu vrsta stri\u017eibuba (Coleoptera: Cerambycidae) od zna\u010daja za za\u0161titu u Republici Srbiji. <em>Rezimei XII Simpozijuma entomologa Srbije sa me\u0111unarodnim u\u010de\u0161\u0107em<\/em>. Univerzitet u Ni\u0161u, Ni\u0161, Srbija, 25-29. septembar 2019, p. 58.<\/li>\n<li>Mesaro\u0161 G, <b>Ili\u0107 N<\/b>. 2022: Biologija i rasprostranjenje <em>Elater ferrugineus ferrugineus<\/em> Linnaeus, 1758 (Coleoptera: Elateridae) u Srbiji. <em>Rezimei XIII Simpozijuma entomologa Srbije<\/em>. Univerzitet u Ni\u0161u, Pirot, Srbija, 14-16. septembar 2022.<\/li>\n<\/ol>\n","protected":false},"excerpt":{"rendered":"<p>Dr Nastas Ili\u0107 \u2013 Stri\u017eibube Ili\u0107 N. 2005: The longhorn beetles (Coleoptera: Cerambycidae) of Serbia, self-published, pp. 180 Pe\u0161i\u0107 S., Ili\u0107 N. 2007: New records of the recently described geophilc weevil Eurosphalmus (Eurosphalmus) zerchei Yunakov &amp; Nadein, 2006 (Coleoptera: Curculionidae)&hellip; <\/p>\n","protected":false},"author":4,"featured_media":0,"parent":0,"menu_order":0,"comment_status":"closed","ping_status":"closed","template":"","meta":[],"yoast_head":"<!-- This site is optimized with the Yoast SEO plugin v15.4 - https:\/\/yoast.com\/wordpress\/plugins\/seo\/ -->\n<title>NIlic - HabiProt<\/title>\n<meta name=\"robots\" content=\"index, follow, max-snippet:-1, max-image-preview:large, max-video-preview:-1\" \/>\n<link rel=\"canonical\" href=\"https:\/\/habiprot.org.rs\/nilic\/\" \/>\n<meta property=\"og:locale\" content=\"en_US\" \/>\n<meta property=\"og:type\" content=\"article\" \/>\n<meta property=\"og:title\" content=\"NIlic - HabiProt\" \/>\n<meta property=\"og:description\" content=\"Dr Nastas Ili\u0107 \u2013 Stri\u017eibube Ili\u0107 N. 2005: The longhorn beetles (Coleoptera: Cerambycidae) of Serbia, self-published, pp. 180 Pe\u0161i\u0107 S., Ili\u0107 N. 2007: New records of the recently described geophilc weevil Eurosphalmus (Eurosphalmus) zerchei Yunakov &amp; Nadein, 2006 (Coleoptera: Curculionidae)&hellip;\" \/>\n<meta property=\"og:url\" content=\"https:\/\/habiprot.org.rs\/nilic\/\" \/>\n<meta property=\"og:site_name\" content=\"HabiProt\" \/>\n<meta property=\"article:modified_time\" content=\"2022-10-01T15:52:39+00:00\" \/>\n<meta name=\"twitter:card\" content=\"summary\" \/>\n<meta name=\"twitter:label1\" content=\"Written by\">\n\t<meta name=\"twitter:data1\" content=\"\u041c\u0438\u043b\u0430\u043d \u0402\u0443\u0440\u0438\u045b\">\n\t<meta name=\"twitter:label2\" content=\"Est. reading time\">\n\t<meta name=\"twitter:data2\" content=\"1 minute\">\n<script type=\"application\/ld+json\" class=\"yoast-schema-graph\">{\"@context\":\"https:\/\/schema.org\",\"@graph\":[{\"@type\":\"WebSite\",\"@id\":\"https:\/\/habiprot.org.rs\/#website\",\"url\":\"https:\/\/habiprot.org.rs\/\",\"name\":\"HabiProt\",\"description\":\"Udru\\u017eenje za odr\\u017eivi razvoj i o\\u010duvanje prirodnih stani\\u0161ta Srbije\",\"potentialAction\":[{\"@type\":\"SearchAction\",\"target\":\"https:\/\/habiprot.org.rs\/?s={search_term_string}\",\"query-input\":\"required name=search_term_string\"}],\"inLanguage\":\"sr-CZ\"},{\"@type\":\"WebPage\",\"@id\":\"https:\/\/habiprot.org.rs\/nilic\/#webpage\",\"url\":\"https:\/\/habiprot.org.rs\/nilic\/\",\"name\":\"NIlic - HabiProt\",\"isPartOf\":{\"@id\":\"https:\/\/habiprot.org.rs\/#website\"},\"datePublished\":\"2022-01-04T08:48:23+00:00\",\"dateModified\":\"2022-10-01T15:52:39+00:00\",\"inLanguage\":\"sr-CZ\",\"potentialAction\":[{\"@type\":\"ReadAction\",\"target\":[\"https:\/\/habiprot.org.rs\/nilic\/\"]}]}]}<\/script>\n<!-- \/ Yoast SEO plugin. -->","_links":{"self":[{"href":"https:\/\/habiprot.org.rs\/rl\/wp-json\/wp\/v2\/pages\/2585"}],"collection":[{"href":"https:\/\/habiprot.org.rs\/rl\/wp-json\/wp\/v2\/pages"}],"about":[{"href":"https:\/\/habiprot.org.rs\/rl\/wp-json\/wp\/v2\/types\/page"}],"author":[{"embeddable":true,"href":"https:\/\/habiprot.org.rs\/rl\/wp-json\/wp\/v2\/users\/4"}],"replies":[{"embeddable":true,"href":"https:\/\/habiprot.org.rs\/rl\/wp-json\/wp\/v2\/comments?post=2585"}],"version-history":[{"count":5,"href":"https:\/\/habiprot.org.rs\/rl\/wp-json\/wp\/v2\/pages\/2585\/revisions"}],"predecessor-version":[{"id":3022,"href":"https:\/\/habiprot.org.rs\/rl\/wp-json\/wp\/v2\/pages\/2585\/revisions\/3022"}],"wp:attachment":[{"href":"https:\/\/habiprot.org.rs\/rl\/wp-json\/wp\/v2\/media?parent=2585"}],"curies":[{"name":"wp","href":"https:\/\/api.w.org\/{rel}","templated":true}]}}