{"id":2611,"date":"2022-01-04T10:17:23","date_gmt":"2022-01-04T09:17:23","guid":{"rendered":"https:\/\/habiprot.org.rs\/?page_id=2611"},"modified":"2022-01-04T10:18:31","modified_gmt":"2022-01-04T09:18:31","slug":"bnadazdin","status":"publish","type":"page","link":"https:\/\/habiprot.org.rs\/rl\/bnadazdin\/","title":{"rendered":"BNadazdin"},"content":{"rendered":"<p style=\"background-color: #0d6c3c; color: #fff;\"><img src=\"https:\/\/habiprot.org.rs\/wp-content\/uploads\/2019\/09\/12231469-150x150.jpg\" alt=\"\u0411\u043e\u0458\u0430\u043d\u0430 \u041d\u0430\u0434\u0430\u0436\u0434\u0438\u043d\" class=\"avatar avatar-thumbnail wp-user-avatar wp-user-avatar-thumbnail alignleft photo\" \/><br \/>\n<b><i>Bojana Nada\u017edin<\/i><\/b><\/p>\n<p><em>\u2013 Fauna stenica<\/em><\/p>\n<p>e-adresa: <a href=\"mailto:bojananadazdin91@gmail.com\"> bojananadazdin91@gmail.com, <\/a><a href=\"https:\/\/www.researchgate.net\/profile\/Bojana_Nadazdin3\" target=\"_blank\" rel=\"noopener noreferrer\">ResearchGate profil<\/a><\/p>\n<ol>\n<li>\u0160eat J., <strong>Nada\u017edin B.<\/strong> 2015: Overview of the true bug (Heteroptera) fauna of the Ov\u010dar-Kablar Gorge. <em>Bele\u017enik Ov\u010darsko-kablarske klisure<\/em> 6 (1): 38-47 pp.<\/li>\n<li><strong>Nada\u017edin B.<\/strong> 2015: The first overview of the amphibian and reptile fauna of the Ov\u010dar\u2013Kablar Gorge. <em>Bele\u017enik Ov\u010darsko-kablarske klisure<\/em> 6 (1): 71-75 pp.<\/li>\n<li>\u0160eat J., <strong>Nada\u017edin B.<\/strong>, Tot I. 2015: True bugs (Heteroptera) of Saline Habitats in Vojvodina Province \u2013 Preliminary results. <em>X Symposium of entomologist of Serbia 2015<\/em>, 23-27 September, Kladovo, Serbia. Entomological society of Serbia, 11 p.<\/li>\n<li>\u0160eat J., <strong>Nada\u017edin B.<\/strong>, Cvetkovi\u0107 M., Jovanov A., Tot I. 2016: Providing a base for conservation of true bugs (Insecta, Heteroptera) and their saline habitats in Vojvodina (northern Serbia). <em>Hyla<\/em> 2016 (1): 19-23 pp.<\/li>\n<li><strong>Nada\u017edin B.<\/strong>, \u0160eat J. 2017: Fauna of true bugs (Heteroptera) of the steppe and saline habitats in the Special Nature Reserve \u201cSelevenjske pustare\u201d. <em>XI Symposium of entomologist of Serbia 2017<\/em>, 17-21 September, Go\u010d, Serbia, 97-98 pp.<\/li>\n<li>Mari\u010di\u0107 M., Parenta I., <strong>Nada\u017edin B.<\/strong> 2017: &#8220;Prvi pregled faune vodozemaca i gmizavaca Spomenika prirode \u201eSlapovi Sopotnice\u201c. <em>Zbornik radova Spomenika prirode \u201eSlapovi Sopotnice\u201c<\/em>. 45-47 pp.<\/li>\n<li>Uro\u0161evi\u0107 A., Tomovi\u0107 Lj., Krizmani\u0107 I., An\u0111elkovi\u0107 M., Golubovi\u0107 A., Mari\u010di\u0107 M., Ajti\u0107 R., \u0106orovi\u0107 J., \u010cubri\u0107 T., Toma\u0161evi\u0107-Kolarov N., Cvijanovi\u0107 M, Vukov T., Jovanovi\u0107 B., Vu\u010di\u0107 T., Ajdukovi\u0107 M., Tot I., <strong>Nada\u017edin B.<\/strong>, Labus L., D\u017euki\u0107 G. 2018: Distribution and diversity of brown frogs in Serbia. <em>Bulletin of the Natural History Museum<\/em> 11: 227-245 pp.<\/li>\n<li>Mari\u010di\u0107 M., <strong>Nada\u017edin B.<\/strong> 2018: Contribution to the knowledge of amphibian and reptile fauna of the Landscape of Outstanding Features \u201cOv\u010dar-Kablar Gorge\u201d and its surroundings. <em>Bele\u017enik Ov\u010darsko-kablarske klisure<\/em> 8(3): 31-35 pp.<\/li>\n<li>\u0160eat J., <strong>Nada\u017edin B.<\/strong> 2018: The true bugs (Insecta, Heteroptera) of the Ov\u010dar-Kablar Gorge. <em>Bele\u017enik Ov\u010darsko-kablarske klisure<\/em> 8(3): 8-16 pp.<\/li>\n<li>\u0160eat J., Vuji\u0107 M., <strong>Nada\u017edin B.<\/strong> 2019: New faunal data on true bugs (Heteroptera) in Serbia. <em>Acta entomologica serbica<\/em> 24 (1): 95-99 pp.<\/li>\n<li><b>Nada\u017edin B.<\/b>, \u0160eat J. 2019: Zna\u010dajni nalazi stenica (Insecta: Heteroptera) u bazi &#8220;Alciphron&#8221;. <em>Rezimei XII Simpozijuma entomologa Srbije sa me\u0111unarodnim u\u010de\u0161\u0107em<\/em>. Univerzitet u Ni\u0161u, Ni\u0161, Srbija, 25-29. septembar 2019, p. 30.<\/li>\n<li><b>Nada\u017edin B.<\/b>, \u0160eat J. 2019: Prilog poznavanju faune stenica (Insecta: Heteroptera) P\u010dinjskog kraja. <em>Rezimei XII Simpozijuma entomologa Srbije sa me\u0111unarodnim u\u010de\u0161\u0107em<\/em>. Univerzitet u Ni\u0161u, Ni\u0161, Srbija, 25-29. septembar 2019, p. 30-31.<\/li>\n<li>Vukajlovi\u0107 F., Tot I., <b>Nada\u017edin B.<\/b>, Ili\u0107 N. 2019: Novi nalazi stri\u017eibube <em>Deilus fugax<\/em> (Coleoptera: Cerambycidae) u Srbiji. <em>Rezimei XII Simpozijuma entomologa Srbije sa me\u0111unarodnim u\u010de\u0161\u0107em<\/em>. Univerzitet u Ni\u0161u, Ni\u0161, Srbija, 25-29. septembar 2019, p. 57.<\/li>\n<li>Proti\u0107 Lj., <strong>Nada\u017edin B.<\/strong> 2019: First record of <em>Dimorphocoris beieri<\/em> Wagner 1965 (HETEROPTERA: Miridae) in Serbia. Acta entomologica serbica, 2019, 24(2). DOI: <a class=\"nova-e-link nova-e-link--color-inherit nova-e-link--theme-decorated\" href=\"https:\/\/www.researchgate.net\/deref\/http%3A%2F%2Fdx.doi.org%2F10.5281%2Fzenodo.3552516?_sg%5B0%5D=vN4BaqJ9kMdsvSVKTW1JfLGfRJfEs0r8x95EmLg82YzKXaOtepFXp3OpPZ83W5SX1PxYVaIuM5Lv-3Hl5eBAmvuzLg.vnnvc7uQxBY368EhOej1ktWfol_Gr24HOdqSrKGr7tdU-iTLoVtiddKY4RE_vfPc0_UPSIVNBn9Jbw3QI2lXeA\">10.5281\/zenodo.3552516<\/a>.<\/li>\n<li>Proti\u0107 Lj., <strong>Nada\u017edin B.<\/strong> 2019: Aquatic and Semiaquatic Heteroptera of Serbia. Bulletin of the Natural History Museum, 2019, 12: 179-207. DOI: 10.5937\/bnhmb1912179P.<\/li>\n<li>\u0160eat J., <strong>Nada\u017edin B.<\/strong>, \u0160\u0107iban M. 2020: <em>Acrosternum heegeri<\/em> (Heteroptera: Pentatomidae) in Serbia. Acta entomologica serbica, 2020, 25(1): 77-81. DOI: 10.5281\/zenodo.3871640<\/li>\n<li>Pe\u0161i\u0107 S., \u0110uri\u0107 M., <strong>Nada\u017edin B.<\/strong>, Tot I. 2020: First record of <em>Brachycerus sinuatus<\/em> Olivier, 1807 (Coleoptera: Curculionidae) in Serbia. <em>Kragujevac Journal of Science<\/em> 42, p. 161-166.<\/li>\n<li>\u0160eat J., <strong>Nada\u017edin B.<\/strong>, Mili\u0107 N., \u0106uk M., Torma A. 2020: How steady is the nested pattern in saline grassland true bug communities? Effects of sampling effort and data completeness on nestedness. Acta Oecologica 110 (2021) 103670. doi.org\/10.1016\/j.actao.2020.103670<\/li>\n<li>\u0160eat J., <strong>Nada\u017edin B. <\/strong>2021: True bugs (Heteroptera) of the Pannonic salt steppes and salt marshes in Serbia and their conservation status in the Pannonian countries. Annales de la Soci\u00e9t\u00e9 entomologique de France (N.S.). doi.org\/10.1080\/00379271.2021.1888155<\/li>\n<\/ol>\n","protected":false},"excerpt":{"rendered":"<p>Bojana Nada\u017edin \u2013 Fauna stenica e-adresa: bojananadazdin91@gmail.com, ResearchGate profil \u0160eat J., Nada\u017edin B. 2015: Overview of the true bug (Heteroptera) fauna of the Ov\u010dar-Kablar Gorge. Bele\u017enik Ov\u010darsko-kablarske klisure 6 (1): 38-47 pp. Nada\u017edin B. 2015: The first overview of the&hellip; <\/p>\n","protected":false},"author":4,"featured_media":0,"parent":0,"menu_order":0,"comment_status":"closed","ping_status":"closed","template":"","meta":[],"yoast_head":"<!-- This site is optimized with the Yoast SEO plugin v15.4 - https:\/\/yoast.com\/wordpress\/plugins\/seo\/ -->\n<title>BNadazdin - HabiProt<\/title>\n<meta name=\"robots\" content=\"index, follow, max-snippet:-1, max-image-preview:large, max-video-preview:-1\" \/>\n<link rel=\"canonical\" href=\"https:\/\/habiprot.org.rs\/bnadazdin\/\" \/>\n<meta property=\"og:locale\" content=\"en_US\" \/>\n<meta property=\"og:type\" content=\"article\" \/>\n<meta property=\"og:title\" content=\"BNadazdin - HabiProt\" \/>\n<meta property=\"og:description\" content=\"Bojana Nada\u017edin \u2013 Fauna stenica e-adresa: bojananadazdin91@gmail.com, ResearchGate profil \u0160eat J., Nada\u017edin B. 2015: Overview of the true bug (Heteroptera) fauna of the Ov\u010dar-Kablar Gorge. Bele\u017enik Ov\u010darsko-kablarske klisure 6 (1): 38-47 pp. Nada\u017edin B. 2015: The first overview of the&hellip;\" \/>\n<meta property=\"og:url\" content=\"https:\/\/habiprot.org.rs\/bnadazdin\/\" \/>\n<meta property=\"og:site_name\" content=\"HabiProt\" \/>\n<meta property=\"article:modified_time\" content=\"2022-01-04T09:18:31+00:00\" \/>\n<meta name=\"twitter:card\" content=\"summary\" \/>\n<meta name=\"twitter:label1\" content=\"Written by\">\n\t<meta name=\"twitter:data1\" content=\"\u041c\u0438\u043b\u0430\u043d \u0402\u0443\u0440\u0438\u045b\">\n\t<meta name=\"twitter:label2\" content=\"Est. reading time\">\n\t<meta name=\"twitter:data2\" content=\"2 minutes\">\n<script type=\"application\/ld+json\" class=\"yoast-schema-graph\">{\"@context\":\"https:\/\/schema.org\",\"@graph\":[{\"@type\":\"WebSite\",\"@id\":\"https:\/\/habiprot.org.rs\/#website\",\"url\":\"https:\/\/habiprot.org.rs\/\",\"name\":\"HabiProt\",\"description\":\"Udru\\u017eenje za odr\\u017eivi razvoj i o\\u010duvanje prirodnih stani\\u0161ta Srbije\",\"potentialAction\":[{\"@type\":\"SearchAction\",\"target\":\"https:\/\/habiprot.org.rs\/?s={search_term_string}\",\"query-input\":\"required name=search_term_string\"}],\"inLanguage\":\"sr-CZ\"},{\"@type\":\"WebPage\",\"@id\":\"https:\/\/habiprot.org.rs\/bnadazdin\/#webpage\",\"url\":\"https:\/\/habiprot.org.rs\/bnadazdin\/\",\"name\":\"BNadazdin - HabiProt\",\"isPartOf\":{\"@id\":\"https:\/\/habiprot.org.rs\/#website\"},\"datePublished\":\"2022-01-04T09:17:23+00:00\",\"dateModified\":\"2022-01-04T09:18:31+00:00\",\"inLanguage\":\"sr-CZ\",\"potentialAction\":[{\"@type\":\"ReadAction\",\"target\":[\"https:\/\/habiprot.org.rs\/bnadazdin\/\"]}]}]}<\/script>\n<!-- \/ Yoast SEO plugin. -->","_links":{"self":[{"href":"https:\/\/habiprot.org.rs\/rl\/wp-json\/wp\/v2\/pages\/2611"}],"collection":[{"href":"https:\/\/habiprot.org.rs\/rl\/wp-json\/wp\/v2\/pages"}],"about":[{"href":"https:\/\/habiprot.org.rs\/rl\/wp-json\/wp\/v2\/types\/page"}],"author":[{"embeddable":true,"href":"https:\/\/habiprot.org.rs\/rl\/wp-json\/wp\/v2\/users\/4"}],"replies":[{"embeddable":true,"href":"https:\/\/habiprot.org.rs\/rl\/wp-json\/wp\/v2\/comments?post=2611"}],"version-history":[{"count":1,"href":"https:\/\/habiprot.org.rs\/rl\/wp-json\/wp\/v2\/pages\/2611\/revisions"}],"predecessor-version":[{"id":2612,"href":"https:\/\/habiprot.org.rs\/rl\/wp-json\/wp\/v2\/pages\/2611\/revisions\/2612"}],"wp:attachment":[{"href":"https:\/\/habiprot.org.rs\/rl\/wp-json\/wp\/v2\/media?parent=2611"}],"curies":[{"name":"wp","href":"https:\/\/api.w.org\/{rel}","templated":true}]}}