{"id":3060,"date":"2022-11-27T18:57:22","date_gmt":"2022-11-27T17:57:22","guid":{"rendered":"https:\/\/habiprot.org.rs\/?page_id=3060"},"modified":"2022-11-29T21:36:30","modified_gmt":"2022-11-29T20:36:30","slug":"amiscevic","status":"publish","type":"page","link":"https:\/\/habiprot.org.rs\/rl\/amiscevic\/","title":{"rendered":"AMiscevic"},"content":{"rendered":"<p><\/p>\n<p style=\"background-color: #0d6c3c; color: #fff;\"><img src=\"https:\/\/habiprot.org.rs\/wp-content\/uploads\/2022\/11\/miska-150x150.jpg\" alt=\"Aleksandra Mi\u0161\u010devi\u0107\" class=\"avatar avatar-thumbnail wp-user-avatar wp-user-avatar-thumbnail alignleft photo\" \/><br \/>\n<b><i>Aleksandra Mi\u0161\u010devi\u0107<\/i><\/b><\/p>\n<p><em>\u2013 Elateridae<\/em><\/p>\n<ol>\n<li>Stankovi\u0107 M, <b>Mi\u0161\u010devi\u0107 A<\/b>. 2022: Prvi nalaz alohtone azijske bogomoljke <em>Hieordula tenuidentata<\/em> Saussure, 1869 u Ma\u010dvi. <em>Zbornik rezimea XIII Simpozijuma entomologa u Pirotu<\/em>, 14-16. septembar 2022<\/li>\n<li><b>Mi\u0161\u010devi\u0107 A<\/b>, Stankovi\u0107 M. 2022: Sko\u010dibube (Coleoptera: Elateridae) Specijalnog rezervata prirode &#8220;Zasavica&#8221;. <em>Rezimei nau\u010dnog skupa &#8220;Zasavica 2022&#8221;<\/em>, 25. novembar 2022: 215-219<\/li>\n<li>Stankovi\u0107 M, \u0160\u0107iban M, <b>Mi\u0161\u010devi\u0107 A<\/b> 2022: Fauna stri\u017eibuba (Coleoptera: Cerambycidae) SRP &#8220;Zasavica&#8221;. <em>Rezimei nau\u010dnog skupa &#8220;Zasavica 2022&#8221;<\/em>, 25. novembar 2022<\/li>\n<li>Milkovi\u0107 M, Stankovi\u0107 M, <b>Mi\u0161\u010devi\u0107 A<\/b>, Damjanovi\u0107 J. 2022: Prvi podaci o prisustvu ambrozijine zlatice (<em>Ophraella communa<\/em> L.), (Coleoptera: Chrysomelidae) u Ma\u010dvi. <em>Rezimei nau\u010dnog skupa &#8220;Zasavica 2022&#8221;<\/em>, 25. novembar 2022: 183-188<\/li>\n<li>Stankovi\u0107 M, <b>Mi\u0161\u010devi\u0107 A<\/b>. 2022: Prvi nalaz alohtone azijske bogomoljke <em>Hieordula tenuidentata<\/em> Saussure, 1869 u Ma\u010dvi. <em>Rezimei nau\u010dnog skupa &#8220;Zasavica 2022&#8221;<\/em>, 25. novembar 2022: 145-150<\/li>\n<\/ol>\n<p><\/p>","protected":false},"excerpt":{"rendered":"<p>Aleksandra Mi\u0161\u010devi\u0107 \u2013 Elateridae Stankovi\u0107 M, Mi\u0161\u010devi\u0107 A. 2022: Prvi nalaz alohtone azijske bogomoljke Hieordula tenuidentata Saussure, 1869 u Ma\u010dvi. Zbornik rezimea XIII Simpozijuma entomologa u Pirotu, 14-16. septembar 2022 Mi\u0161\u010devi\u0107 A, Stankovi\u0107 M. 2022: Sko\u010dibube (Coleoptera: Elateridae) Specijalnog rezervata&hellip; <\/p>\n","protected":false},"author":4,"featured_media":0,"parent":0,"menu_order":0,"comment_status":"closed","ping_status":"closed","template":"","meta":[],"yoast_head":"<!-- This site is optimized with the Yoast SEO plugin v15.4 - https:\/\/yoast.com\/wordpress\/plugins\/seo\/ -->\n<title><\/title>\n<meta name=\"robots\" content=\"index, follow, max-snippet:-1, max-image-preview:large, max-video-preview:-1\" \/>\n<link rel=\"canonical\" href=\"https:\/\/habiprot.org.rs\/amiscevic\/\" \/>\n<meta property=\"og:locale\" content=\"en_US\" \/>\n<meta property=\"og:type\" content=\"article\" \/>\n<meta property=\"og:title\" content=\"[:en]AMiscevic[:] - HabiProt\" \/>\n<meta property=\"og:description\" content=\"Aleksandra Mi\u0161\u010devi\u0107 \u2013 Elateridae Stankovi\u0107 M, Mi\u0161\u010devi\u0107 A. 2022: Prvi nalaz alohtone azijske bogomoljke Hieordula tenuidentata Saussure, 1869 u Ma\u010dvi. Zbornik rezimea XIII Simpozijuma entomologa u Pirotu, 14-16. septembar 2022 Mi\u0161\u010devi\u0107 A, Stankovi\u0107 M. 2022: Sko\u010dibube (Coleoptera: Elateridae) Specijalnog rezervata&hellip;\" \/>\n<meta property=\"og:url\" content=\"https:\/\/habiprot.org.rs\/amiscevic\/\" \/>\n<meta property=\"og:site_name\" content=\"HabiProt\" \/>\n<meta property=\"article:modified_time\" content=\"2022-11-29T20:36:30+00:00\" \/>\n<meta name=\"twitter:card\" content=\"summary\" \/>\n<meta name=\"twitter:label1\" content=\"Written by\">\n\t<meta name=\"twitter:data1\" content=\"\u041c\u0438\u043b\u0430\u043d \u0402\u0443\u0440\u0438\u045b\">\n\t<meta name=\"twitter:label2\" content=\"Est. reading time\">\n\t<meta name=\"twitter:data2\" content=\"2 minutes\">\n<script type=\"application\/ld+json\" class=\"yoast-schema-graph\">{\"@context\":\"https:\/\/schema.org\",\"@graph\":[{\"@type\":\"WebSite\",\"@id\":\"https:\/\/habiprot.org.rs\/#website\",\"url\":\"https:\/\/habiprot.org.rs\/\",\"name\":\"HabiProt\",\"description\":\"Udru\\u017eenje za odr\\u017eivi razvoj i o\\u010duvanje prirodnih stani\\u0161ta Srbije\",\"potentialAction\":[{\"@type\":\"SearchAction\",\"target\":\"https:\/\/habiprot.org.rs\/?s={search_term_string}\",\"query-input\":\"required name=search_term_string\"}],\"inLanguage\":\"sr-CZ\"},{\"@type\":\"WebPage\",\"@id\":\"https:\/\/habiprot.org.rs\/amiscevic\/#webpage\",\"url\":\"https:\/\/habiprot.org.rs\/amiscevic\/\",\"name\":\"[:en]AMiscevic[:] - HabiProt\",\"isPartOf\":{\"@id\":\"https:\/\/habiprot.org.rs\/#website\"},\"datePublished\":\"2022-11-27T17:57:22+00:00\",\"dateModified\":\"2022-11-29T20:36:30+00:00\",\"inLanguage\":\"sr-CZ\",\"potentialAction\":[{\"@type\":\"ReadAction\",\"target\":[\"https:\/\/habiprot.org.rs\/amiscevic\/\"]}]}]}<\/script>\n<!-- \/ Yoast SEO plugin. -->","_links":{"self":[{"href":"https:\/\/habiprot.org.rs\/rl\/wp-json\/wp\/v2\/pages\/3060"}],"collection":[{"href":"https:\/\/habiprot.org.rs\/rl\/wp-json\/wp\/v2\/pages"}],"about":[{"href":"https:\/\/habiprot.org.rs\/rl\/wp-json\/wp\/v2\/types\/page"}],"author":[{"embeddable":true,"href":"https:\/\/habiprot.org.rs\/rl\/wp-json\/wp\/v2\/users\/4"}],"replies":[{"embeddable":true,"href":"https:\/\/habiprot.org.rs\/rl\/wp-json\/wp\/v2\/comments?post=3060"}],"version-history":[{"count":22,"href":"https:\/\/habiprot.org.rs\/rl\/wp-json\/wp\/v2\/pages\/3060\/revisions"}],"predecessor-version":[{"id":3100,"href":"https:\/\/habiprot.org.rs\/rl\/wp-json\/wp\/v2\/pages\/3060\/revisions\/3100"}],"wp:attachment":[{"href":"https:\/\/habiprot.org.rs\/rl\/wp-json\/wp\/v2\/media?parent=3060"}],"curies":[{"name":"wp","href":"https:\/\/api.w.org\/{rel}","templated":true}]}}