{"id":81,"date":"2016-01-30T10:01:23","date_gmt":"2016-01-30T09:01:23","guid":{"rendered":"http:\/\/habiprot.org.rs\/?page_id=81"},"modified":"2026-03-17T20:04:39","modified_gmt":"2026-03-17T19:04:39","slug":"printed","status":"publish","type":"page","link":"https:\/\/habiprot.org.rs\/rl\/printed\/","title":{"rendered":"\u0160tampana izdanja"},"content":{"rendered":"<div class=\"vce-row-container\" data-vce-boxed-width=\"true\"><div class=\"vce-row vce-row--col-gap-30 vce-row-equal-height vce-row-content--top\" id=\"el-7a28fc41\" data-vce-do-apply=\"all el-7a28fc41\"><div class=\"vce-row-content\" data-vce-element-content=\"true\"><div class=\"vce-col vce-col--md-auto vce-col--xs-1 vce-col--xs-last vce-col--xs-first vce-col--sm-last vce-col--sm-first vce-col--md-last vce-col--lg-last vce-col--xl-last vce-col--md-first vce-col--lg-first vce-col--xl-first\" id=\"el-63b7086a\"><div class=\"vce-col-inner\" data-vce-do-apply=\"border margin background  el-63b7086a\"><div class=\"vce-col-content\" data-vce-element-content=\"true\" data-vce-do-apply=\"padding el-63b7086a\"><div class=\"vce-text-block\"><div class=\"vce-text-block-wrapper vce\" id=\"el-b681ca7e\" data-vce-do-apply=\"all el-b681ca7e\"><p><\/p>\n<h4><a href=\"https:\/\/habiprot.org.rs\/korice-za-sajt\/\"><img loading=\"lazy\" class=\"alignleft size-full wp-image-3506\" src=\"https:\/\/habiprot.org.rs\/wp-content\/uploads\/2026\/03\/korice-za-sajt.jpg\" alt=\"\" width=\"101\" height=\"162\"><\/a>Dnevni leptiri Srbije II<\/h4>\n<p>Petnaest godina kasnije smo uspeli da spremimo zamenu za rasprodat priru\u010dnik o dnevnim leptirima Srbije. Imali smo mnogo vi\u0161e podataka, bolje fotografije, novootkrivene vrste i vi\u0161e iskustva tako da je ova knjiga znatno sadr\u017eajnija od prve. Ali smo se trudili da ostane jasna i razumljiva i onima koji nemaju predznanja o ovoj oblasti.<\/p>\n<p>Uzorak mo\u017eete pogledati <a href=\"https:\/\/habiprot.org.rs\/wp-content\/uploads\/2018\/11\/138_9.pdf\" target=\"_blank\" rel=\"noopener noreferrer\">ovde<\/a>.<\/p>\n<p><a class=\"vce-button--style-basic vce-button--style-basic--border-round vce-button--style-basic--size-medium vce-button--style-basic--color-b-5-106-57--fff\" title=\"\" href=\"http:\/\/habiprot.org.rs\/buy\" data-vce-do-apply=\"padding border background el-134bd5dc\">Cena: 2500 RSD + po\u0161tarina<\/a><\/p>\n<h4><a href=\"http:\/\/habiprot.org.rs\/printed\/attachment\/1\/\" rel=\"attachment wp-att-126\"><img loading=\"lazy\" class=\"alignleft size-full wp-image-126\" src=\"https:\/\/habiprot.org.rs\/wp-content\/uploads\/2016\/01\/1.png\" alt=\"\" width=\"101\" height=\"162\"><\/a>Dnevni leptiri Srbije<\/h4>\n<p>Izvrsnim fotografijama i ilustracijama i jednostavnim kratkim tekstovima ova knjiga poma\u017ee svakome da raspozna vrste dnevnih leptira. Dimenzije i tvrde plastificirane korice je \u010dine pogodnom da se na\u0111e u va\u0161em d\u017eepu pri svakom izlasku u prirodu.<br>Nagla\u0161eni su oni detalji koji poma\u017eu u razlikovanju vrsta, upadljivo su ozna\u010deni na fotografijama. Veliku pomo\u0107 predstavlja i \u010dinjenica da se najsli\u010dniji leptir gotovo uvek nalazi na naspramnoj strani. Bez obzira na to kakva su mu predznanja, \u010ditalac \u0107e u priru\u010dniku lako na\u0107i razumljiva obja\u0161njenja. Neki od najve\u0107ih evropskih stru\u010dnjaka za dnevne leptire su ocenili da je znatno bolji od sli\u010dnih izdanja u zemljama sa daleko du\u017eom tradicijom i sa mnogo ve\u0107im brojem poznavalaca. <span style=\"color: #ff0000;\"><strong>Rasprodato.<\/strong><\/span><\/p>\n<h4><a href=\"http:\/\/habiprot.org.rs\/printed\/strizibube-korica_20151126_crop\/\" rel=\"attachment wp-att-418\"><img loading=\"lazy\" class=\"alignleft wp-image-418\" src=\"https:\/\/habiprot.org.rs\/wp-content\/uploads\/2016\/01\/Strizibube-korica_20151126_crop-186x300.jpg\" alt=\"\" width=\"99\" height=\"160\" srcset=\"https:\/\/habiprot.org.rs\/wp-content\/uploads\/2016\/01\/Strizibube-korica_20151126_crop-186x300.jpg 186w, https:\/\/habiprot.org.rs\/wp-content\/uploads\/2016\/01\/Strizibube-korica_20151126_crop-768x1237.jpg 768w, https:\/\/habiprot.org.rs\/wp-content\/uploads\/2016\/01\/Strizibube-korica_20151126_crop-636x1024.jpg 636w, https:\/\/habiprot.org.rs\/wp-content\/uploads\/2016\/01\/Strizibube-korica_20151126_crop-250x403.jpg 250w, https:\/\/habiprot.org.rs\/wp-content\/uploads\/2016\/01\/Strizibube-korica_20151126_crop-550x886.jpg 550w, https:\/\/habiprot.org.rs\/wp-content\/uploads\/2016\/01\/Strizibube-korica_20151126_crop-800x1288.jpg 800w, https:\/\/habiprot.org.rs\/wp-content\/uploads\/2016\/01\/Strizibube-korica_20151126_crop-112x180.jpg 112w, https:\/\/habiprot.org.rs\/wp-content\/uploads\/2016\/01\/Strizibube-korica_20151126_crop-311x500.jpg 311w, https:\/\/habiprot.org.rs\/wp-content\/uploads\/2016\/01\/Strizibube-korica_20151126_crop.jpg 831w\" sizes=\"(max-width: 99px) 100vw, 99px\" \/><\/a>Stri\u017eibube Srbije<\/h4>\n<p>Nakon uspeha priru\u010dnika za raspoznavanje dnevnih leptira pripremili smo sli\u010dnu knjigu o stri\u017eibubama. I ovu odlikuju kvalitetne fotografije i ilustracije i veoma sa\u017eet tekst. Prvenstvena namena je raspoznavanje vrsta na terenu, u \u010demu poma\u017eu i mape na kojima je ozna\u010deno gde je vrsta nala\u017eena i dijagrami o vremenu aktivnosti odraslih primeraka. 249 strana, tvrd povez. \u0160tampane su verzije na srpskom i na engleskom jeziku.<\/p>\n<p>Kako izgledaju tipi\u010dne stranice priru\u010dnika mo\u017eete pogledati&nbsp;<a href=\"https:\/\/habiprot.org.rs\/wp-content\/uploads\/2016\/02\/26_27.pdf\" target=\"_blank\" rel=\"noopener noreferrer\">ovde<\/a>.<\/p>\n<p><a class=\"vce-button--style-basic vce-button--style-basic--border-round vce-button--style-basic--size-medium vce-button--style-basic--color-557cbf--fff\" title=\"\" href=\"http:\/\/habiprot.org.rs\/buy\" data-vce-do-apply=\"padding border background el-134bd5dc\">Cena: 1200 RSD + po\u0161tarina<\/a><\/p>\n<h4><a href=\"http:\/\/habiprot.org.rs\/printed\/korica2\/\" rel=\"attachment wp-att-1271\"><img loading=\"lazy\" class=\"alignleft size-full wp-image-1271\" src=\"https:\/\/habiprot.org.rs\/wp-content\/uploads\/2019\/03\/korica2.png\" alt=\"\" width=\"102\" height=\"162\"><\/a>No\u0107ni leptiri 1<\/h4>\n<p style=\"text-align: left;\">U istom formatu i jednako koncipiran kao prethodni priru\u010dnici, ovaj ima za cilj da predstavi atraktivne porodice no\u0107nih leptira. Obuhvata familije Saturniidae, Sphingidae, Drepanidae, Lasiocampidae, Brahmaeidae, Endromidae i Notontidae.<\/p>\n<p>Poku\u0161ali smo da ovu knjigu \u0161tampamo digitalno s obzirom na mali tira\u017e. To je postalo preskupo tako da knjigu sada nudimo samo u elektronskoj formi (PDF). Uzorak mo\u017eete pogledati <a href=\"https:\/\/habiprot.org.rs\/wp-content\/uploads\/2019\/03\/40-41.pdf\" target=\"_blank\" rel=\"noopener noreferrer\">ovde<\/a>.<\/p>\n<p><a class=\"vce-button--style-basic vce-button--style-basic--border-round vce-button--style-basic--size-medium vce-button--style-basic--color-557cbf--fff\" title=\"\" href=\"http:\/\/habiprot.org.rs\/buy\" data-vce-do-apply=\"padding border background el-134bd5dc\">Cena: 1600 RSD<\/a><\/p>\n<h4><a href=\"http:\/\/habiprot.org.rs\/book-butterflies-stara-planina\/korice_rgb\/\" rel=\"attachment wp-att-296\"><img loading=\"lazy\" class=\"alignleft wp-image-296\" src=\"https:\/\/habiprot.org.rs\/wp-content\/uploads\/2015\/12\/Korice_RGB-211x300.png\" alt=\"\" width=\"113\" height=\"161\" srcset=\"https:\/\/habiprot.org.rs\/wp-content\/uploads\/2015\/12\/Korice_RGB.png 211w, https:\/\/habiprot.org.rs\/wp-content\/uploads\/2015\/12\/Korice_RGB-127x180.png 127w\" sizes=\"(max-width: 113px) 100vw, 113px\" \/><\/a>Dnevni leptiri Stare planine<\/h4>\n<p>Sveobuhvatna studija ovog zapanjuju\u0107eg regiona sa izuzetnim obiljem i raznoliko\u0161\u0107u dnevnih leptira. Neverovatnih 166 vrsta u veoma malom podru\u010dju! Odli\u010dne fotografije i mapa za svaku vrstu da poka\u017ee gde se taj leptir mo\u017ee na\u0107i. Knjiga je dvojezi\u010dna: na srpskom i engleskom. Na\u017ealost, i za ovu knjigu je digitalno \u0161tampanje preskupo, pa mo\u017eete nabaviti samo elektronsku verziju <span style=\"font-size: 14px;\">(PDF).<\/span><\/p>\n<p>Tipi\u010dne stranice mo\u017eete pogledati&nbsp;<a href=\"https:\/\/habiprot.org.rs\/wp-content\/uploads\/2018\/11\/28_29.pdf\" target=\"_blank\" rel=\"noopener noreferrer\">ovde<\/a>.<\/p>\n<p><a class=\"vce-button--style-basic vce-button--style-basic--border-round vce-button--style-basic--size-medium vce-button--style-basic--color-557cbf--fff\" title=\"\" href=\"http:\/\/habiprot.org.rs\/buy\" data-vce-do-apply=\"padding border background el-134bd5dc\">Cena: 3500 RSD<\/a><\/p>\n<h4><a href=\"http:\/\/habiprot.org.rs\/printed\/koricansp2\/\" rel=\"attachment wp-att-1274\"><img loading=\"lazy\" class=\"alignleft size-full wp-image-1274\" src=\"https:\/\/habiprot.org.rs\/wp-content\/uploads\/2019\/03\/KoricaNSP2.png\" alt=\"\" width=\"115\" height=\"162\"><\/a>No\u0107ni leptiri Stare planine<\/h4>\n<p>Prvi put je neko sistematski obradio i fotografijama i tekstovima predstavio no\u0107ne leptire jednog regiona u Srbiji. Ova knjiga dokazuje da je Stara Planina bogata i no\u0107nim, kao i dnevnim leptirima. Odli\u010dnim fotografijama su predstavljene mnoge vrste. Knjiga je dvojezi\u010dna: na srpskom i engleskom. Dostupna je samo elektronska verzije (PDF).<\/p>\n<p>Tipi\u010dne stranice mo\u017eete pogledati <a style=\"font-size: 14px;\" href=\"https:\/\/habiprot.org.rs\/wp-content\/uploads\/2019\/03\/94_95.pdf\" target=\"_blank\" rel=\"noopener noreferrer\">ovde<\/a><span style=\"font-size: 14px;\">.<\/span><\/p>\n<p><a class=\"vce-button--style-basic vce-button--style-basic--border-round vce-button--style-basic--size-medium vce-button--style-basic--color-557cbf--fff\" title=\"\" href=\"http:\/\/habiprot.org.rs\/buy\" data-vce-do-apply=\"padding border background el-134bd5dc\">Cena: 2500 RSD<\/a><\/p>\n<h4><a href=\"http:\/\/habiprot.org.rs\/printed\/dl_vlasina_korice_6a\/\" rel=\"attachment wp-att-1377\"><img loading=\"lazy\" class=\"alignleft size-full wp-image-1377\" src=\"https:\/\/habiprot.org.rs\/wp-content\/uploads\/2019\/07\/DL_Vlasina_korice_6a.png\" alt=\"\" width=\"116\" height=\"170\"><\/a>Dnevni leptiri Vlasine<\/h4>\n<p style=\"text-align: left;\">Dugogodi\u0161nja istra\u017eivanja ovog zanimljivog kraja su dovela do spiska od 116 vrsta, mada su sve razmatrane lokacije na nadmorskoj visini ve\u0107oj od 1000 m. Posebna pa\u017enja je posve\u0107ena Kavkaskom \u017euta\u0107u (<em>Colias caucasica<\/em>) jer se pokazalo da je Vlasina ta\u010dka sa najbrojnijom populacijom ovog atraktivnog leptira.<\/p>\n<p>Uzorak se mo\u017ee videti <a href=\"https:\/\/habiprot.org.rs\/wp-content\/uploads\/2019\/07\/p74.png\" target=\"_blank\" rel=\"noopener noreferrer\">ovde<\/a>.<\/p>\n<p><span style=\"color: #ff0000;\"><strong>Rasprodato, nova knjiga u pripremi<\/strong><\/span><\/p>\n<p>&nbsp;<\/p>\n<h4><a href=\"http:\/\/habiprot.org.rs\/printed\/attachment\/2\/\" rel=\"attachment wp-att-127\"><img loading=\"lazy\" class=\"alignleft size-full wp-image-127\" src=\"https:\/\/habiprot.org.rs\/wp-content\/uploads\/2016\/01\/2.jpg\" alt=\"\" width=\"117\" height=\"162\"><\/a>Odabrana podru\u010dja za dnevne leptire u Srbiji<\/h4>\n<p>Detaljan pregled onih podru\u010dja u na\u0161oj zemlji koja se odlikuju najbolje o\u010duvanom prirodom. U odabiru tih podru\u010dja kori\u0161\u0107en je izvestan broj \u201eciljnih\u201c vrsta dnevnih leptira da bi se utvrdilo gde je diverzitet najve\u0107i. Bogato ilustrovana fotografijama i prikladnim mapama, knjiga sadr\u017ei i CD sa dodatnim informacijama. Cela knjiga je dvojezi\u010dna: na srpskom i engleskom.<\/p>\n<p><a class=\"vce-button--style-basic vce-button--style-basic--border-round vce-button--style-basic--size-medium vce-button--style-basic--color-557cbf--fff\" title=\"\" href=\"http:\/\/habiprot.org.rs\/buy\" data-vce-do-apply=\"padding border background el-134bd5dc\">Cena: 1900 RSD + po\u0161tarina<\/a><\/p>\n<p><span style=\"color: #555555; font-family: Ubuntu, sans-serif; font-size: 22px;\"><a href=\"http:\/\/habiprot.org.rs\/printed\/p14802262\/\" rel=\"attachment wp-att-128\"><img loading=\"lazy\" class=\"alignleft size-full wp-image-128\" src=\"https:\/\/habiprot.org.rs\/wp-content\/uploads\/2016\/01\/P14802262.jpg\" alt=\"\" width=\"112\" height=\"156\"><\/a>Stri\u017eibube Srbije<\/span><\/p>\n<p>Autorsko izdanje Dr Nastasa Ili\u0107a, odli\u010dnog poznavaoca ovih divnih a ipak \u010desto previ\u0111anih stvorenja. Veliki ulo\u017eeni trud daje prvi sistematizovani pregled stri\u017eibuba u kome su kori\u0161\u0107eni svi dostupni literaturni podaci ali i mnogobrojni nalazi samog autora.<br>Prodat je i poslednji primerak od\u0161tampanog tira\u017ea. Preporu\u010dujemo vam novu knjigu, sadr\u017eajniju od prethodne. <span style=\"color: #ff0000;\"><strong>Rasprodato.<\/strong><\/span><\/p><\/div><\/div><\/div><\/div><\/div><\/div><\/div><\/div><div class=\"vce-row-container\" data-vce-boxed-width=\"true\"><div class=\"vce-row vce-row--col-gap-30 vce-row-equal-height vce-row-content--top\" id=\"el-f0ceeb87\" data-vce-do-apply=\"all el-f0ceeb87\"><div class=\"vce-row-content\" data-vce-element-content=\"true\"><div class=\"vce-col vce-col--md-66-66p vce-col--xs-1 vce-col--xs-last vce-col--xs-first vce-col--sm-last vce-col--sm-first vce-col--md-first vce-col--lg-first vce-col--xl-first\" id=\"el-2eeccfc7\"><div class=\"vce-col-inner\" data-vce-do-apply=\"border margin background  el-2eeccfc7\"><div class=\"vce-col-content\" data-vce-element-content=\"true\" data-vce-do-apply=\"padding el-2eeccfc7\"><div><\/div><\/div><\/div><\/div><div class=\"vce-col vce-col--md-33-34p vce-col--xs-1 vce-col--xs-last vce-col--xs-first vce-col--sm-last vce-col--sm-first vce-col--md-last vce-col--lg-last vce-col--xl-last\" id=\"el-63894e93\"><div class=\"vce-col-inner\" data-vce-do-apply=\"border margin background  el-63894e93\"><div class=\"vce-col-content\" data-vce-element-content=\"true\" data-vce-do-apply=\"padding el-63894e93\"><div><\/div><\/div><\/div><\/div><\/div><\/div><\/div>","protected":false},"excerpt":{"rendered":"<p>Dnevni leptiri Srbije II Petnaest godina kasnije smo uspeli da spremimo zamenu za rasprodat priru\u010dnik o dnevnim leptirima Srbije. Imali smo mnogo vi\u0161e podataka, bolje fotografije, novootkrivene vrste i vi\u0161e iskustva tako da je ova knjiga znatno sadr\u017eajnija od prve.&hellip; <\/p>\n","protected":false},"author":4,"featured_media":0,"parent":0,"menu_order":0,"comment_status":"closed","ping_status":"closed","template":"","meta":[],"yoast_head":"<!-- This site is optimized with the Yoast SEO plugin v15.4 - https:\/\/yoast.com\/wordpress\/plugins\/seo\/ -->\n<title>\u0160tampana izdanja - HabiProt<\/title>\n<meta name=\"robots\" content=\"index, follow, max-snippet:-1, max-image-preview:large, max-video-preview:-1\" \/>\n<link rel=\"canonical\" href=\"https:\/\/habiprot.org.rs\/printed\/\" \/>\n<meta property=\"og:locale\" content=\"en_US\" \/>\n<meta property=\"og:type\" content=\"article\" \/>\n<meta property=\"og:title\" content=\"[:rl]\u0160tampana izdanja[:sr]\u0428\u0442\u0430\u043c\u043f\u0430\u043d\u0430 \u0438\u0437\u0434\u0430\u045a\u0430[:en]Printed publications[:] - HabiProt\" \/>\n<meta property=\"og:description\" content=\"Dnevni leptiri Srbije II Petnaest godina kasnije smo uspeli da spremimo zamenu za rasprodat priru\u010dnik o dnevnim leptirima Srbije. Imali smo mnogo vi\u0161e podataka, bolje fotografije, novootkrivene vrste i vi\u0161e iskustva tako da je ova knjiga znatno sadr\u017eajnija od prve.&hellip;\" \/>\n<meta property=\"og:url\" content=\"https:\/\/habiprot.org.rs\/printed\/\" \/>\n<meta property=\"og:site_name\" content=\"HabiProt\" \/>\n<meta property=\"article:modified_time\" content=\"2026-03-17T19:04:39+00:00\" \/>\n<meta property=\"og:image\" content=\"http:\/\/|!|vcvUploadUrl|!|\/2026\/03\/korice-za-sajt.jpg\" \/>\n<meta name=\"twitter:card\" content=\"summary\" \/>\n<meta name=\"twitter:label1\" content=\"Written by\">\n\t<meta name=\"twitter:data1\" content=\"\u041c\u0438\u043b\u0430\u043d \u0402\u0443\u0440\u0438\u045b\">\n\t<meta name=\"twitter:label2\" content=\"Est. reading time\">\n\t<meta name=\"twitter:data2\" content=\"5 minutes\">\n<script type=\"application\/ld+json\" class=\"yoast-schema-graph\">{\"@context\":\"https:\/\/schema.org\",\"@graph\":[{\"@type\":\"WebSite\",\"@id\":\"https:\/\/habiprot.org.rs\/#website\",\"url\":\"https:\/\/habiprot.org.rs\/\",\"name\":\"HabiProt\",\"description\":\"Udru\\u017eenje za odr\\u017eivi razvoj i o\\u010duvanje prirodnih stani\\u0161ta Srbije\",\"potentialAction\":[{\"@type\":\"SearchAction\",\"target\":\"https:\/\/habiprot.org.rs\/?s={search_term_string}\",\"query-input\":\"required name=search_term_string\"}],\"inLanguage\":\"sr-CZ\"},{\"@type\":\"ImageObject\",\"@id\":\"https:\/\/habiprot.org.rs\/printed\/#primaryimage\",\"inLanguage\":\"sr-CZ\",\"url\":\"|!|vcvUploadUrl|!|\/2026\/03\/korice-za-sajt.jpg\"},{\"@type\":\"WebPage\",\"@id\":\"https:\/\/habiprot.org.rs\/printed\/#webpage\",\"url\":\"https:\/\/habiprot.org.rs\/printed\/\",\"name\":\"[:rl]\\u0160tampana izdanja[:sr]\\u0428\\u0442\\u0430\\u043c\\u043f\\u0430\\u043d\\u0430 \\u0438\\u0437\\u0434\\u0430\\u045a\\u0430[:en]Printed publications[:] - HabiProt\",\"isPartOf\":{\"@id\":\"https:\/\/habiprot.org.rs\/#website\"},\"primaryImageOfPage\":{\"@id\":\"https:\/\/habiprot.org.rs\/printed\/#primaryimage\"},\"datePublished\":\"2016-01-30T09:01:23+00:00\",\"dateModified\":\"2026-03-17T19:04:39+00:00\",\"inLanguage\":\"sr-CZ\",\"potentialAction\":[{\"@type\":\"ReadAction\",\"target\":[\"https:\/\/habiprot.org.rs\/printed\/\"]}]}]}<\/script>\n<!-- \/ Yoast SEO plugin. -->","_links":{"self":[{"href":"https:\/\/habiprot.org.rs\/rl\/wp-json\/wp\/v2\/pages\/81"}],"collection":[{"href":"https:\/\/habiprot.org.rs\/rl\/wp-json\/wp\/v2\/pages"}],"about":[{"href":"https:\/\/habiprot.org.rs\/rl\/wp-json\/wp\/v2\/types\/page"}],"author":[{"embeddable":true,"href":"https:\/\/habiprot.org.rs\/rl\/wp-json\/wp\/v2\/users\/4"}],"replies":[{"embeddable":true,"href":"https:\/\/habiprot.org.rs\/rl\/wp-json\/wp\/v2\/comments?post=81"}],"version-history":[{"count":454,"href":"https:\/\/habiprot.org.rs\/rl\/wp-json\/wp\/v2\/pages\/81\/revisions"}],"predecessor-version":[{"id":3516,"href":"https:\/\/habiprot.org.rs\/rl\/wp-json\/wp\/v2\/pages\/81\/revisions\/3516"}],"wp:attachment":[{"href":"https:\/\/habiprot.org.rs\/rl\/wp-json\/wp\/v2\/media?parent=81"}],"curies":[{"name":"wp","href":"https:\/\/api.w.org\/{rel}","templated":true}]}}