{"id":83,"date":"2016-01-30T10:02:55","date_gmt":"2016-01-30T09:02:55","guid":{"rendered":"http:\/\/habiprot.org.rs\/?page_id=83"},"modified":"2020-12-06T16:02:38","modified_gmt":"2020-12-06T15:02:38","slug":"e-books","status":"publish","type":"page","link":"https:\/\/habiprot.org.rs\/rl\/e-books\/","title":{"rendered":"E-knjige"},"content":{"rendered":"<p><\/p>\n<h2 class=\"style11\"><a href=\"http:\/\/habiprot.org.rs\/printed\/attachment\/1\/\" rel=\"attachment wp-att-126\"><img loading=\"lazy\" class=\"alignleft size-full wp-image-126\" src=\"http:\/\/habiprot.org.rs\/wp-content\/uploads\/2016\/01\/1.png\" alt=\"\" width=\"101\" height=\"162\" \/><\/a>Priru\u010dnik &#8216;Dnevni leptiri Srbije&#8217;<\/h2>\n<p>\u0160tampana verzija ove knjige je ve\u0107 u rukama preko 800 korisnika. Pripremili smo i elektronsku verziju sa mogu\u0107nostima za lako nala\u017eenje sadr\u017eaja. Pored e-knjige na srpskom dostupne su i verzije na engleskom i holandskom.<\/p>\n<p>Primer kako izgleda elektronski priru\u010dnik mo\u017eete pogledati <a href=\"http:\/\/habiprot.org.rs\/wp-content\/uploads\/2018\/11\/138_9.pdf\" target=\"_blank\" rel=\"noopener noreferrer\">ovde<\/a>.<\/p>\n<div class=\"vce-button--style-basic-container vce-button--style-basic-container--align-left\" style=\"padding-left: 120px;\"><span id=\"el-e727e050\" class=\"vce-button--style-basic-wrapper vce\" data-vce-do-apply=\"margin el-e727e050\"><a class=\"vce-button--style-basic vce-button--style-basic--border-round vce-button--style-basic--size-medium vce-button--style-basic--color-b-5-106-57--fff\" title=\"\" href=\"http:\/\/habiprot.org.rs\/buy\" data-vce-do-apply=\"padding border background el-e727e050\">Cena: 1000 RSD<\/a><\/span><\/div>\n<p><\/p>","protected":false},"excerpt":{"rendered":"<p>Priru\u010dnik &#8216;Dnevni leptiri Srbije&#8217; \u0160tampana verzija ove knjige je ve\u0107 u rukama preko 800 korisnika. Pripremili smo i elektronsku verziju sa mogu\u0107nostima za lako nala\u017eenje sadr\u017eaja. Pored e-knjige na srpskom dostupne su i verzije na engleskom i holandskom. Primer kako&hellip; <\/p>\n","protected":false},"author":4,"featured_media":0,"parent":0,"menu_order":0,"comment_status":"closed","ping_status":"closed","template":"","meta":[],"yoast_head":"<!-- This site is optimized with the Yoast SEO plugin v15.4 - https:\/\/yoast.com\/wordpress\/plugins\/seo\/ -->\n<title>E-knjige - HabiProt<\/title>\n<meta name=\"robots\" content=\"index, follow, max-snippet:-1, max-image-preview:large, max-video-preview:-1\" \/>\n<link rel=\"canonical\" href=\"https:\/\/habiprot.org.rs\/e-books\/\" \/>\n<meta property=\"og:locale\" content=\"en_US\" \/>\n<meta property=\"og:type\" content=\"article\" \/>\n<meta property=\"og:title\" content=\"[:sr]\u0415-\u043a\u045a\u0438\u0433\u0435[:rl]E-knjige[:en]E-books[:] - HabiProt\" \/>\n<meta property=\"og:description\" content=\"Priru\u010dnik &#8216;Dnevni leptiri Srbije&#8217; \u0160tampana verzija ove knjige je ve\u0107 u rukama preko 800 korisnika. Pripremili smo i elektronsku verziju sa mogu\u0107nostima za lako nala\u017eenje sadr\u017eaja. Pored e-knjige na srpskom dostupne su i verzije na engleskom i holandskom. Primer kako&hellip;\" \/>\n<meta property=\"og:url\" content=\"https:\/\/habiprot.org.rs\/e-books\/\" \/>\n<meta property=\"og:site_name\" content=\"HabiProt\" \/>\n<meta property=\"article:modified_time\" content=\"2020-12-06T15:02:38+00:00\" \/>\n<meta property=\"og:image\" content=\"http:\/\/habiprot.org.rs\/wp-content\/uploads\/2016\/01\/1.png\" \/>\n<meta name=\"twitter:card\" content=\"summary\" \/>\n<meta name=\"twitter:label1\" content=\"Written by\">\n\t<meta name=\"twitter:data1\" content=\"\u041c\u0438\u043b\u0430\u043d \u0402\u0443\u0440\u0438\u045b\">\n\t<meta name=\"twitter:label2\" content=\"Est. reading time\">\n\t<meta name=\"twitter:data2\" content=\"0 minutes\">\n<script type=\"application\/ld+json\" class=\"yoast-schema-graph\">{\"@context\":\"https:\/\/schema.org\",\"@graph\":[{\"@type\":\"WebSite\",\"@id\":\"https:\/\/habiprot.org.rs\/#website\",\"url\":\"https:\/\/habiprot.org.rs\/\",\"name\":\"HabiProt\",\"description\":\"Udru\\u017eenje za odr\\u017eivi razvoj i o\\u010duvanje prirodnih stani\\u0161ta Srbije\",\"potentialAction\":[{\"@type\":\"SearchAction\",\"target\":\"https:\/\/habiprot.org.rs\/?s={search_term_string}\",\"query-input\":\"required name=search_term_string\"}],\"inLanguage\":\"sr-CZ\"},{\"@type\":\"ImageObject\",\"@id\":\"https:\/\/habiprot.org.rs\/e-books\/#primaryimage\",\"inLanguage\":\"sr-CZ\",\"url\":\"http:\/\/habiprot.org.rs\/wp-content\/uploads\/2016\/01\/1.png\"},{\"@type\":\"WebPage\",\"@id\":\"https:\/\/habiprot.org.rs\/e-books\/#webpage\",\"url\":\"https:\/\/habiprot.org.rs\/e-books\/\",\"name\":\"[:sr]\\u0415-\\u043a\\u045a\\u0438\\u0433\\u0435[:rl]E-knjige[:en]E-books[:] - HabiProt\",\"isPartOf\":{\"@id\":\"https:\/\/habiprot.org.rs\/#website\"},\"primaryImageOfPage\":{\"@id\":\"https:\/\/habiprot.org.rs\/e-books\/#primaryimage\"},\"datePublished\":\"2016-01-30T09:02:55+00:00\",\"dateModified\":\"2020-12-06T15:02:38+00:00\",\"inLanguage\":\"sr-CZ\",\"potentialAction\":[{\"@type\":\"ReadAction\",\"target\":[\"https:\/\/habiprot.org.rs\/e-books\/\"]}]}]}<\/script>\n<!-- \/ Yoast SEO plugin. -->","_links":{"self":[{"href":"https:\/\/habiprot.org.rs\/rl\/wp-json\/wp\/v2\/pages\/83"}],"collection":[{"href":"https:\/\/habiprot.org.rs\/rl\/wp-json\/wp\/v2\/pages"}],"about":[{"href":"https:\/\/habiprot.org.rs\/rl\/wp-json\/wp\/v2\/types\/page"}],"author":[{"embeddable":true,"href":"https:\/\/habiprot.org.rs\/rl\/wp-json\/wp\/v2\/users\/4"}],"replies":[{"embeddable":true,"href":"https:\/\/habiprot.org.rs\/rl\/wp-json\/wp\/v2\/comments?post=83"}],"version-history":[{"count":74,"href":"https:\/\/habiprot.org.rs\/rl\/wp-json\/wp\/v2\/pages\/83\/revisions"}],"predecessor-version":[{"id":2357,"href":"https:\/\/habiprot.org.rs\/rl\/wp-json\/wp\/v2\/pages\/83\/revisions\/2357"}],"wp:attachment":[{"href":"https:\/\/habiprot.org.rs\/rl\/wp-json\/wp\/v2\/media?parent=83"}],"curies":[{"name":"wp","href":"https:\/\/api.w.org\/{rel}","templated":true}]}}